{"id":1000,"date":"2019-07-29T13:43:15","date_gmt":"2019-07-29T11:43:15","guid":{"rendered":"http:\/\/unmz-wp.e-bs.cz\/?page_id=1000"},"modified":"2026-02-06T12:42:45","modified_gmt":"2026-02-06T11:42:45","slug":"assessment-of-accredited-calibration-laboratories","status":"publish","type":"page","link":"https:\/\/unmz.gov.cz\/en\/metrologie\/rozvoj-v-metrologii\/program-rozvoje-metrologie\/vybrane-vystupy-z-programu-rozvoje-metrologie\/posuzovani-akreditovanych-kalibracnich-laboratori\/","title":{"rendered":"Assessment of accredited calibration laboratories"},"content":{"rendered":"<p class=\"podtitul\">PRM tasks solved by the Czech Institute for Accreditation<\/p>\n<p>Outputs from the tasks of the Metrology Development Programme\u00a0<strong>Czech Institute for Accreditation<\/strong>:<\/p>\n<ul>\n<li>Task No. VII\/5\/09 Preparation of documents for continuous unification of assessment of accredited pressure calibration laboratories -\u00a0<a href=\"https:\/\/unmz.gov.cz\/en\/files\/metrology-2\/v%c3%bdstupy+z+prm\/prm_vii_5_09_+zav_op.pdf\/\" target=\"_blank\" rel=\"noopener noreferrer\">final report<\/a>\u00a0(PDF 216 kB)<\/li>\n<li>Task No. VII\/5\/10 Preparation of documents for continuous unification of procedures of accredited calibration laboratories in the field of temperature -\u00a0<a href=\"https:\/\/unmz.gov.cz\/en\/files\/metrology-2\/v%c3%bdstupy+z+prm\/prm_vii_5_10_+zav_op.pdf\/\" target=\"_blank\" rel=\"noopener noreferrer\">final report<\/a>\u00a0(PDF 378 kB)<\/li>\n<li>Task No. VII\/5\/11 Preparation of documents for continuous unification of procedures of accredited calibration laboratories in the field of electrical quantities -\u00a0<a href=\"https:\/\/unmz.gov.cz\/en\/files\/metrology-2\/v%c3%bdstupy+z+prm\/prm_vii_5_11_+zav_op.pdf\/\" target=\"_blank\" rel=\"noopener noreferrer\">final report<\/a>\u00a0(PDF 564 kB)<\/li>\n<li>Task No. VII\/4\/12 Preparation of documents for continuous unification of procedures of accredited calibration laboratories in the field of geometric quantities -\u00a0<a href=\"https:\/\/unmz.gov.cz\/en\/files\/metrology-2\/v%c3%bdstupy+z+prm\/zavzpr+vii-4-12.pdf\/\" target=\"_blank\" rel=\"noopener noreferrer\">final report<\/a>\u00a0(PDF 1 393 kB),\u00a0<a href=\"https:\/\/unmz.gov.cz\/en\/files\/metrology-2\/v%c3%bdstupy+z+prm\/prm+2012-pril1.pdf\/\" target=\"_blank\" rel=\"noopener noreferrer\">Annex 1<\/a>\u00a0(PDF 138 kB),\u00a0<a href=\"https:\/\/unmz.gov.cz\/en\/files\/metrology-2\/v%c3%bdstupy+z+prm\/zavzpr+vii-4-12-2pril-poa.pdf\/\" target=\"_blank\" rel=\"noopener noreferrer\">Annex 2<\/a>\u00a0(PDF 518 kB),\u00a0<a href=\"https:\/\/unmz.gov.cz\/en\/files\/metrology-2\/v%c3%bdstupy+z+prm\/zavzpr+vii-4-12-3pril-navrhpoa.pdf\/\" target=\"_blank\" rel=\"noopener noreferrer\">Annex 3<\/a>\u00a0(PDF 111 kB),\u00a0<a href=\"https:\/\/unmz.gov.cz\/en\/files\/metrology-2\/v%c3%bdstupy+z+prm\/zavzpr+vii-4-12-4pril-merky.pdf\/\" target=\"_blank\" rel=\"noopener noreferrer\">Annex 4<\/a>\u00a0(PDF 393 kB),\u00a0<a href=\"https:\/\/unmz.gov.cz\/en\/files\/metrology-2\/v%c3%bdstupy+z+prm\/zavzpr+vii-4-12-5pril-posuvky.pdf\/\" target=\"_blank\" rel=\"noopener noreferrer\">Annex 5<\/a>\u00a0(PDF 461 kB),\u00a0<a href=\"https:\/\/unmz.gov.cz\/en\/files\/metrology-2\/v%c3%bdstupy+z+prm\/zavzpr+vii-4-12-6pril-carkova.pdf\/\" target=\"_blank\" rel=\"noopener noreferrer\">Annex 6<\/a>\u00a0(PDF 219 kB),\u00a0<a href=\"https:\/\/unmz.gov.cz\/en\/files\/metrology-2\/v%c3%bdstupy+z+prm\/zavzpr+vii-4-12-7pril-uhly.pdf\/\" target=\"_blank\" rel=\"noopener noreferrer\">Annex 7<\/a>\u00a0(PDF 164 kB),\u00a0<a href=\"https:\/\/unmz.gov.cz\/en\/files\/metrology-2\/v%c3%bdstupy+z+prm\/zavzpr+vii-4-12-8pril-literatura.pdf\/\" target=\"_blank\" rel=\"noopener noreferrer\">Annex 8<\/a>\u00a0(PDF 274 kB)<\/li>\n<li>Task No. VII\/5\/12 Preparation of documents for continuous unification of procedures of accredited calibration laboratories in the field of electrical quantities -\u00a0<a href=\"https:\/\/unmz.gov.cz\/en\/files\/metrology-2\/v%c3%bdstupy+z+prm\/zav-zprava-vii512.pdf\/\" target=\"_blank\" rel=\"noopener noreferrer\">final report<\/a>\u00a0(PDF 706 kB)<\/li>\n<li>Task No. VII\/4\/13 Optimisation of the use of MPZ in accredited calibration laboratories -\u00a0<a href=\"https:\/\/unmz.gov.cz\/en\/files\/metrology-2\/v%c3%bdstupy+z+prm\/zz-vii-4-13-mpz-cia.pdf\/\" target=\"_blank\" rel=\"noopener noreferrer\">final report<\/a>\u00a0(PDF 662 kB),\u00a0<a href=\"https:\/\/unmz.gov.cz\/en\/files\/metrology-2\/v%c3%bdstupy+z+prm\/vii-4-13-mpa-cia.pdf\/\" target=\"_blank\" rel=\"noopener noreferrer\">MPA change sheet<\/a>\u00a0(PDF 75 kB)<\/li>\n<li>Task No. VII\/5\/13 Introduction of the service \"Accreditation of reference material producers\" into the accreditation system of the Czech Republic -\u00a0<a href=\"https:\/\/unmz.gov.cz\/en\/files\/metrology-2\/v%c3%bdstupy+z+prm\/prm-7-5-13-zz-cia.pdf\/\" target=\"_blank\" rel=\"noopener noreferrer\">final report<\/a>(PDF 132 kB),\u00a0<a href=\"https:\/\/unmz.gov.cz\/en\/files\/metrology-2\/v%c3%bdstupy+z+prm\/prm-7-5-13-pril2-metodika.pdf\/\" target=\"_blank\" rel=\"noopener noreferrer\">Annex 2 - Methodology<\/a>\u00a0(PDF 375 kB),\u00a0<a href=\"https:\/\/unmz.gov.cz\/en\/files\/metrology-2\/v%c3%bdstupy+z+prm\/prm-7-5-13-navod1v.pdf\/\" target=\"_blank\" rel=\"noopener noreferrer\">Instruction one<\/a>\u00a0(PDF 36 kB),\u00a0<a href=\"https:\/\/unmz.gov.cz\/en\/files\/metrology-2\/v%c3%bdstupy+z+prm\/prm-7-5-13-navod2v.pdf\/\" target=\"_blank\" rel=\"noopener noreferrer\">Instruction 2<\/a>\u00a0(PDF 24 kB)<\/li>\n<li>Task No. VII\/5\/14 Preparation and use of \"in-house\" reference materials for quality control in laboratories -\u00a0<a href=\"https:\/\/unmz.gov.cz\/en\/files\/metrology-2\/v%c3%bdstupy+z+prm\/zz-%c4%8cia-vii-5-14.pdf\/\" target=\"_blank\" rel=\"noopener noreferrer\">final report<\/a>\u00a0(PDF 401 kB), note - the actual translation of ISO Guide 80 will be published as TNI (2015)<\/li>\n<li>Task No. VII\/4\/14 Optimisation of the use of interlaboratory comparisons and proficiency testing in accredited calibration laboratories (ACLs) -\u00a0<a href=\"https:\/\/unmz.gov.cz\/en\/files\/metrology-2\/v%c3%bdstupy+z+prm\/zavzpr+10-3-15.pdf\/\" target=\"_blank\" rel=\"noopener noreferrer\">final report<\/a>\u00a0(PDF 580 kB)<\/li>\n<li>Task VII\/5\/15 Good practice in the use of reference materials and related terms and definitions -\u00a0<a href=\"https:\/\/unmz.gov.cz\/en\/files\/metrology-2\/v%c3%bdstupy+z+prm\/zavzpr-%c4%8cia-2015.pdf\/\" target=\"_blank\" rel=\"noopener noreferrer\">final report<\/a>\u00a0(PDF 163 kB), note: the actual translations of ISO Guide 33 and 30 will be published as TNI (2016)<\/li>\n<li>Task No. VII\/5\/16 Reference materials: guide for the characterisation and assessment of homogeneity and stability of materials, translation\u00a0<a href=\"https:\/\/unmz.gov.cz\/en\/files\/metrology-2\/v%c3%bdstupy+z+prm\/zz-%c4%8cia-iso+guide+35+preklad.pdf\/\" target=\"_blank\" rel=\"noopener noreferrer\">ISO Guide 35<\/a>\u00a0(PDF 2 926 kB)<\/li>\n<li>Task No. VII\/5\/17 Basis for continuous unification of CMC calculation in accredited laboratories in the field of temperature -\u00a0<a href=\"https:\/\/unmz.gov.cz\/en\/files\/metrology-2\/v%c3%bdstupy+z+prm\/cmc-teplota.pdf\/\" target=\"_blank\" rel=\"noopener noreferrer\">final report<\/a>\u00a0(PDF 2 367 kB),\u00a0<a href=\"https:\/\/unmz.gov.cz\/en\/files\/metrology-2\/v%c3%bdstupy+z+prm\/priloha-cmc-vii-5-17.pdf\/\" target=\"_blank\" rel=\"noopener noreferrer\">Annex<\/a>\u00a0(PDF 37 kB)<\/li>\n<li>Task VII\/4\/18 Basis for continuous unification of CMC calculation in accredited laboratories in the field of volume -\u00a0<a href=\"https:\/\/unmz.gov.cz\/en\/files\/metrology-2\/v%c3%bdstupy+z+prm\/cia-vii-4-18-web.pdf\/\" target=\"_blank\" rel=\"noopener noreferrer\">final report<\/a>(PDF 588 kB)<\/li>\n<li>Task VII\/5\/18 Basis for continuous unification of CMC calculation in accredited laboratories in the field of pressure -\u00a0<a href=\"https:\/\/unmz.gov.cz\/en\/files\/metrology-2\/v%c3%bdstupy+z+prm\/cia-vii-5-18-web.pdf\/\" target=\"_blank\" rel=\"noopener noreferrer\">final report<\/a>(PDF 974 kB)<\/li>\n<li>Task VII\/5\/19 Basis for continuous unification of CMC calculation in accredited laboratories in the field of length - <a href=\"https:\/\/www.unmz.gov.cz\/wp-content\/uploads\/cmc-delka-cia-2019-1.pdf\">final report<\/a> (PDF 1,57 MB)<\/li>\n<li>task VII\/5\/20 Principles of calibration in the field of basic electrical quantities - <a href=\"https:\/\/www.unmz.gov.cz\/wp-content\/uploads\/principy-elektro-cia-2020-1.pdf\">final report<\/a> (PDF 1MB) with <a href=\"https:\/\/www.unmz.gov.cz\/wp-content\/uploads\/priloha-principy-elektro-cia-2020-1.pdf\">attachment<\/a> (PDF 291 kB)<\/li>\n<li>task VII\/5\/21 Principles of calibration in the field of pressure - <a href=\"https:\/\/www.unmz.gov.cz\/wp-content\/uploads\/principy-tlak-cia-2021-1.pdf\">final report<\/a> (PDF 1,488 MB)<\/li>\n<li>Task VII\/5\/22 Principles of calibration in length and angle - <a href=\"https:\/\/www.unmz.gov.cz\/wp-content\/uploads\/principy-delka-uhel-priloha-cia-2022-2.pdf\">final report<\/a> (PDF 521 kB) with <a href=\"https:\/\/www.unmz.gov.cz\/wp-content\/uploads\/principy-delka-uhel-priloha-cia-2022-1.pdf\">attachment<\/a> (PDF 294 kB)<\/li>\n<li>VII\/5\/23 Unification of uncertainty calculation and calibration principles at POA accredited calibration laboratories in the field of mass - <a href=\"https:\/\/www.unmz.gov.cz\/wp-content\/uploads\/PRM-VII_5_23-zaverecna-cia.pdf\">final report<\/a> (PDF 787 kB)<\/li>\n<li>VII\/5\/24 Aspects of calibration of humidity meters and their interpretation as an annex to the accreditation certificate - <a href=\"https:\/\/unmz.gov.cz\/wp-content\/uploads\/prm-vii-5-24-zaverecna.pdf\">final report<\/a> (PDF 3,9 MB)<\/li>\n<li>VII\/5\/25 Principles of calibration and other aspects of calibration in the fields of mechanical motion, vibration and acoustics - <a href=\"https:\/\/unmz.gov.cz\/wp-content\/uploads\/prm-vii-5-25-zprava-web.pdf\">final report<\/a> (PDF 419 kB) with <a href=\"https:\/\/unmz.gov.cz\/wp-content\/uploads\/prm-vii_5_25-priloha1.pdf\">Annex 1<\/a> (PDF 750 kB) and <a href=\"https:\/\/unmz.gov.cz\/wp-content\/uploads\/prm-vii_5_25-priloha2.pdf\">Annex 2<\/a> (PDF 5,7 MB)<\/li>\n<\/ul>","protected":false},"excerpt":{"rendered":"<p>\u00dakoly PRM \u0159e\u0161en\u00e9 \u010cesk\u00fdm institutem pro akreditaci V\u00fdstupy z\u00a0\u0159e\u0161en\u00ed \u00fakol\u016f Programu rozvoje metrologie \u0159e\u0161en\u00e9\u00a0\u010cesk\u00fdm institutem pro akreditaci: \u00fakol \u010d. VII\/5\/09 Zpracov\u00e1n\u00ed podklad\u016f pro pr\u016fb\u011b\u017en\u00e9 sjednocov\u00e1n\u00ed posuzov\u00e1n\u00ed akreditovan\u00fdch kalibra\u010dn\u00edch laborato\u0159\u00ed tlaku -\u00a0z\u00e1v\u011bre\u010dn\u00e1 zpr\u00e1va\u00a0(PDF 216 kB) \u00fakol \u010d. VII\/5\/10 Zpracov\u00e1n\u00ed podklad\u016f pro pr\u016fb\u011b\u017en\u00e9 sjednocov\u00e1n\u00ed postup\u016f akreditovan\u00fdch kalibra\u010dn\u00edch laborato\u0159\u00ed v obory teploty -\u00a0z\u00e1v\u011bre\u010dn\u00e1 zpr\u00e1va\u00a0(PDF 378\u00a0kB) \u00fakol \u010d. VII\/5\/11 [&hellip;]<\/p>\n","protected":false},"author":5,"featured_media":0,"parent":980,"menu_order":0,"comment_status":"closed","ping_status":"closed","template":"","meta":{"_acf_changed":false,"_seopress_robots_primary_cat":"","_seopress_titles_title":"","_seopress_titles_desc":"","_seopress_robots_index":"","_lmt_disableupdate":"no","_lmt_disable":"","footnotes":""},"class_list":["post-1000","page","type-page","status-publish","hentry"],"acf":[],"_links":{"self":[{"href":"https:\/\/unmz.gov.cz\/en\/wp-json\/wp\/v2\/pages\/1000","targetHints":{"allow":["GET"]}}],"collection":[{"href":"https:\/\/unmz.gov.cz\/en\/wp-json\/wp\/v2\/pages"}],"about":[{"href":"https:\/\/unmz.gov.cz\/en\/wp-json\/wp\/v2\/types\/page"}],"author":[{"embeddable":true,"href":"https:\/\/unmz.gov.cz\/en\/wp-json\/wp\/v2\/users\/5"}],"replies":[{"embeddable":true,"href":"https:\/\/unmz.gov.cz\/en\/wp-json\/wp\/v2\/comments?post=1000"}],"version-history":[{"count":3,"href":"https:\/\/unmz.gov.cz\/en\/wp-json\/wp\/v2\/pages\/1000\/revisions"}],"predecessor-version":[{"id":12217,"href":"https:\/\/unmz.gov.cz\/en\/wp-json\/wp\/v2\/pages\/1000\/revisions\/12217"}],"up":[{"embeddable":true,"href":"https:\/\/unmz.gov.cz\/en\/wp-json\/wp\/v2\/pages\/980"}],"wp:attachment":[{"href":"https:\/\/unmz.gov.cz\/en\/wp-json\/wp\/v2\/media?parent=1000"}],"curies":[{"name":"wp","href":"https:\/\/api.w.org\/{rel}","templated":true}]}}