{"id":1006,"date":"2019-07-29T13:44:11","date_gmt":"2019-07-29T11:44:11","guid":{"rendered":"http:\/\/unmz-wp.e-bs.cz\/?page_id=1006"},"modified":"2024-01-25T07:04:23","modified_gmt":"2024-01-25T06:04:23","slug":"meridla-heat","status":"publish","type":"page","link":"https:\/\/unmz.gov.cz\/en\/metrologie\/rozvoj-v-metrologii\/program-rozvoje-metrologie\/vybrane-vystupy-z-programu-rozvoje-metrologie\/meridla-tepla\/","title":{"rendered":"Heat Meters"},"content":{"rendered":"<p class=\"podtitul\">PRM tasks solved by V\u00e1clav Edr - TPM Znaleck\u00e1 kancel\u00e1\u0159<\/p>\n<p>Outputs from the tasks of the Metrology Development Programme solved by the company\u00a0<strong><b><span style=\"font-family: Arial-BoldMT;\">V\u00e1clav Edr - TPM Appraisal Office<\/span><span style=\"font-family: Arial-BoldMT;\">\u0159:<\/span><\/b><\/strong><\/p>\n<p>&nbsp;<\/p>\n<ul>\n<li>Task No. VIII\/3\/08 Determination of actual operating conditions for heat meters with water as the heat transfer medium, especially at the entrance to the buildings -\u00a0<a href=\"https:\/\/unmz.gov.cz\/en\/files\/metrology-2\/v%c3%bdstupy+z+prm\/prm_viii_3_08_z%c3%a1v_op+.pdf\/\" target=\"_blank\" rel=\"noopener noreferrer\">final report<\/a>\u00a0(PDF 496 kB)<\/li>\n<\/ul>\n<p>&nbsp;<\/p>\n<ul>\n<li>Task No. VIII\/3\/09 Determination of actual operating conditions for heat meters for hot water preparation in buildings and heat entering the buildings -\u00a0<a href=\"https:\/\/unmz.gov.cz\/en\/files\/metrology-2\/v%c3%bdstupy+z+prm\/prm_viii_3_09_z%c3%a1v_op+.pdf\/\" target=\"_blank\" rel=\"noopener noreferrer\">final report<\/a>\u00a0(PDF 461 kB)<\/li>\n<\/ul>\n<p>&nbsp;<\/p>\n<ul>\n<li>Task No. VIII\/2\/11 Determination of the influence of the installation of temperature sensors in the measurement of thermal energy with the heat transfer medium water in actual operating conditions -\u00a0<a href=\"https:\/\/unmz.gov.cz\/en\/files\/metrology-2\/v%c3%bdstupy+z+prm\/prm_viii_2_11_z%c3%a1v_op+.pdf\/\" target=\"_blank\" rel=\"noopener noreferrer\">final report<\/a>\u00a0(PDF 3 177 kB)<\/li>\n<\/ul>\n<p>&nbsp;<\/p>\n<ul>\n<li>Task No. VIII\/2\/12 Determination of the influence of the installation of flow meters in the measurement of thermal energy with water as the heat transfer medium<\/li>\n<\/ul>","protected":false},"excerpt":{"rendered":"<p>\u00dakoly PRM \u0159e\u0161en\u00e9 firmou V\u00e1clav Edr - TPM Znaleck\u00e1 kancel\u00e1\u0159 V\u00fdstupy z\u00a0\u0159e\u0161en\u00ed \u00fakol\u016f Programu rozvoje metrologie \u0159e\u0161en\u00e9 firmou\u00a0V\u00e1clav Edr - TPM Znaleck\u00e1 kancel\u00e1\u0159: &nbsp; \u00fakol \u010d. VIII\/3\/08 Zji\u0161t\u011bn\u00ed skute\u010dn\u00fdch provozn\u00edch stav\u016f pro m\u011b\u0159idla tepla s teplonosn\u00fdm m\u00e9diem voda p\u0159edev\u0161\u00edm na vstupu do objekt\u016f -\u00a0z\u00e1v\u011bre\u010dn\u00e1 zpr\u00e1va\u00a0(PDF\u00a0496 kB) &nbsp; \u00fakol \u010d. VIII\/3\/09 Zji\u0161t\u011bn\u00ed skute\u010dn\u00fdch provozn\u00edch stav\u016f pro [&hellip;]<\/p>\n","protected":false},"author":5,"featured_media":0,"parent":980,"menu_order":0,"comment_status":"closed","ping_status":"closed","template":"","meta":{"_acf_changed":false,"_seopress_robots_primary_cat":"","_seopress_titles_title":"","_seopress_titles_desc":"","_seopress_robots_index":"","_lmt_disableupdate":"no","_lmt_disable":"","footnotes":""},"class_list":["post-1006","page","type-page","status-publish","hentry"],"acf":[],"_links":{"self":[{"href":"https:\/\/unmz.gov.cz\/en\/wp-json\/wp\/v2\/pages\/1006","targetHints":{"allow":["GET"]}}],"collection":[{"href":"https:\/\/unmz.gov.cz\/en\/wp-json\/wp\/v2\/pages"}],"about":[{"href":"https:\/\/unmz.gov.cz\/en\/wp-json\/wp\/v2\/types\/page"}],"author":[{"embeddable":true,"href":"https:\/\/unmz.gov.cz\/en\/wp-json\/wp\/v2\/users\/5"}],"replies":[{"embeddable":true,"href":"https:\/\/unmz.gov.cz\/en\/wp-json\/wp\/v2\/comments?post=1006"}],"version-history":[{"count":0,"href":"https:\/\/unmz.gov.cz\/en\/wp-json\/wp\/v2\/pages\/1006\/revisions"}],"up":[{"embeddable":true,"href":"https:\/\/unmz.gov.cz\/en\/wp-json\/wp\/v2\/pages\/980"}],"wp:attachment":[{"href":"https:\/\/unmz.gov.cz\/en\/wp-json\/wp\/v2\/media?parent=1006"}],"curies":[{"name":"wp","href":"https:\/\/api.w.org\/{rel}","templated":true}]}}