{"id":1051,"date":"2019-09-03T13:10:53","date_gmt":"2019-09-03T11:10:53","guid":{"rendered":"https:\/\/unmz-wp.e-bs.cz\/?page_id=1051"},"modified":"2020-10-01T10:59:32","modified_gmt":"2020-10-01T08:59:32","slug":"aerosol-sprayers","status":"publish","type":"page","link":"https:\/\/unmz.gov.cz\/en\/statni-zkusebnictvi\/stanovene-vyrobky\/aerosolove-rozprasovace\/","title":{"rendered":"Aerosol dispensers"},"content":{"rendered":"<p>Government Order No.\u00a0<a href=\"https:\/\/aplikace.mv.gov.cz\/sbirka-zakonu\/ViewFile.aspx?type=c&amp;id=3651\" target=\"_blank\" rel=\"noopener noreferrer\">194\/2001 Coll.<\/a>\u00a0(PDF 828 kB) laying down technical requirements for\u00a0<span class=\"vyskyt\">Aerosol<\/span>\u00a0<span class=\"vyskyt\">Sprayer<\/span>e, as amended by Government Regulation No.\u00a0<a href=\"https:\/\/aplikace.mv.gov.cz\/sbirka-zakonu\/ViewFile.aspx?type=c&amp;id=4941\" target=\"_blank\" rel=\"noopener noreferrer\">305\/2006 Coll.<\/a>\u00a0(PDF 299 kB), no.\u00a0<a href=\"https:\/\/aplikace.mv.gov.cz\/sbirka-zakonu\/ViewFile.aspx?type=c&amp;id=5551\" target=\"_blank\" rel=\"noopener noreferrer\">315\/2009 Coll.<\/a>\u00a0(PDF 3 MB), no.\u00a0<a href=\"https:\/\/aplikace.mv.gov.cz\/sbirka-zakonu\/SearchResult.aspx?q=80\/2014&amp;typeLaw=zakon&amp;what=Cislo_zakona_smlouvy\" target=\"_blank\" rel=\"noopener noreferrer\">80\/2014 Coll.<\/a>\u00a0(PDF 417 kB) a<span style=\"color: black;\">\u00a0<\/span><a href=\"https:\/\/www.zakonyprolidi.cz\/cs\/2018-21\" target=\"_blank\" rel=\"noopener noreferrer\"><span style=\"color: navy;\">No 21\/2018 Coll.<\/span><\/a><span style=\"color: navy;\">.<\/span><\/p>\n<p><a href=\"http:\/\/ec.europa.eu\/growth\/sectors\/pressure-gas\/pressure-equipment\/aerosol-dispenser-directive_en\" target=\"_blank\" rel=\"noopener noreferrer\"><strong>European Union website<\/strong><\/a><\/p>\n<p><strong>Czech translation of relevant EU directives\u00a0 \u00a0 \u00a0 \u00a0 \u00a0 \u00a0 \u00a0 \u00a0 \u00a0 \u00a0 \u00a0 \u00a0\u00a0<img decoding=\"async\" src=\"plocha\/spray\" alt=\"\" \/><\/strong><\/p>\n<p><a href=\"http:\/\/eur-lex.europa.eu\/LexUriServ\/LexUriServ.do?uri=DD:13:02:31975L0324:CS:PDF\" target=\"_blank\" rel=\"noopener noreferrer\">31975L0324<\/a>\u00a0(PDF 82 kB)<br \/>\n<a href=\"http:\/\/eur-lex.europa.eu\/LexUriServ\/LexUriServ.do?uri=DD:13:13:31994L0001:CS:PDF\" target=\"_blank\" rel=\"noopener noreferrer\">31994L0001<\/a>\u00a0(PDF 56 kB)<br \/>\n<a href=\"http:\/\/eur-lex.europa.eu\/LexUriServ\/LexUriServ.do?uri=OJ:L:2008:096:0015:0028:CS:PDF\" target=\"_blank\" rel=\"noopener noreferrer\">32008L0047<\/a>\u00a0(PDF 225 kB)<br \/>\n<a href=\"http:\/\/eur-lex.europa.eu\/LexUriServ\/LexUriServ.do?uri=OJ:L:2013:077:0020:0022:CS:PDF\" target=\"_blank\" rel=\"noopener noreferrer\">32013L0010<\/a>\u00a0(PDF 732 kB)<br \/>\n<a href=\"http:\/\/eur-lex.europa.eu\/LexUriServ\/LexUriServ.do?uri=OJ:L:2013:091:0016:0016:CS:PDF\" target=\"_blank\" rel=\"noopener noreferrer\">Repair 32013L0010<\/a>\u00a0(PDF 708)<\/p>\n<p>&nbsp;<\/p>\n<p>&nbsp;<\/p>","protected":false},"excerpt":{"rendered":"<p>Na\u0159\u00edzen\u00ed vl\u00e1dy \u010d.\u00a0194\/2001 Sb.\u00a0(PDF 828 kB), kter\u00fdm se stanov\u00ed technick\u00e9 po\u017eadavky na\u00a0aerosolov\u00e9\u00a0rozpra\u0161ova\u010de, ve zn\u011bn\u00ed na\u0159\u00edzen\u00ed vl\u00e1dy \u010d.\u00a0305\/2006 Sb.\u00a0(PDF 299 kB), \u010d.\u00a0315\/2009 Sb.\u00a0(PDF 3 MB), \u010d.\u00a080\/2014 Sb.\u00a0(PDF 417 kB) a\u00a0\u010d. 21\/2018 Sb. Str\u00e1nka Evropsk\u00e9 unie \u010cesk\u00fd p\u0159eklad relevantn\u00edch sm\u011brnic EU\u00a0 \u00a0 \u00a0 \u00a0 \u00a0 \u00a0 \u00a0 \u00a0 \u00a0 \u00a0 \u00a0 \u00a0\u00a0 31975L0324\u00a0(PDF 82 kB) 31994L0001\u00a0(PDF 56 [&hellip;]<\/p>\n","protected":false},"author":2,"featured_media":3758,"parent":733,"menu_order":0,"comment_status":"closed","ping_status":"closed","template":"","meta":{"_acf_changed":false,"_seopress_robots_primary_cat":"","_seopress_titles_title":"","_seopress_titles_desc":"","_seopress_robots_index":"","_lmt_disableupdate":"","_lmt_disable":"","footnotes":""},"class_list":["post-1051","page","type-page","status-publish","has-post-thumbnail","hentry"],"acf":[],"_links":{"self":[{"href":"https:\/\/unmz.gov.cz\/en\/wp-json\/wp\/v2\/pages\/1051","targetHints":{"allow":["GET"]}}],"collection":[{"href":"https:\/\/unmz.gov.cz\/en\/wp-json\/wp\/v2\/pages"}],"about":[{"href":"https:\/\/unmz.gov.cz\/en\/wp-json\/wp\/v2\/types\/page"}],"author":[{"embeddable":true,"href":"https:\/\/unmz.gov.cz\/en\/wp-json\/wp\/v2\/users\/2"}],"replies":[{"embeddable":true,"href":"https:\/\/unmz.gov.cz\/en\/wp-json\/wp\/v2\/comments?post=1051"}],"version-history":[{"count":0,"href":"https:\/\/unmz.gov.cz\/en\/wp-json\/wp\/v2\/pages\/1051\/revisions"}],"up":[{"embeddable":true,"href":"https:\/\/unmz.gov.cz\/en\/wp-json\/wp\/v2\/pages\/733"}],"wp:featuredmedia":[{"embeddable":true,"href":"https:\/\/unmz.gov.cz\/en\/wp-json\/wp\/v2\/media\/3758"}],"wp:attachment":[{"href":"https:\/\/unmz.gov.cz\/en\/wp-json\/wp\/v2\/media?parent=1051"}],"curies":[{"name":"wp","href":"https:\/\/api.w.org\/{rel}","templated":true}]}}