{"id":1060,"date":"2019-09-03T13:18:47","date_gmt":"2019-09-03T11:18:47","guid":{"rendered":"https:\/\/unmz-wp.e-bs.cz\/?page_id=1060"},"modified":"2021-12-16T07:56:41","modified_gmt":"2021-12-16T06:56:41","slug":"electrical-low-voltage-arrangements","status":"publish","type":"page","link":"https:\/\/unmz.gov.cz\/en\/statni-zkusebnictvi\/stanovene-vyrobky\/elektricka-zarizeni-nizkeho-napeti\/","title":{"rendered":"Low voltage electrical equipment."},"content":{"rendered":"<p>Government Order <a href=\"https:\/\/aplikace.mv.gov.cz\/sbirka-zakonu\/ViewFile.aspx?type=c&amp;id=19018\" target=\"https:\/\/aplikace.mv.gov.cz\/sbirka-zakonu\/ViewFile.aspx?type=c&amp;id=19018\" rel=\"noopener noreferrer\">No. 118\/2016 Coll.,<\/a> \/PDF 4 MB\/ on Conformity Assessment<b> of Electrical Equipment Designed for Use Within Certain Voltage Limits <\/b>When Making Them Available on the Market (2014\/35\/EU)<\/p>\n<p><strong>European Union<\/strong><\/p>\n<ul>\n<li><a href=\"https:\/\/ec.europa.eu\/growth\/sectors\/electrical-and-electronic-engineering-industries-eei\/low-voltage-directive-lvd_en\" target=\"_blank\" rel=\"noopener noreferrer\">European Union website<\/a> - m.j. \"guidelines on the LVD (Low Voltage Directive)\"<\/li>\n<li><a href=\"https:\/\/ec.europa.eu\/growth\/single-market\/european-standards\/harmonised-standards\/low-voltage_en\" target=\"_blank\" rel=\"noopener noreferrer\">Harmonised standards<\/a><\/li>\n<\/ul>\n<p><strong>Czech translation of relevant EU directives<\/strong><br \/>\n<a href=\"https:\/\/www.unmz.gov.cz\/files\/zku\u0161ebnictv\u00ed\/CELEX-32014L0035-CS-TXTlvd.pdf\" target=\"_blank\" rel=\"noopener noreferrer\">32014L0035 (PDF 875 kB)\u00a0<\/a><\/p>\n<hr \/>\n<p><strong>Guide for the supply (sale) of electrical equipment on the EU market<\/strong><\/p>\n<ul>\n<li><a href=\"https:\/\/www.unmz.gov.cz\/wp-content\/uploads\/Prirucka_revize-2-1.pdf\">Handbook_revision-2<\/a><\/li>\n<\/ul>\n<p><u>Links to the area <\/u><u>RoHS<\/u><\/p>\n<ul>\n<li>Government Order\u00a0<a href=\"https:\/\/aplikace.mv.gov.cz\/sbirka-zakonu\/ViewFile.aspx?type=z&amp;id=25162\">481\/2012 Coll.<\/a>\u00a0\/PDF 754 kB\/ o\u00a0<strong>restrictions on the use of certain hazardous substances<\/strong>\u00a0<strong>in electrical and electronic equipment<\/strong>\u00a0 (2011\/65\/EU), as amended by Government Regulation\u00a0<a href=\"https:\/\/unmz.gov.cz\/en\/files\/pr%C3%A1vn%C3%AD%20p%C5%99edpisy%20zku%C5%A1ebnictv%C3%AD\/391-2016.pdf\/\">No. 391\/2016 Coll.<\/a>, government regulation <a href=\"https:\/\/www.unmz.gov.cz\/wp-content\/uploads\/101_2018.pdf\">101\/2018 Coll.<\/a>, government regulation <a href=\"https:\/\/www.unmz.gov.cz\/wp-content\/uploads\/146_2019.pdf\">146\/2019 Coll.<\/a> and government regulations <a href=\"https:\/\/www.unmz.gov.cz\/wp-content\/uploads\/121_2020.pdf\">121\/2020 Coll.<\/a><\/li>\n<li>European Union - <a href=\"https:\/\/ec.europa.eu\/growth\/single-market\/european-standards\/harmonised-standards\/restriction-use-certain-hazardous-substances-rohs_en\">Directives and harmonised standards<\/a>Restriction of the use of certain hazardous substances (RoHS)<\/li>\n<\/ul>\n<p><u>Links to Ecodesign<\/u><\/p>\n<ul>\n<li><a href=\"http:\/\/www.sgpstandard.cz\/editor\/unmz\/?u=tech_poz\/eko.htm\">Regulations and standards<\/a><\/li>\n<li><a href=\"https:\/\/www.mpo.cz\/cz\/energetika\/energeticka-ucinnost\/ekodesign-a-energeticke-stitkovani-vyrobku\/ekodesign-vyrobku-spojenych-se-spotrebou-energie--222025\/\">Ecodesign of energy-related products<\/a> (including regulations)<\/li>\n<\/ul>\n<p>&nbsp;<\/p>","protected":false},"excerpt":{"rendered":"<p>Na\u0159\u00edzen\u00ed vl\u00e1dy \u010d. 118\/2016 Sb. \/PDF 4 MB\/ o posuzov\u00e1n\u00ed shody elektrick\u00fdch za\u0159\u00edzen\u00ed ur\u010den\u00fdch pro pou\u017e\u00edv\u00e1n\u00ed v\u00a0ur\u010dit\u00fdch mez\u00edch nap\u011bt\u00ed p\u0159i jejich dod\u00e1v\u00e1n\u00ed na trh (2014\/35\/EU) Evropsk\u00e1 unie Str\u00e1nka Evropsk\u00e9 unie - m.j. \"guidelines on the LVD (Low Voltage Directive)\" Harmonizovan\u00e9 normy \u010cesk\u00fd p\u0159eklad relevantn\u00edch sm\u011brnic EU 32014L0035 (PDF 875 kB)\u00a0 P\u0159\u00edru\u010dka pro dod\u00e1v\u00e1n\u00ed (prodej) elektrick\u00fdch [&hellip;]<\/p>\n","protected":false},"author":2,"featured_media":0,"parent":733,"menu_order":0,"comment_status":"closed","ping_status":"closed","template":"","meta":{"_acf_changed":false,"_seopress_robots_primary_cat":"","_seopress_titles_title":"","_seopress_titles_desc":"","_seopress_robots_index":"","_lmt_disableupdate":"","_lmt_disable":"","footnotes":""},"class_list":["post-1060","page","type-page","status-publish","hentry"],"acf":[],"_links":{"self":[{"href":"https:\/\/unmz.gov.cz\/en\/wp-json\/wp\/v2\/pages\/1060","targetHints":{"allow":["GET"]}}],"collection":[{"href":"https:\/\/unmz.gov.cz\/en\/wp-json\/wp\/v2\/pages"}],"about":[{"href":"https:\/\/unmz.gov.cz\/en\/wp-json\/wp\/v2\/types\/page"}],"author":[{"embeddable":true,"href":"https:\/\/unmz.gov.cz\/en\/wp-json\/wp\/v2\/users\/2"}],"replies":[{"embeddable":true,"href":"https:\/\/unmz.gov.cz\/en\/wp-json\/wp\/v2\/comments?post=1060"}],"version-history":[{"count":0,"href":"https:\/\/unmz.gov.cz\/en\/wp-json\/wp\/v2\/pages\/1060\/revisions"}],"up":[{"embeddable":true,"href":"https:\/\/unmz.gov.cz\/en\/wp-json\/wp\/v2\/pages\/733"}],"wp:attachment":[{"href":"https:\/\/unmz.gov.cz\/en\/wp-json\/wp\/v2\/media?parent=1060"}],"curies":[{"name":"wp","href":"https:\/\/api.w.org\/{rel}","templated":true}]}}