{"id":1062,"date":"2019-09-03T13:19:17","date_gmt":"2019-09-03T11:19:17","guid":{"rendered":"https:\/\/unmz-wp.e-bs.cz\/?page_id=1062"},"modified":"2021-12-16T08:59:34","modified_gmt":"2021-12-16T07:59:34","slug":"electromagnetic-compatibility","status":"publish","type":"page","link":"https:\/\/unmz.gov.cz\/en\/statni-zkusebnictvi\/stanovene-vyrobky\/elektromagneticka-kompatibilita\/","title":{"rendered":"Electromagnetic compatibility."},"content":{"rendered":"<p><a href=\"https:\/\/www.unmz.gov.cz\/files\/zku\u0161ebnictv\u00ed\/sb0045-2016.pdf\" target=\"_blank\" rel=\"noopener noreferrer\">Government Regulation No. 117\/2016 Coll., on the assessment of conformity of products with regard to electromagnetic compatibility when they are placed on the market<\/a>\u00a0\/PDF 4,1 MB\/<\/p>\n<p><strong>List of bodies notified to carry out conformity assessment activities in relation to the electromagnetic compatibility of products:<\/strong><\/p>\n<ul>\n<li><a href=\"https:\/\/unmz.gov.cz\/en\/state-owned-journalism\/authorised-persons-as-designated-entities\/list-of-ao-os-and-uno\/electrotechnical-experimental-establishment-s-p\/\" target=\"_blank\" rel=\"noopener noreferrer\">OS 1014 - Electrotechnical Testing Institute, s. p.<\/a><\/li>\n<li><a href=\"https:\/\/unmz.gov.cz\/en\/state-owned-journalism\/authorised-persons-as-designated-entities\/list-of-ao-os-and-uno\/engineering-experimental-establishment-s-p\/\" target=\"_blank\" rel=\"noopener noreferrer\">OS 1015 - Stroj\u00edrensk\u00fd zku\u0161ebn\u00ed \u00fastav, s. p.<\/a><\/li>\n<li><a href=\"https:\/\/unmz.gov.cz\/en\/state-owned-journalism\/authorised-persons-as-designated-entities\/list-of-ao-os-and-uno\/tuv-sud-czech-s-r-o\/\" target=\"_blank\" rel=\"noopener noreferrer\">OS 1017 - T\u00dcV S\u00dcD Czech s. r. o.<\/a><\/li>\n<li><a href=\"https:\/\/unmz.gov.cz\/en\/state-owned-journalism\/authorised-persons-as-designated-entities\/list-of-ao-os-and-uno\/institute-for-testing-and-certification-a-s\/\" target=\"_blank\" rel=\"noopener noreferrer\">OS 1023 - Institute for Testing and Certification, a. s.<\/a><\/li>\n<li><a href=\"https:\/\/unmz.gov.cz\/en\/state-owned-journalism\/authorised-persons-as-designated-entities\/list-of-ao-os-and-uno\/military-technical-establishment-s-p\/\" target=\"_blank\" rel=\"noopener noreferrer\">OS 2452 - Military Technical Institute, s. p.<\/a><\/li>\n<\/ul>\n<p><strong>European Union<\/strong><\/p>\n<ul>\n<li><a href=\"https:\/\/ec.europa.eu\/growth\/sectors\/electrical-engineering\/emc-directive_en\" target=\"_blank\" rel=\"noopener noreferrer\">European Union website<\/a><\/li>\n<li><a href=\"http:\/\/ec.europa.eu\/growth\/tools-databases\/nando\/index.cfm?fuseaction=directive.notifiedbody&amp;dir_id=153681\" target=\"_blank\" rel=\"noopener noreferrer\">Notified persons in the EU<\/a><\/li>\n<li><a href=\"https:\/\/ec.europa.eu\/growth\/single-market\/european-standards\/harmonised-standards\/electromagnetic-compatibility_en\" target=\"_blank\" rel=\"noopener noreferrer\">Harmonised standards<\/a><\/li>\n<\/ul>\n<p><strong>Czech translation of relevant EU directives -\u00a0<\/strong><a href=\"https:\/\/www.unmz.gov.cz\/files\/zku\u0161ebnictv\u00ed\/CELEX-32014L0030-CS-TXTEMC.pdf\" target=\"_blank\" rel=\"noopener noreferrer\">32014L0030<\/a> (PDF 971 kB)<\/p>\n<hr \/>\n<p><strong>Guide for the supply (sale) of electrical equipment on the EU market<\/strong><\/p>\n<ul>\n<li><a href=\"https:\/\/www.unmz.gov.cz\/wp-content\/uploads\/Prirucka_revize-2-2.pdf\">Handbook_revision-2<\/a><\/li>\n<\/ul>\n<p><u>Links to the area <\/u><u>RoHS<\/u><\/p>\n<ul>\n<li>Government Order\u00a0<a href=\"https:\/\/aplikace.mv.gov.cz\/sbirka-zakonu\/ViewFile.aspx?type=z&amp;id=25162\">481\/2012 Coll.<\/a>\u00a0\/PDF 754 kB\/ o\u00a0<strong>restrictions on the use of certain hazardous substances<\/strong>\u00a0<strong>in electrical and electronic equipment<\/strong>\u00a0 (2011\/65\/EU), as amended by Government Regulation\u00a0<a href=\"https:\/\/unmz.gov.cz\/en\/files\/pr%C3%A1vn%C3%AD%20p%C5%99edpisy%20zku%C5%A1ebnictv%C3%AD\/391-2016.pdf\/\">No. 391\/2016 Coll.<\/a>, government regulation <a href=\"https:\/\/www.unmz.gov.cz\/wp-content\/uploads\/101_2018.pdf\">101\/2018 Coll.<\/a>, government regulation <a href=\"https:\/\/www.unmz.gov.cz\/wp-content\/uploads\/146_2019.pdf\">146\/2019 Coll.<\/a> and government regulations <a href=\"https:\/\/www.unmz.gov.cz\/wp-content\/uploads\/121_2020.pdf\">121\/2020 Coll.<\/a><\/li>\n<li>European Union - <a href=\"https:\/\/ec.europa.eu\/growth\/single-market\/european-standards\/harmonised-standards\/restriction-use-certain-hazardous-substances-rohs_en\">Directives and harmonised standards<\/a>Restriction of the use of certain hazardous substances (RoHS)<\/li>\n<\/ul>\n<p><u>Links to Ecodesign<\/u><\/p>\n<ul>\n<li><a href=\"http:\/\/www.sgpstandard.cz\/editor\/unmz\/?u=tech_poz\/eko.htm\">Regulations and standards<\/a><\/li>\n<li><a href=\"https:\/\/www.mpo.cz\/cz\/energetika\/energeticka-ucinnost\/ekodesign-a-energeticke-stitkovani-vyrobku\/ekodesign-vyrobku-spojenych-se-spotrebou-energie--222025\/\">Ecodesign of energy-related products<\/a> (including regulations)<\/li>\n<\/ul>","protected":false},"excerpt":{"rendered":"<p>Na\u0159\u00edzen\u00ed vl\u00e1dy \u010d. 117\/2016 Sb., o posuzov\u00e1n\u00ed shody v\u00fdrobk\u016f z hlediska elektromagnetick\u00e9 kompatibility p\u0159i jejich dod\u00e1v\u00e1n\u00ed na trh\u00a0\/PDF 4,1 MB\/ P\u0159ehled subjekt\u016f ozn\u00e1men\u00fdch k \u010dinnostem p\u0159i posuzov\u00e1n\u00ed shody v\u00fdrobk\u016f z hlediska jejich elektromagnetick\u00e9 kompatibility: OS 1014 - Elektrotechnick\u00fd zku\u0161ebn\u00ed \u00fastav, s. p. OS 1015 - Stroj\u00edrensk\u00fd zku\u0161ebn\u00ed \u00fastav, s. p. OS 1017 - T\u00dcV S\u00dcD [&hellip;]<\/p>\n","protected":false},"author":2,"featured_media":0,"parent":733,"menu_order":0,"comment_status":"closed","ping_status":"closed","template":"","meta":{"_acf_changed":false,"_seopress_robots_primary_cat":"","_seopress_titles_title":"","_seopress_titles_desc":"","_seopress_robots_index":"","_lmt_disableupdate":"","_lmt_disable":"","footnotes":""},"class_list":["post-1062","page","type-page","status-publish","hentry"],"acf":[],"_links":{"self":[{"href":"https:\/\/unmz.gov.cz\/en\/wp-json\/wp\/v2\/pages\/1062","targetHints":{"allow":["GET"]}}],"collection":[{"href":"https:\/\/unmz.gov.cz\/en\/wp-json\/wp\/v2\/pages"}],"about":[{"href":"https:\/\/unmz.gov.cz\/en\/wp-json\/wp\/v2\/types\/page"}],"author":[{"embeddable":true,"href":"https:\/\/unmz.gov.cz\/en\/wp-json\/wp\/v2\/users\/2"}],"replies":[{"embeddable":true,"href":"https:\/\/unmz.gov.cz\/en\/wp-json\/wp\/v2\/comments?post=1062"}],"version-history":[{"count":0,"href":"https:\/\/unmz.gov.cz\/en\/wp-json\/wp\/v2\/pages\/1062\/revisions"}],"up":[{"embeddable":true,"href":"https:\/\/unmz.gov.cz\/en\/wp-json\/wp\/v2\/pages\/733"}],"wp:attachment":[{"href":"https:\/\/unmz.gov.cz\/en\/wp-json\/wp\/v2\/media?parent=1062"}],"curies":[{"name":"wp","href":"https:\/\/api.w.org\/{rel}","templated":true}]}}