{"id":1066,"date":"2019-09-03T13:20:25","date_gmt":"2019-09-03T11:20:25","guid":{"rendered":"https:\/\/unmz-wp.e-bs.cz\/?page_id=1066"},"modified":"2022-05-26T13:52:57","modified_gmt":"2022-05-26T11:52:57","slug":"toys","status":"publish","type":"page","link":"https:\/\/unmz.gov.cz\/en\/statni-zkusebnictvi\/stanovene-vyrobky\/hracky\/","title":{"rendered":"Toys"},"content":{"rendered":"<p>Government Order No.\u00a0<a href=\"https:\/\/aplikace.mv.gov.cz\/sbirka-zakonu\/ViewFile.aspx?type=z&amp;id=23044\"><u>86\/2011 Coll.<\/u><\/a>\u00a0(PDF 1,4 MB), on technical requirements for\u00a0<span class=\"vyskyt\">toys<\/span>, as amended by Government Regulation No.<i>\u00a0<\/i><a href=\"https:\/\/aplikace.mv.gov.cz\/sbirka-zakonu\/ViewFile.aspx?type=c&amp;id=6359\"><u>24\/2013 Coll.<\/u><\/a><i>.,\u00a0<\/i>(PDF 517 kB), Government Regulation No.\u00a0<a href=\"https:\/\/aplikace.mv.gov.cz\/sbirka-zakonu\/ViewFile.aspx?type=c&amp;id=6526\" target=\"_blank\" rel=\"noopener noreferrer\">339\/2013 Coll.<\/a>., (PDF 515 kB), Government Regulation No.\u00a0<a href=\"https:\/\/unmz.gov.cz\/en\/files\/zku%C5%A1ebnictv%C3%AD\/sb0062-2015.pdf\/\" target=\"_blank\" rel=\"noopener noreferrer\">151\/2015 Coll.<\/a>., (PDF 567 kB), Government Regulation No.\u00a0<a href=\"https:\/\/unmz.gov.cz\/en\/files\/zku%C5%A1ebnictv%C3%AD\/sb0038-2017-97-2017.pdf\/\" target=\"_blank\" rel=\"noopener noreferrer\">97\/2017 Coll.<\/a>. (PDF 301 kB), Government Regulation No.<a href=\"https:\/\/unmz.gov.cz\/en\/files\/zku%C5%A1ebnictv%C3%AD\/sb0045-2018-86-2018%20(1).pdf\/\" target=\"_blank\" rel=\"noopener noreferrer\">\u00a086\/2018 Coll.<\/a>. (PDF 52 kB) and Government Regulation No.<a href=\"https:\/\/unmz.gov.cz\/en\/files\/zku%C5%A1ebnictv%C3%AD\/NV%20222-2019%20CrVI.pdf\/\" target=\"_blank\" rel=\"noopener noreferrer\">\u00a0222\/2019 Coll.<\/a>. (PDF 153 kB) and Government Regulation No. <a href=\"https:\/\/www.unmz.gov.cz\/wp-content\/uploads\/137_2021-3.pdf\">137\/2021 Coll.<\/a> (PDF 95 kB) and Government Regulation No. <a href=\"https:\/\/www.unmz.gov.cz\/wp-content\/uploads\/sb0061-2022_-NV-121.pdf\">121\/2022 Coll.<\/a>. (PDF 4.38 MB)<\/p>\n<p>Commission Regulation (EU) No.\u00a0<a href=\"http:\/\/ec.europa.eu\/growth\/tools-databases\/nando\/index.cfm?fuseaction=directive.notifiedbody&amp;dir_id=140521\" target=\"_blank\" rel=\"noopener noreferrer\"><u>681\/2013<\/u><\/a>\u00a0(PDF 724 kB) of 17 July 2013 amending Part III of Annex II to Directive 2009\/48\/EC of the European Parliament and of the Council on safety\u00a0<span class=\"vyskyt\">toys<\/span><\/p>\n<p><a href=\"https:\/\/unmz.gov.cz\/en\/files\/zku%C5%A1ebnictv%C3%AD\/W-toys-safety-brochure_CS.pdf\/\" target=\"_blank\" rel=\"noopener noreferrer\">Safety brochure\u00a0<span class=\"vyskyt\">toys<\/span>\u00a0under the new Directive 2009\/48\/EC<\/a>\u00a0(PDF 578kB)<br \/>\n<strong><a href=\"https:\/\/www.unmz.gov.cz\/wp-content\/uploads\/Povinnosti-a-opr\u00e1vn\u011bn\u00ed-hospod\u00e1\u0159sk\u00fdch-subjekt\u016f-spojen\u00e9-s-dovozem-hra\u010dek-5.pdf\">Obligations and authorisations of economic operators related to the import of toys<\/a><br \/>\n<\/strong><a href=\"https:\/\/ec.europa.eu\/growth\/sectors\/toys\/safety\/guidance_en\"><em>Explanatory guidance from the Expert Group on the Security Directive\u00a0\u00a0<span class=\"vyskyt\">toys<\/span> - TSD explanatory guidance documents\u00a0<\/em><\/a><br \/>\n<a href=\"https:\/\/unmz.gov.cz\/en\/state-owned-journalism\/established-products\/toys\/translations-of-the-expert-group-on-the-safety-of-guests-established-by-the-european-commission\/\" target=\"_blank\" rel=\"noopener noreferrer\">Translations of guidelines from the Expert Group on Security <span class=\"vyskyt\">toys<\/span>\u00a0set up by the European Commission<\/a><\/p>\n<p><strong>List of bodies authorised for conformity assessment activities\u00a0<span class=\"vyskyt\">toys<\/span><\/strong><\/p>\n<ul>\n<li><a href=\"https:\/\/unmz.gov.cz\/en\/state-owned-journalism\/authorised-persons-as-designated-entities\/list-of-ao-os-and-uno\/engineering-experimental-establishment-s-p\/\" target=\"_blank\" rel=\"noopener noreferrer\">AO 202 \/ NO 1015 - Stroj\u00edrensk\u00fd zku\u0161ebn\u00ed \u00fastav, s. p.<\/a><\/li>\n<li><a href=\"https:\/\/unmz.gov.cz\/en\/state-owned-journalism\/authorised-persons-as-designated-entities\/list-of-ao-os-and-uno\/technical-and-experimental-construction-building-prague-s-p\/\" target=\"_blank\" rel=\"noopener noreferrer\">AO 204 \/NO 1020 - Technical and Testing Institute of Construction, s. p.<\/a><\/li>\n<li><a href=\"https:\/\/unmz.gov.cz\/en\/state-owned-journalism\/authorised-persons-as-designated-entities\/list-of-ao-os-and-uno\/institute-for-testing-and-certification-a-s\/\" target=\"_blank\" rel=\"noopener noreferrer\">AO 224 \/ NO 1023 - Institute for Testing and Certification, a. s.<\/a><\/li>\n<\/ul>\n<p><strong>European Union<\/strong><\/p>\n<ul>\n<li><a href=\"https:\/\/ec.europa.eu\/growth\/sectors\/toys_en\">European Union website<\/a><\/li>\n<li><a href=\"https:\/\/ec.europa.eu\/growth\/tools-databases\/nando\/\">Notified persons in the EU<\/a><\/li>\n<li><a href=\"https:\/\/ec.europa.eu\/growth\/single-market\/european-standards\/harmonised-standards\/toys_en\">Harmonised standards<\/a><\/li>\n<li><a href=\"https:\/\/eur-lex.europa.eu\/homepage.html\">EU legislation<\/a><\/li>\n<\/ul>\n<p>&nbsp;<\/p>","protected":false},"excerpt":{"rendered":"<p>Na\u0159\u00edzen\u00ed vl\u00e1dy \u010d.\u00a086\/2011 Sb.\u00a0(PDF 1,4 MB), o technick\u00fdch po\u017eadavc\u00edch na\u00a0hra\u010dky, ve zn\u011bn\u00ed na\u0159\u00edzen\u00ed vl\u00e1dy \u010d.\u00a024\/2013 Sb.,\u00a0(PDF 517 kB),\u00a0na\u0159\u00edzen\u00ed vl\u00e1dy \u010d.\u00a0339\/2013 Sb., (PDF 515 kB),\u00a0na\u0159\u00edzen\u00ed vl\u00e1dy \u010d.\u00a0151\/2015 Sb., (PDF 567 kB),\u00a0na\u0159\u00edzen\u00ed vl\u00e1dy \u010d.\u00a097\/2017 Sb. (PDF 301 kB),\u00a0na\u0159\u00edzen\u00ed vl\u00e1dy \u010d.\u00a086\/2018 Sb. (PDF 52 kB) a na\u0159\u00edzen\u00ed vl\u00e1dy \u010d.\u00a0222\/2019 Sb. (PDF 153 kB) a na\u0159\u00edzen\u00ed vl\u00e1dy \u010d. 137\/2021 [&hellip;]<\/p>\n","protected":false},"author":2,"featured_media":0,"parent":733,"menu_order":0,"comment_status":"closed","ping_status":"closed","template":"","meta":{"_acf_changed":false,"_seopress_robots_primary_cat":"","_seopress_titles_title":"","_seopress_titles_desc":"","_seopress_robots_index":"","_lmt_disableupdate":"","_lmt_disable":"","footnotes":""},"class_list":["post-1066","page","type-page","status-publish","hentry"],"acf":[],"_links":{"self":[{"href":"https:\/\/unmz.gov.cz\/en\/wp-json\/wp\/v2\/pages\/1066","targetHints":{"allow":["GET"]}}],"collection":[{"href":"https:\/\/unmz.gov.cz\/en\/wp-json\/wp\/v2\/pages"}],"about":[{"href":"https:\/\/unmz.gov.cz\/en\/wp-json\/wp\/v2\/types\/page"}],"author":[{"embeddable":true,"href":"https:\/\/unmz.gov.cz\/en\/wp-json\/wp\/v2\/users\/2"}],"replies":[{"embeddable":true,"href":"https:\/\/unmz.gov.cz\/en\/wp-json\/wp\/v2\/comments?post=1066"}],"version-history":[{"count":0,"href":"https:\/\/unmz.gov.cz\/en\/wp-json\/wp\/v2\/pages\/1066\/revisions"}],"up":[{"embeddable":true,"href":"https:\/\/unmz.gov.cz\/en\/wp-json\/wp\/v2\/pages\/733"}],"wp:attachment":[{"href":"https:\/\/unmz.gov.cz\/en\/wp-json\/wp\/v2\/media?parent=1066"}],"curies":[{"name":"wp","href":"https:\/\/api.w.org\/{rel}","templated":true}]}}