{"id":1074,"date":"2019-09-03T13:25:22","date_gmt":"2019-09-03T11:25:22","guid":{"rendered":"https:\/\/unmz-wp.e-bs.cz\/?page_id=1074"},"modified":"2021-12-10T11:04:36","modified_gmt":"2021-12-10T10:04:36","slug":"nuclear-atoms-law","status":"publish","type":"page","link":"https:\/\/unmz.gov.cz\/en\/statni-zkusebnictvi\/stanovene-vyrobky\/jaderna-zarizeni-atomovy-zakon\/","title":{"rendered":"Selected equipment for nuclear power"},"content":{"rendered":"<p>Act No. <a href=\"https:\/\/unmz.gov.cz\/en\/files\/zku%C5%A1ebnictv%C3%AD\/sb0102-2016.pdf\/\" target=\"_blank\" rel=\"noopener noreferrer\">263\/2016<\/a> Coll., Atomic Act \/PDF 2,2 MB\/<br \/>\nDecree No. <a href=\"https:\/\/unmz.gov.cz\/en\/files\/zku%C5%A1ebnictv%C3%AD\/sb0143-2016.pdf\/\" target=\"_blank\" rel=\"noopener noreferrer\">358\/2016<\/a> Coll., on requirements for quality assurance and technical safety and assessment and verification of conformity of selected equipment \/PDF 8, 2 MB\/<\/p>\n<p><strong>List of bodies authorised to carry out conformity assessment activities for selected equipment specifically designed for nuclear installations<\/strong><\/p>\n<ul>\n<li><a href=\"https:\/\/unmz.gov.cz\/en\/state-owned-journalism\/authorised-persons-as-designated-entities\/list-of-ao-os-and-uno\/engineering-experimental-establishment-s-p\/\" target=\"_blank\" rel=\"noopener noreferrer\">AO 202 - Stroj\u00edrensk\u00fd zku\u0161ebn\u00ed \u00fastav, s. p.<\/a><\/li>\n<li><a href=\"https:\/\/unmz.gov.cz\/en\/state-owned-journalism\/authorised-persons-as-designated-entities\/list-of-ao-os-and-uno\/tuv-sud-czech-s-r-o\/\" target=\"_blank\" rel=\"noopener noreferrer\">AO 211 - T\u00dcV S\u00dcD Czech s. r. o.<\/a><\/li>\n<li><a href=\"https:\/\/unmz.gov.cz\/en\/state-owned-journalism\/authorised-persons-as-designated-entities\/list-of-ao-os-and-uno\/tuv-nord-czech-s-r-o\/\" target=\"_blank\" rel=\"noopener noreferrer\">AO 248 - T\u00dcV NORD Czech, s. r. o.<\/a><\/li>\n<li><a href=\"https:\/\/unmz.gov.cz\/en\/state-owned-journalism\/authorised-persons-as-designated-entities\/list-of-ao-os-and-uno\/cesky-svarecsky-ustav-s-r-o\/\" target=\"_blank\" rel=\"noopener noreferrer\">AO 267 - Czech Welding Institute s.r.o.<\/a><\/li>\n<\/ul>\n<hr \/>\n<p>Under \"<a href=\"https:\/\/unmz.gov.cz\/en\/state-owned-journalism\/programme-development-skills\/\">Testing Development Programme<\/a>\" T\u0170V NORD Czech, s.r.o. continuously develops or revises recommended procedures for uniform conformity assessment by authorized persons for activities under the above mentioned decree, which are subsequently incorporated by the State Office for Nuclear Safety on their website into the document \"<a href=\"https:\/\/www.sujb.cz\/fileadmin\/sujb\/docs\/dokumenty\/publikace\/BN-JB-6.1_0.1_TECHNICKA_BEZPECNOST.pdf\">Safety instruction No. 6<\/a>\".<\/p>\n<p>Year 2021: revised <a href=\"https:\/\/www.unmz.gov.cz\/wp-content\/uploads\/DP_16-08.pdf\">DP_16-08<\/a>, new <a href=\"https:\/\/www.unmz.gov.cz\/wp-content\/uploads\/DP_53-05.pdf\">DP_53-05<\/a><\/p>","protected":false},"excerpt":{"rendered":"<p>Z\u00e1kon \u010d. 263\/2016 Sb.,\u00a0atomov\u00fd z\u00e1kon\u00a0\/PDF 2,2 MB\/ Vyhl\u00e1\u0161ka \u010d. 358\/2016 Sb., o\u00a0po\u017eadavc\u00edch na zaji\u0161\u0165ov\u00e1n\u00ed kvality a technick\u00e9 bezpe\u010dnosti a posouzen\u00ed a prov\u011b\u0159ov\u00e1n\u00ed shody vybran\u00fdch za\u0159\u00edzen\u00ed \/PDF 8, 2 MB\/ P\u0159ehled subjekt\u016f autorizovan\u00fdch k \u010dinnostem pro posuzov\u00e1n\u00ed shody vybran\u00fdch za\u0159\u00edzen\u00ed , kter\u00e1 jsou speci\u00e1ln\u011b navrhovan\u00e1 pro jadern\u00e9 za\u0159\u00edzen\u00ed AO 202 - Stroj\u00edrensk\u00fd zku\u0161ebn\u00ed \u00fastav, s. p. [&hellip;]<\/p>\n","protected":false},"author":2,"featured_media":0,"parent":733,"menu_order":0,"comment_status":"closed","ping_status":"closed","template":"","meta":{"_acf_changed":false,"_seopress_robots_primary_cat":"","_seopress_titles_title":"","_seopress_titles_desc":"","_seopress_robots_index":"","_lmt_disableupdate":"","_lmt_disable":"","footnotes":""},"class_list":["post-1074","page","type-page","status-publish","hentry"],"acf":[],"_links":{"self":[{"href":"https:\/\/unmz.gov.cz\/en\/wp-json\/wp\/v2\/pages\/1074","targetHints":{"allow":["GET"]}}],"collection":[{"href":"https:\/\/unmz.gov.cz\/en\/wp-json\/wp\/v2\/pages"}],"about":[{"href":"https:\/\/unmz.gov.cz\/en\/wp-json\/wp\/v2\/types\/page"}],"author":[{"embeddable":true,"href":"https:\/\/unmz.gov.cz\/en\/wp-json\/wp\/v2\/users\/2"}],"replies":[{"embeddable":true,"href":"https:\/\/unmz.gov.cz\/en\/wp-json\/wp\/v2\/comments?post=1074"}],"version-history":[{"count":0,"href":"https:\/\/unmz.gov.cz\/en\/wp-json\/wp\/v2\/pages\/1074\/revisions"}],"up":[{"embeddable":true,"href":"https:\/\/unmz.gov.cz\/en\/wp-json\/wp\/v2\/pages\/733"}],"wp:attachment":[{"href":"https:\/\/unmz.gov.cz\/en\/wp-json\/wp\/v2\/media?parent=1074"}],"curies":[{"name":"wp","href":"https:\/\/api.w.org\/{rel}","templated":true}]}}