{"id":1077,"date":"2019-09-03T13:27:56","date_gmt":"2019-09-03T11:27:56","guid":{"rendered":"https:\/\/unmz-wp.e-bs.cz\/?page_id=1077"},"modified":"2021-11-09T12:47:03","modified_gmt":"2021-11-09T11:47:03","slug":"boat-machine","status":"publish","type":"page","link":"https:\/\/unmz.gov.cz\/en\/statni-zkusebnictvi\/stanovene-vyrobky\/lodni-vystroj\/","title":{"rendered":"Boat equipment"},"content":{"rendered":"<p style=\"font-weight: 400;\">Conformity assessment of marine equipment in the Czech Republic is based on compliance with the requirements of <a href=\"https:\/\/unmz.gov.cz\/en\/files\/zku%C5%A1ebnictv%C3%AD\/sb0135-2016.pdf\/\">Government Regulation No. 345\/2016 Coll. on marine equipment<\/a>, effective from 10 November 2016.<\/p>\n<p style=\"font-weight: 400;\"><strong>List of entities notified for activities pursuant to Government Regulation No. 345\/2016 Coll.<br \/>\n<\/strong><a href=\"https:\/\/unmz.gov.cz\/en\/state-owned-journalism\/authorised-persons-as-designated-entities\/list-of-ao-os-and-uno\/military-technical-establishment-s-p\/\" target=\"_blank\" rel=\"noopener noreferrer\">OS 2452 - Military Technical Institute, s.p.<\/a><\/p>\n<p style=\"font-weight: 400;\"><u><strong>European Union<\/strong><br \/>\n<\/u><a href=\"http:\/\/ec.europa.eu\/transport\/modes\/maritime\/safety\/\">European Union website<\/a><br \/>\n<a href=\"http:\/\/www.emsa.europa.eu\/\">EMSA website<\/a><u>\u00a0(<\/u>European Maritime Safety Agency)<br \/>\n<a href=\"https:\/\/ec.europa.eu\/growth\/tools-databases\/nando\/index.cfm?fuseaction=directive.notifiedbody&amp;dir_id=153701\">Notified persons in the EU<\/a><\/p>\n<p style=\"font-weight: 400;\"><u><strong>Czech text of the relevant directive and implementing regulations<\/strong><br \/>\n<\/u><a href=\"https:\/\/eur-lex.europa.eu\/legal-content\/CS\/TXT\/PDF\/?uri=CELEX:32014L0090&amp;from=EN\"><u>32014L0090<\/u><\/a>\u00a0Directive 2014\/90\/EU of the European Parliament and of the Council on marine equipment<br \/>\n<a href=\"https:\/\/eur-lex.europa.eu\/legal-content\/CS\/TXT\/?uri=CELEX:02014L0090-20210811\">02014L0090-2021081<\/a>\u00a0Consolidated version of Directive 2014\/90\/EU of the European Parliament and of the Council on marine equipment<br \/>\n<a href=\"https:\/\/eur-lex.europa.eu\/legal-content\/CS\/TXT\/?qid=1580307652498&amp;uri=CELEX:32017R0306\">32017R0306<\/a><u>\u00a0<\/u>Commission Implementing Regulation (EU) 2017\/306<br \/>\n<a href=\"https:\/\/eur-lex.europa.eu\/legal-content\/CS\/TXT\/?qid=1580307451443&amp;uri=CELEX:32018R0773\">32018R0773<\/a> Commission Implementing Regulation (EU) 2018\/773<br \/>\n<a href=\"https:\/\/eur-lex.europa.eu\/legal-content\/CS\/TXT\/?uri=CELEX%3A32019R1397\">32019R1397 <\/a>Commission Implementing Regulation (EU) 2019\/1397<br \/>\n<a href=\"http:\/\/data.europa.eu\/eli\/reg_impl\/2020\/1170\/oj\">32020R1170 <\/a>Commission Implementing Regulation (EU) 2020\/1170<br \/>\n<a href=\"http:\/\/data.europa.eu\/eli\/reg_impl\/2021\/1158\/oj\">32021R1158 <\/a>Commission Implementing Regulation (EU) 2021\/1158<\/p>","protected":false},"excerpt":{"rendered":"<p>Posuzov\u00e1n\u00ed shody\u00a0lodn\u00ed\u00a0v\u00fdstroje\u00a0v\u00a0\u010cesk\u00e9 republice je zalo\u017eeno na pln\u011bn\u00ed po\u017eadavk\u016f na\u0159\u00edzen\u00ed vl\u00e1dy \u010d. 345\/2016 Sb. o lodn\u00ed v\u00fdstroji, kter\u00e9 je \u00fa\u010dinn\u00e9 od 10. listopadu 2016. P\u0159ehled subjekt\u016f ozn\u00e1men\u00fdch k \u010dinnostem podle na\u0159\u00edzen\u00ed vl\u00e1dy \u010d. 345\/2016 Sb. OS\u00a02452\u00a0- Vojensk\u00fd technick\u00fd \u00fastav, s.p. Evropsk\u00e1 unie Str\u00e1nka Evropsk\u00e9 unie Str\u00e1nka EMSA\u00a0(European Maritime Safety Agency) Notifikovan\u00e9 osoby v EU \u010cesk\u00e9 zn\u011bn\u00ed\u00a0relevantn\u00ed [&hellip;]<\/p>\n","protected":false},"author":2,"featured_media":0,"parent":733,"menu_order":0,"comment_status":"closed","ping_status":"closed","template":"","meta":{"_acf_changed":false,"_seopress_robots_primary_cat":"","_seopress_titles_title":"","_seopress_titles_desc":"","_seopress_robots_index":"","_lmt_disableupdate":"","_lmt_disable":"","footnotes":""},"class_list":["post-1077","page","type-page","status-publish","hentry"],"acf":[],"_links":{"self":[{"href":"https:\/\/unmz.gov.cz\/en\/wp-json\/wp\/v2\/pages\/1077","targetHints":{"allow":["GET"]}}],"collection":[{"href":"https:\/\/unmz.gov.cz\/en\/wp-json\/wp\/v2\/pages"}],"about":[{"href":"https:\/\/unmz.gov.cz\/en\/wp-json\/wp\/v2\/types\/page"}],"author":[{"embeddable":true,"href":"https:\/\/unmz.gov.cz\/en\/wp-json\/wp\/v2\/users\/2"}],"replies":[{"embeddable":true,"href":"https:\/\/unmz.gov.cz\/en\/wp-json\/wp\/v2\/comments?post=1077"}],"version-history":[{"count":0,"href":"https:\/\/unmz.gov.cz\/en\/wp-json\/wp\/v2\/pages\/1077\/revisions"}],"up":[{"embeddable":true,"href":"https:\/\/unmz.gov.cz\/en\/wp-json\/wp\/v2\/pages\/733"}],"wp:attachment":[{"href":"https:\/\/unmz.gov.cz\/en\/wp-json\/wp\/v2\/media?parent=1077"}],"curies":[{"name":"wp","href":"https:\/\/api.w.org\/{rel}","templated":true}]}}