{"id":1091,"date":"2019-09-03T13:33:07","date_gmt":"2019-09-03T11:33:07","guid":{"rendered":"https:\/\/unmz-wp.e-bs.cz\/?page_id=1091"},"modified":"2020-09-23T08:32:03","modified_gmt":"2020-09-23T06:32:03","slug":"appliances-gas-fuels","status":"publish","type":"page","link":"https:\/\/unmz.gov.cz\/en\/statni-zkusebnictvi\/stanovene-vyrobky\/spotrebice-plynnych-paliv\/","title":{"rendered":"Gaseous fuel appliances."},"content":{"rendered":"<p>Regulation No. <a href=\"http:\/\/eur-lex.europa.eu\/legal-content\/CS\/TXT\/?uri=uriserv:OJ.L_.2016.081.01.0099.01.CES&amp;toc=OJ:L:2016:081:TOC\" target=\"_blank\" rel=\"noopener noreferrer\">2016\/426<\/a> of 9 March 2016 on gaseous fuel appliances and repealing Directive 2009\/142\/EC<\/p>\n<p><strong>List of bodies notified for conformity assessment activities for gaseous fuel appliances<\/strong><\/p>\n<ul>\n<li><a href=\"https:\/\/unmz.gov.cz\/en\/state-owned-journalism\/authorised-persons-as-designated-entities\/list-of-ao-os-and-uno\/engineering-experimental-establishment-s-p\/\">OS 1015 - Stroj\u00edrensk\u00fd zku\u0161ebn\u00ed \u00fastav, s. p.<\/a><\/li>\n<\/ul>\n<p><strong>European Union<\/strong><\/p>\n<ul>\n<li><a href=\"http:\/\/ec.europa.eu\/growth\/sectors\/pressure-gas\/gas-appliances\/index_en.htm\" target=\"_blank\" rel=\"noopener noreferrer\">European Union website<\/a><\/li>\n<li><a href=\"http:\/\/ec.europa.eu\/enterprise\/newapproach\/nando\/index.cfm?fuseaction=directive.notifiedbody&amp;dir_id=9&amp;type_dir=NO CPD&amp;pro_id=99999&amp;prc_id=99999&amp;ann_id=99999&amp;prc_anx=99999\">Notified persons in the EU<\/a><\/li>\n<li><a href=\"http:\/\/ec.europa.eu\/enterprise\/policies\/european-standards\/documents\/harmonised-standards-legislation\/list-references\/appliances-burning-gaseous-fuels\/index_en.htm\" target=\"_blank\" rel=\"noopener noreferrer\">Harmonised standards<\/a><\/li>\n<\/ul>","protected":false},"excerpt":{"rendered":"<p>Regulation (EU) No 2016\/426 of the European Parliament and of the Council of 9 March 2016 on gaseous fuel appliances and repealing Directive 2009\/142\/EC List of bodies notified for conformity assessment activities for gaseous fuel appliances OS 1015 - Stroj\u00edrensk\u00fd zku\u0161ebn\u00ed \u00fastav, s. p. European Union European Union Website Notified bodies in the EU Harmonised standards<\/p>","protected":false},"author":2,"featured_media":0,"parent":733,"menu_order":0,"comment_status":"closed","ping_status":"closed","template":"","meta":{"_acf_changed":false,"_seopress_robots_primary_cat":"","_seopress_titles_title":"","_seopress_titles_desc":"","_seopress_robots_index":"","_lmt_disableupdate":"","_lmt_disable":"","footnotes":""},"class_list":["post-1091","page","type-page","status-publish","hentry"],"acf":[],"_links":{"self":[{"href":"https:\/\/unmz.gov.cz\/en\/wp-json\/wp\/v2\/pages\/1091","targetHints":{"allow":["GET"]}}],"collection":[{"href":"https:\/\/unmz.gov.cz\/en\/wp-json\/wp\/v2\/pages"}],"about":[{"href":"https:\/\/unmz.gov.cz\/en\/wp-json\/wp\/v2\/types\/page"}],"author":[{"embeddable":true,"href":"https:\/\/unmz.gov.cz\/en\/wp-json\/wp\/v2\/users\/2"}],"replies":[{"embeddable":true,"href":"https:\/\/unmz.gov.cz\/en\/wp-json\/wp\/v2\/comments?post=1091"}],"version-history":[{"count":0,"href":"https:\/\/unmz.gov.cz\/en\/wp-json\/wp\/v2\/pages\/1091\/revisions"}],"up":[{"embeddable":true,"href":"https:\/\/unmz.gov.cz\/en\/wp-json\/wp\/v2\/pages\/733"}],"wp:attachment":[{"href":"https:\/\/unmz.gov.cz\/en\/wp-json\/wp\/v2\/media?parent=1091"}],"curies":[{"name":"wp","href":"https:\/\/api.w.org\/{rel}","templated":true}]}}