{"id":1093,"date":"2019-09-03T13:34:57","date_gmt":"2019-09-03T11:34:57","guid":{"rendered":"https:\/\/unmz-wp.e-bs.cz\/?page_id=1093"},"modified":"2020-10-01T11:04:11","modified_gmt":"2020-10-01T09:04:11","slug":"engineering-engineering","status":"publish","type":"page","link":"https:\/\/unmz.gov.cz\/en\/statni-zkusebnictvi\/stanovene-vyrobky\/strojni-zarizeni\/","title":{"rendered":"Machinery."},"content":{"rendered":"<p>Government Order No. <a href=\"https:\/\/aplikace.mv.gov.cz\/sbirka-zakonu\/ViewFile.aspx?type=c&amp;id=5281\" target=\"_blank\" rel=\"noopener noreferrer\">176\/2008 Coll.<\/a> (PDF 4 MB), on technical requirements for machinery as amended by Government Regulation No. <a href=\"https:\/\/aplikace.mv.gov.cz\/sbirka-zakonu\/ViewFile.aspx?type=z&amp;id=23723\" target=\"_blank\" rel=\"noopener noreferrer\">170\/2011 Coll.<\/a>\u00a0(PDF 284 kB) and Government Regulation No.\u00a0<a href=\"https:\/\/aplikace.mv.gov.cz\/sbirka-zakonu\/ViewFile.aspx?type=c&amp;id=6210\">229\/2012 Coll.<\/a> (PDF 2 MB) and Government Regulation No. <a href=\"https:\/\/aplikace.mvcr.cz\/sbirka-zakonu\/SearchResult.aspx?q=320\/2017&amp;typeLaw=zakon&amp;what=Cislo_zakona_smlouvy\">320\/2017 Coll.<\/a> (PDF 49 KB)<\/p>\n<p><a href=\"https:\/\/www.unmz.gov.cz\/files\/zku\u0161ebnictv\u00ed\/NV 176_170_229_320.rtf\" target=\"_blank\" rel=\"noopener noreferrer\">Working version of Government Regulation No. 176\/2008 Coll., on technical requirements for machinery as amended by Government Regulation No. 170\/2011 Coll. and Government Regulation No. 229\/2012 Coll. and Government Regulation No. 320\/2017 Coll.<\/a><\/p>\n<p><a href=\"https:\/\/ec.europa.eu\/docsroom\/documents\/24722\" target=\"_blank\" rel=\"noopener noreferrer\">Guide to the application of the Machinery Directive 2006\/42\/EC<\/a> (PDF 3,83 MB)<\/p>\n<p><strong>List of bodies authorised to carry out conformity assessment activities for machinery<\/strong><\/p>\n<ul>\n<li><a href=\"https:\/\/unmz.gov.cz\/en\/state-owned-journalism\/authorised-persons-as-designated-entities\/list-of-ao-os-and-uno\/engineering-experimental-establishment-s-p\/\">AO 202 - Stroj\u00edrensk\u00fd zku\u0161ebn\u00ed \u00fastav, s. p.<\/a><\/li>\n<li><a href=\"https:\/\/unmz.gov.cz\/en\/state-owned-journalism\/authorised-persons-as-designated-entities\/list-of-ao-os-and-uno\/tuv-sud-czech-s-r-o\/\">AO 211 - T\u00dcV S\u00dcD Czech s. r. o.<\/a><\/li>\n<li><a href=\"https:\/\/unmz.gov.cz\/en\/state-owned-journalism\/authorised-persons-as-designated-entities\/list-of-ao-os-and-uno\/vvuu-a-s\/\">AO 214 - VVUU, a. s.<\/a><\/li>\n<li><a href=\"https:\/\/unmz.gov.cz\/en\/state-owned-journalism\/authorised-persons-as-designated-entities\/list-of-ao-os-and-uno\/technical-laborator-opava-a-s\/\">AO 251 - Technical laboratories Opava, a. s.<\/a><\/li>\n<li><a href=\"https:\/\/unmz.gov.cz\/en\/state-owned-journalism\/authorised-persons-as-designated-entities\/list-of-ao-os-and-uno\/static-classroom-room-and-s\/\">AO 255 - State Machine Testing Plant, a.s.<\/a><\/li>\n<li><a href=\"https:\/\/unmz.gov.cz\/en\/state-owned-journalism\/authorised-persons-as-designated-entities\/list-of-ao-os-and-uno\/ll-c-certification-czech-republic-a-s\/\">AO 265 - LL-C (Certification) Czech Republic s.r.o.<\/a><\/li>\n<\/ul>\n<p><strong>European Union<\/strong><\/p>\n<ul>\n<li><a href=\"http:\/\/ec.europa.eu\/growth\/sectors\/mechanical-engineering\/machinery\/\" target=\"_blank\" rel=\"noopener noreferrer\">European Union website<\/a><\/li>\n<li><a href=\"http:\/\/ec.europa.eu\/growth\/tools-databases\/nando\/\" target=\"_blank\" rel=\"noopener noreferrer\">Notified persons in the EU<\/a><\/li>\n<li><a href=\"https:\/\/ec.europa.eu\/growth\/single-market\/european-standards\/harmonised-standards\/machinery_en\" target=\"_blank\" rel=\"noopener noreferrer\">Harmonised standards<\/a><\/li>\n<\/ul>\n<p><strong>Czech translation of relevant EU regulations<\/strong><\/p>\n<ul>\n<li><a href=\"http:\/\/eur-lex.europa.eu\/LexUriServ\/LexUriServ.do?uri=OJ:L:2006:157:0024:0086:CS:PDF\" target=\"_blank\" rel=\"noopener noreferrer\">32006L0042<\/a> (PDF 2,92 MB)<\/li>\n<li><a href=\"http:\/\/eur-lex.europa.eu\/LexUriServ\/LexUriServ.do?uri=OJ:L:2007:076:0035:0035:CS:PDF\" target=\"_blank\" rel=\"noopener noreferrer\">Repair 32006L0042R(2)<\/a> (PDF 29 kB)<\/li>\n<li><a href=\"http:\/\/eur-lex.europa.eu\/LexUriServ\/LexUriServ.do?uri=OJ:L:2009:310:0029:0033:CS:PDF\" target=\"_blank\" rel=\"noopener noreferrer\">32009L0127<\/a> (PDF 844 kB)<\/li>\n<li><a href=\"http:\/\/eur-lex.europa.eu\/LexUriServ\/LexUriServ.do?uri=OJ:L:2012:018:0005:0006:CS:PDF\" target=\"_blank\" rel=\"noopener noreferrer\">32012D0032<\/a> (PDF 721 kB)<\/li>\n<\/ul>","protected":false},"excerpt":{"rendered":"<p>Na\u0159\u00edzen\u00ed vl\u00e1dy \u010d. 176\/2008 Sb. (PDF 4 MB), o technick\u00fdch po\u017eadavc\u00edch na strojn\u00ed za\u0159\u00edzen\u00ed ve zn\u011bn\u00ed na\u0159\u00edzen\u00ed vl\u00e1dy \u010d. 170\/2011 Sb.\u00a0(PDF 284 kB)\u00a0a na\u0159\u00edzen\u00ed vl\u00e1dy \u010d.\u00a0229\/2012 Sb. (PDF 2 MB) a na\u0159\u00edzen\u00ed vl\u00e1dy \u010d. 320\/2017 Sb. (PDF 49 KB) Pracovn\u00ed zn\u011bn\u00ed na\u0159\u00edzen\u00ed vl\u00e1dy\u00a0\u010d. 176\/2008 Sb., o technick\u00fdch po\u017eadavc\u00edch na strojn\u00ed za\u0159\u00edzen\u00ed ve zn\u011bn\u00ed na\u0159\u00edzen\u00ed vl\u00e1dy [&hellip;]<\/p>\n","protected":false},"author":2,"featured_media":0,"parent":733,"menu_order":0,"comment_status":"closed","ping_status":"closed","template":"","meta":{"_acf_changed":false,"_seopress_robots_primary_cat":"","_seopress_titles_title":"","_seopress_titles_desc":"","_seopress_robots_index":"","_lmt_disableupdate":"","_lmt_disable":"","footnotes":""},"class_list":["post-1093","page","type-page","status-publish","hentry"],"acf":[],"_links":{"self":[{"href":"https:\/\/unmz.gov.cz\/en\/wp-json\/wp\/v2\/pages\/1093","targetHints":{"allow":["GET"]}}],"collection":[{"href":"https:\/\/unmz.gov.cz\/en\/wp-json\/wp\/v2\/pages"}],"about":[{"href":"https:\/\/unmz.gov.cz\/en\/wp-json\/wp\/v2\/types\/page"}],"author":[{"embeddable":true,"href":"https:\/\/unmz.gov.cz\/en\/wp-json\/wp\/v2\/users\/2"}],"replies":[{"embeddable":true,"href":"https:\/\/unmz.gov.cz\/en\/wp-json\/wp\/v2\/comments?post=1093"}],"version-history":[{"count":0,"href":"https:\/\/unmz.gov.cz\/en\/wp-json\/wp\/v2\/pages\/1093\/revisions"}],"up":[{"embeddable":true,"href":"https:\/\/unmz.gov.cz\/en\/wp-json\/wp\/v2\/pages\/733"}],"wp:attachment":[{"href":"https:\/\/unmz.gov.cz\/en\/wp-json\/wp\/v2\/media?parent=1093"}],"curies":[{"name":"wp","href":"https:\/\/api.w.org\/{rel}","templated":true}]}}