{"id":1098,"date":"2019-09-03T13:39:31","date_gmt":"2019-09-03T11:39:31","guid":{"rendered":"https:\/\/unmz-wp.e-bs.cz\/?page_id=1098"},"modified":"2020-10-01T12:24:54","modified_gmt":"2020-10-01T10:24:54","slug":"devices-and-protective-systems-designed-for-use-in-an-explosion-safe-environment","status":"publish","type":"page","link":"https:\/\/unmz.gov.cz\/en\/statni-zkusebnictvi\/stanovene-vyrobky\/zarizeni-a-ochranne-systemy-urcene-pro-pouziti-v-prostredi-s-nebezpecim-vybuchu\/","title":{"rendered":"Equipment and protective systems intended for use in potentially explosive atmospheres."},"content":{"rendered":"<p>Government Order <a href=\"https:\/\/aplikace.mv.gov.cz\/sbirka-zakonu\/ViewFile.aspx?type=c&amp;id=19018\" target=\"https:\/\/aplikace.mv.gov.cz\/sbirka-zakonu\/ViewFile.aspx?type=c&amp;id=19018\" rel=\"noopener noreferrer\">No. 116\/2016 Coll.,<\/a> \/PDF 4 MB\/ on Conformity Assessment <strong>of Equipment and Protective Systems Intended for Use in Potentially Explosive Atmospheres<\/strong> When Making Them Available on the Market (2014\/34\/EU)<\/p>\n<p><strong>List of bodies notified for conformity assessment activities for equipment and protective systems intended for use in potentially explosive atmospheres<\/strong><\/p>\n<ul>\n<li><a href=\"https:\/\/unmz.gov.cz\/en\/state-owned-journalism\/authorised-persons-as-designated-entities\/list-of-ao-os-and-uno\/physical-technical-experimental-establishment-s-p\/\">OS 1026 - Physical Technical Testing Institute, s. p.<\/a><\/li>\n<\/ul>\n<p><strong>European Union<\/strong><\/p>\n<ul>\n<li><a href=\"https:\/\/ec.europa.eu\/growth\/sectors\/mechanical-engineering\/atex_en\" target=\"_blank\" rel=\"noopener noreferrer\">European Union website<\/a><\/li>\n<li><a href=\"http:\/\/ec.europa.eu\/growth\/tools-databases\/nando\/index.cfm?fuseaction=directive.notifiedbody&amp;dir_id=153101\" target=\"_blank\" rel=\"noopener noreferrer\">Notified persons in the EU<\/a><\/li>\n<li><a href=\"https:\/\/ec.europa.eu\/growth\/single-market\/european-standards\/harmonised-standards\/equipment-explosive-atmosphere_en\" target=\"_blank\" rel=\"noopener noreferrer\">Harmonised standards<\/a><\/li>\n<\/ul>\n<p><strong>Czech version of relevant EU regulations<\/strong><\/p>\n<ul>\n<li><a href=\"https:\/\/www.unmz.gov.cz\/files\/zku\u0161ebnictv\u00ed\/2014_34_ATEX.pdf\" target=\"_blank\" rel=\"noopener noreferrer\">32014L0034 <\/a>(PDF 1,12 MB)<\/li>\n<\/ul>","protected":false},"excerpt":{"rendered":"<p>Na\u0159\u00edzen\u00ed vl\u00e1dy \u010d. 116\/2016 Sb. \/PDF 4 MB\/ o posuzov\u00e1n\u00ed shody za\u0159\u00edzen\u00ed a ochrann\u00fdch syst\u00e9m\u016f ur\u010den\u00fdch k\u00a0pou\u017eit\u00ed v\u00a0prost\u0159ed\u00ed s\u00a0nebezpe\u010d\u00edm v\u00fdbuchu p\u0159i jejich dod\u00e1v\u00e1n\u00ed na trh (2014\/34\/EU) P\u0159ehled subjekt\u016f ozn\u00e1men\u00fdch\u00a0k \u010dinnostem p\u0159i posuzov\u00e1n\u00ed shody za\u0159\u00edzen\u00ed a ochrann\u00fdch syst\u00e9m\u016f ur\u010den\u00fdch pro pou\u017eit\u00ed v prost\u0159ed\u00ed s nebezpe\u010d\u00edm v\u00fdbuchu OS 1026 - Fyzik\u00e1ln\u011b technick\u00fd zku\u0161ebn\u00ed \u00fastav, s. p. Evropsk\u00e1 [&hellip;]<\/p>\n","protected":false},"author":2,"featured_media":0,"parent":733,"menu_order":0,"comment_status":"closed","ping_status":"closed","template":"","meta":{"_acf_changed":false,"_seopress_robots_primary_cat":"","_seopress_titles_title":"","_seopress_titles_desc":"","_seopress_robots_index":"","_lmt_disableupdate":"","_lmt_disable":"","footnotes":""},"class_list":["post-1098","page","type-page","status-publish","hentry"],"acf":[],"_links":{"self":[{"href":"https:\/\/unmz.gov.cz\/en\/wp-json\/wp\/v2\/pages\/1098","targetHints":{"allow":["GET"]}}],"collection":[{"href":"https:\/\/unmz.gov.cz\/en\/wp-json\/wp\/v2\/pages"}],"about":[{"href":"https:\/\/unmz.gov.cz\/en\/wp-json\/wp\/v2\/types\/page"}],"author":[{"embeddable":true,"href":"https:\/\/unmz.gov.cz\/en\/wp-json\/wp\/v2\/users\/2"}],"replies":[{"embeddable":true,"href":"https:\/\/unmz.gov.cz\/en\/wp-json\/wp\/v2\/comments?post=1098"}],"version-history":[{"count":0,"href":"https:\/\/unmz.gov.cz\/en\/wp-json\/wp\/v2\/pages\/1098\/revisions"}],"up":[{"embeddable":true,"href":"https:\/\/unmz.gov.cz\/en\/wp-json\/wp\/v2\/pages\/733"}],"wp:attachment":[{"href":"https:\/\/unmz.gov.cz\/en\/wp-json\/wp\/v2\/media?parent=1098"}],"curies":[{"name":"wp","href":"https:\/\/api.w.org\/{rel}","templated":true}]}}