{"id":1099,"date":"2019-09-03T13:35:36","date_gmt":"2019-09-03T11:35:36","guid":{"rendered":"https:\/\/unmz-wp.e-bs.cz\/?page_id=1099"},"modified":"2022-05-09T12:40:16","modified_gmt":"2022-05-09T10:40:16","slug":"pressure-sensitive","status":"publish","type":"page","link":"https:\/\/unmz.gov.cz\/en\/statni-zkusebnictvi\/stanovene-vyrobky\/tlakova-zarizeni\/","title":{"rendered":"Pressure equipment."},"content":{"rendered":"<p><a href=\"https:\/\/unmz.gov.cz\/en\/files\/zku%C5%A1ebnictv%C3%AD\/NV%20219_2016%20Sb%20%28PED%29.pdf\/\" target=\"_blank\" rel=\"noopener noreferrer\">Government Regulation No. 219\/2016 Coll., on conformity assessment of pressure equipment when it is placed on the market<\/a> \/PDF 6,1 MB\/.<\/p>\n<p><strong>List of bodies notified for conformity assessment activities for pressure equipment and recognised independent organisations<\/strong><\/p>\n<ul>\n<li><a href=\"https:\/\/unmz.gov.cz\/en\/state-owned-journalism\/authorised-persons-as-designated-entities\/list-of-ao-os-and-uno\/engineering-experimental-establishment-s-p\/\">OS 1015 - Stroj\u00edrensk\u00fd zku\u0161ebn\u00ed \u00fastav, s. p.<\/a><\/li>\n<li><a href=\"https:\/\/unmz.gov.cz\/en\/state-owned-journalism\/authorised-persons-as-designated-entities\/list-of-ao-os-and-uno\/tuv-sud-czech-s-r-o\/\">OS 1017 - T\u00dcV S\u00dcD Czech s. r. o.<\/a><\/li>\n<li><a href=\"https:\/\/unmz.gov.cz\/en\/state-owned-journalism\/authorised-persons-as-designated-entities\/list-of-ao-os-and-uno\/institute-for-testing-and-certification-a-s\/\">OS 1023 - Institute for Testing and Certification, a. s.<\/a><\/li>\n<li><a href=\"https:\/\/unmz.gov.cz\/en\/state-owned-journalism\/authorised-persons-as-designated-entities\/list-of-ao-os-and-uno\/tuv-nord-czech-s-r-o\/\">OS 1221 - T\u00dcV NORD Czech, s.r.o.<\/a><\/li>\n<li><a href=\"https:\/\/unmz.gov.cz\/en\/state-owned-journalism\/authorised-persons-as-designated-entities\/list-of-ao-os-and-uno\/qualiform-a-s\/\">OS 1544 - QUALIFORM, a.s.<\/a><\/li>\n<li><a href=\"https:\/\/unmz.gov.cz\/en\/state-owned-journalism\/authorised-persons-as-designated-entities\/list-of-ao-os-and-uno\/tuv-austria-czech-spol-s-r-o\/\">OS 1735 - T\u00dcV AUSTRIA, s. r. o.<\/a><\/li>\n<li><a href=\"https:\/\/unmz.gov.cz\/en\/state-owned-journalism\/authorised-persons-as-designated-entities\/list-of-ao-os-and-uno\/tesydo-s-r-o\/\">OS 2378 - TESYDO, s. r. o.<\/a><\/li>\n<li><a href=\"https:\/\/unmz.gov.cz\/en\/state-owned-journalism\/authorised-persons-as-designated-entities\/list-of-ao-os-and-uno\/ll-c-certification-czech-republic-a-s\/\">OS 2435 - LL-C (Certification) Czech Republic a.s.<\/a><\/li>\n<li><a href=\"https:\/\/unmz.gov.cz\/en\/state-owned-journalism\/authorised-persons-as-designated-entities\/list-of-ao-os-and-uno\/house-zo-13-s-r-o\/\">OS 2570 - DOM-ZO 13, s.r.o.<\/a><\/li>\n<li><a href=\"https:\/\/unmz.gov.cz\/en\/state-owned-journalism\/authorised-persons-as-designated-entities\/list-of-ao-os-and-uno\/ceska-svarecska-spolecnost-anb\/\">Czech Welding Society ANB<\/a><\/li>\n<li><a href=\"https:\/\/unmz.gov.cz\/en\/state-owned-journalism\/authorised-persons-as-designated-entities\/list-of-ao-os-and-uno\/certification-association-for-personal\/\">Certification Association for APC Personnel<\/a><\/li>\n<li><a href=\"https:\/\/unmz.gov.cz\/en\/state-owned-journalism\/authorised-persons-as-designated-entities\/list-of-ao-os-and-uno\/tds-brno-section-materials-and-welding-p-s\/\">TDS Brno - Materials and Welding Section, p. s.<\/a><\/li>\n<li><a href=\"https:\/\/unmz.gov.cz\/en\/state-owned-journalism\/authorised-persons-as-designated-entities\/list-of-ao-os-and-uno\/united-registrar-of-systems-czech-s-r-o\/\">OS 2912 - United Registrar of Systems Czech, s.r.o.<\/a><\/li>\n<li><a href=\"https:\/\/unmz.gov.cz\/en\/state-owned-journalism\/authorised-persons-as-designated-entities\/list-of-ao-os-and-uno\/building-concert-lease-societies-of-legal-persons\/\">OS 1517 - STAVCERT, interest association of legal persons<\/a><\/li>\n<\/ul>\n<p><strong>European Union<\/strong><\/p>\n<ul>\n<li><a href=\"https:\/\/ec.europa.eu\/growth\/sectors\/pressure-gas\/pressure-equipment_en\" target=\"_blank\" rel=\"noopener noreferrer\">European Union website<\/a><\/li>\n<li><a href=\"http:\/\/ec.europa.eu\/growth\/tools-databases\/nando\/index.cfm?fuseaction=directive.notifiedbody&amp;dir_id=153841\" target=\"_blank\" rel=\"noopener noreferrer\">Notified persons in the EU<\/a><\/li>\n<li><a href=\"http:\/\/ec.europa.eu\/growth\/single-market\/european-standards\/harmonised-standards\/pressure-equipment\/index_en.htm\" target=\"_blank\" rel=\"noopener noreferrer\">Harmonised standards\u00a0<\/a><\/li>\n<li>Pressure equipment materials according to b. 4 of Annex 1 of the Government Regulation\n<ul>\n<li style=\"list-style-type: none;\">\n<ul type=\"circle\">\n<li>EAM (<a href=\"https:\/\/unmz.gov.cz\/en\/files\/zku\u0161ebnictv\u00ed\/EAM%20\u010d.%204-11%20.doc\/\" target=\"_blank\" rel=\"noopener noreferrer\">Czech<\/a> a <a href=\"https:\/\/unmz.gov.cz\/en\/files\/zku\u0161ebnictv\u00ed\/EAM%20a..pdf\/\" target=\"_blank\" rel=\"noopener noreferrer\">English<\/a>)<u><\/u><\/li>\n<li>PMA (<a href=\"https:\/\/unmz.gov.cz\/en\/files\/zku\u0161ebnictv\u00ed\/PMA%20\u010d..doc\/\" target=\"_blank\" rel=\"noopener noreferrer\">Czech<\/a> a <a href=\"https:\/\/unmz.gov.cz\/en\/files\/zku\u0161ebnictv\u00ed\/PMA%20a..pdf\/\" target=\"_blank\" rel=\"noopener noreferrer\">English<\/a>)<\/li>\n<\/ul>\n<\/li>\n<\/ul>\n<\/li>\n<\/ul>\n<p><strong>Czech version of relevant EU regulations<\/strong><\/p>\n<ul>\n<li>\u00a0<a href=\"http:\/\/eur-lex.europa.eu\/legal-content\/CS\/TXT\/PDF\/?uri=CELEX:32014L0068&amp;from=CS\" target=\"_blank\" rel=\"noopener noreferrer\">32014L0068<\/a>\u00a0(PDF 2,75 MB)<\/li>\n<\/ul>","protected":false},"excerpt":{"rendered":"<p>Na\u0159\u00edzen\u00ed vl\u00e1dy \u010d. 219\/2016 Sb., o posuzov\u00e1n\u00ed shody tlakov\u00fdch za\u0159\u00edzen\u00ed p\u0159i jejich dod\u00e1v\u00e1n\u00ed na trh \/PDF\u00a0 6,1 MB\/. P\u0159ehled subjekt\u016f ozn\u00e1men\u00fdch\u00a0k \u010dinnostem p\u0159i posuzov\u00e1n\u00ed shody tlakov\u00fdch za\u0159\u00edzen\u00ed a uznan\u00e9 nez\u00e1visl\u00e9 organizace OS 1015 - Stroj\u00edrensk\u00fd zku\u0161ebn\u00ed \u00fastav, s. p. OS 1017 - T\u00dcV S\u00dcD Czech s. r. o. OS 1023 - Institut pro testov\u00e1n\u00ed a [&hellip;]<\/p>\n","protected":false},"author":2,"featured_media":0,"parent":733,"menu_order":0,"comment_status":"closed","ping_status":"closed","template":"","meta":{"_acf_changed":false,"_seopress_robots_primary_cat":"","_seopress_titles_title":"","_seopress_titles_desc":"","_seopress_robots_index":"","_lmt_disableupdate":"","_lmt_disable":"","footnotes":""},"class_list":["post-1099","page","type-page","status-publish","hentry"],"acf":[],"_links":{"self":[{"href":"https:\/\/unmz.gov.cz\/en\/wp-json\/wp\/v2\/pages\/1099","targetHints":{"allow":["GET"]}}],"collection":[{"href":"https:\/\/unmz.gov.cz\/en\/wp-json\/wp\/v2\/pages"}],"about":[{"href":"https:\/\/unmz.gov.cz\/en\/wp-json\/wp\/v2\/types\/page"}],"author":[{"embeddable":true,"href":"https:\/\/unmz.gov.cz\/en\/wp-json\/wp\/v2\/users\/2"}],"replies":[{"embeddable":true,"href":"https:\/\/unmz.gov.cz\/en\/wp-json\/wp\/v2\/comments?post=1099"}],"version-history":[{"count":0,"href":"https:\/\/unmz.gov.cz\/en\/wp-json\/wp\/v2\/pages\/1099\/revisions"}],"up":[{"embeddable":true,"href":"https:\/\/unmz.gov.cz\/en\/wp-json\/wp\/v2\/pages\/733"}],"wp:attachment":[{"href":"https:\/\/unmz.gov.cz\/en\/wp-json\/wp\/v2\/media?parent=1099"}],"curies":[{"name":"wp","href":"https:\/\/api.w.org\/{rel}","templated":true}]}}