{"id":1100,"date":"2019-09-03T13:36:19","date_gmt":"2019-09-03T11:36:19","guid":{"rendered":"https:\/\/unmz-wp.e-bs.cz\/?page_id=1100"},"modified":"2020-10-01T12:14:11","modified_gmt":"2020-10-01T10:14:11","slug":"efficiency-of-new-fluid-coils","status":"publish","type":"page","link":"https:\/\/unmz.gov.cz\/en\/statni-zkusebnictvi\/stanovene-vyrobky\/ucinnost-novych-teplovodnich-kotlu\/","title":{"rendered":"Efficiency of new hot water boilers."},"content":{"rendered":"<p>Government Order No. <a href=\"https:\/\/aplikace.mv.gov.cz\/sbirka-zakonu\/ViewFile.aspx?type=c&amp;id=4093\">25\/2003 Coll.<\/a>. (PDF 13 MB), laying down technical requirements for the efficiency of new hot water boilers burning liquid or gaseous fuels, as amended by Government Decree No. <a href=\"https:\/\/aplikace.mv.gov.cz\/sbirka-zakonu\/ViewFile.aspx?type=c&amp;id=4345\">126\/2004 Coll.<\/a> (PDF 89 kB) and Government Regulation No. <a href=\"https:\/\/aplikace.mv.gov.cz\/sbirka-zakonu\/ViewFile.aspx?type=c&amp;id=4866\">42\/2006 Coll.<\/a>. (PDF 86 kB)<\/p>\n<p><strong>List of bodies authorised to carry out conformity assessment activities for the efficiency of new hot water boilers burning liquid or gaseous fuels<\/strong><\/p>\n<ul>\n<li><a href=\"https:\/\/unmz.gov.cz\/en\/state-owned-journalism\/authorised-persons-as-designated-entities\/list-of-ao-os-and-uno\/engineering-experimental-establishment-s-p\/\">AO 202 - Engineering Testing Institute, s. p<\/a><\/li>\n<\/ul>\n<p><strong>European Union<\/strong><\/p>\n<ul>\n<li><a href=\"http:\/\/europa.eu\/legislation_summaries\/energy\/energy_efficiency\/l21019_en.htm\" target=\"_blank\" rel=\"noopener noreferrer\">European Union website<\/a><\/li>\n<li><a href=\"http:\/\/ec.europa.eu\/enterprise\/newapproach\/nando\/index.cfm?fuseaction=directive.notifiedbody&amp;dir_id=11&amp;type_dir=NO CPD&amp;pro_id=99999&amp;prc_id=99999&amp;ann_id=99999&amp;prc_anx=99999\">Notified persons in the EU<\/a><\/li>\n<li><a href=\"http:\/\/ec.europa.eu\/enterprise\/policies\/european-standards\/harmonised-standards\/ecodesign\/boilers_en.htm\" target=\"_blank\" rel=\"noopener noreferrer\">Harmonised standards<\/a><\/li>\n<\/ul>\n<p><strong>Czech translation of relevant EU directives<\/strong><\/p>\n<ul>\n<li><a href=\"http:\/\/eur-lex.europa.eu\/LexUriServ\/LexUriServ.do?uri=DD:13:11:31992L0042:CS:PDF\" target=\"_blank\" rel=\"noopener noreferrer\">31992L0042<\/a> (PDF 125 kB)<\/li>\n<li><a href=\"http:\/\/eur-lex.europa.eu\/LexUriServ\/LexUriServ.do?uri=DD:13:12:31993L0068:CS:PDF\" target=\"_blank\" rel=\"noopener noreferrer\">31993L0068<\/a> (PDF 211 kB)<\/li>\n<li><a href=\"http:\/\/eur-lex.europa.eu\/LexUriServ\/LexUriServ.do?uri=DD:12:03:32004L0008:CS:PDF\" target=\"_blank\" rel=\"noopener noreferrer\">32004L0008<\/a> (PDF 486 kB)<\/li>\n<li><a href=\"http:\/\/eur-lex.europa.eu\/LexUriServ\/LexUriServ.do?uri=OJ:L:2005:191:0029:0058:CS:PDF\" target=\"_blank\" rel=\"noopener noreferrer\">32005L0032<\/a> (PDF 524 kB)<\/li>\n<li><a href=\"http:\/\/eur-lex.europa.eu\/LexUriServ\/LexUriServ.do?uri=OJ:L:2008:081:0048:0050:CS:PDF\" target=\"_blank\" rel=\"noopener noreferrer\">32008L0028<\/a>\u00a0(PDF 53 kB)<\/li>\n<\/ul>","protected":false},"excerpt":{"rendered":"<p>Na\u0159\u00edzen\u00ed vl\u00e1dy \u010d. 25\/2003 Sb. (PDF 13 MB), kter\u00fdm se stanov\u00ed technick\u00e9 po\u017eadavky na \u00fa\u010dinnost nov\u00fdch teplovodn\u00edch kotl\u016f spaluj\u00edc\u00edch kapaln\u00e1 nebo plynn\u00e1 paliva, ve zn\u011bn\u00ed na\u0159\u00edzen\u00ed vl\u00e1dy \u010d. 126\/2004 Sb. (PDF 89 kB) a na\u0159\u00edzen\u00ed vl\u00e1dy \u010d. 42\/2006 Sb. (PDF 86 kB) P\u0159ehled subjekt\u016f autorizovan\u00fdch k \u010dinnostem p\u0159i posuzov\u00e1n\u00ed shody \u00fa\u010dinnosti nov\u00fdch teplovodn\u00edch kotl\u016f spaluj\u00edc\u00edch [&hellip;]<\/p>\n","protected":false},"author":2,"featured_media":0,"parent":733,"menu_order":0,"comment_status":"closed","ping_status":"closed","template":"","meta":{"_acf_changed":false,"_seopress_robots_primary_cat":"","_seopress_titles_title":"","_seopress_titles_desc":"","_seopress_robots_index":"","_lmt_disableupdate":"","_lmt_disable":"","footnotes":""},"class_list":["post-1100","page","type-page","status-publish","hentry"],"acf":[],"_links":{"self":[{"href":"https:\/\/unmz.gov.cz\/en\/wp-json\/wp\/v2\/pages\/1100","targetHints":{"allow":["GET"]}}],"collection":[{"href":"https:\/\/unmz.gov.cz\/en\/wp-json\/wp\/v2\/pages"}],"about":[{"href":"https:\/\/unmz.gov.cz\/en\/wp-json\/wp\/v2\/types\/page"}],"author":[{"embeddable":true,"href":"https:\/\/unmz.gov.cz\/en\/wp-json\/wp\/v2\/users\/2"}],"replies":[{"embeddable":true,"href":"https:\/\/unmz.gov.cz\/en\/wp-json\/wp\/v2\/comments?post=1100"}],"version-history":[{"count":0,"href":"https:\/\/unmz.gov.cz\/en\/wp-json\/wp\/v2\/pages\/1100\/revisions"}],"up":[{"embeddable":true,"href":"https:\/\/unmz.gov.cz\/en\/wp-json\/wp\/v2\/pages\/733"}],"wp:attachment":[{"href":"https:\/\/unmz.gov.cz\/en\/wp-json\/wp\/v2\/media?parent=1100"}],"curies":[{"name":"wp","href":"https:\/\/api.w.org\/{rel}","templated":true}]}}