{"id":1114,"date":"2019-09-03T13:40:11","date_gmt":"2019-09-03T11:40:11","guid":{"rendered":"https:\/\/unmz-wp.e-bs.cz\/?page_id=1114"},"modified":"2020-11-10T09:14:33","modified_gmt":"2020-11-10T08:14:33","slug":"equipment-for-transportation-of-persons","status":"publish","type":"page","link":"https:\/\/unmz.gov.cz\/en\/statni-zkusebnictvi\/stanovene-vyrobky\/zarizeni-pro-dopravu-osob\/","title":{"rendered":"Passenger transport equipment."},"content":{"rendered":"<p>Regulation (EU) No. <a href=\"http:\/\/eur-lex.europa.eu\/legal-content\/CS\/TXT\/?uri=uriserv:OJ.L_.2016.081.01.0001.01.CES&amp;toc=OJ:L:2016:081:TOC\" target=\"_blank\" rel=\"noopener noreferrer\">2016\/424<\/a> of 9 March 2016 on cableways and repealing Directive 2000\/9\/EC<\/p>\n<p><strong>Notified entities<\/strong><\/p>\n<ul>\n<li><a href=\"https:\/\/unmz.gov.cz\/en\/state-owned-journalism\/authorised-persons-as-designated-entities\/list-of-ao-os-and-uno\/tuv-sud-czech-s-r-o\/\">OS 1017 - T\u00dcV S\u00dcD Czech s. r. o.<\/a><\/li>\n<\/ul>\n<p><strong>European Union<\/strong><\/p>\n<ul>\n<li><a href=\"https:\/\/ec.europa.eu\/growth\/sectors\/mechanical-engineering\/cableways_en\" target=\"_blank\" rel=\"noopener noreferrer\">European Union website<\/a><\/li>\n<li><a href=\"http:\/\/ec.europa.eu\/growth\/tools-databases\/nando\/index.cfm?fuseaction=directive.notifiedbody&amp;dir_id=155178\" target=\"_blank\" rel=\"noopener noreferrer\">Notified persons in the EU\u00a0<\/a><\/li>\n<li><a href=\"https:\/\/ec.europa.eu\/growth\/single-market\/european-standards\/harmonised-standards\/cableways_en\" target=\"_blank\" rel=\"noopener noreferrer\">Harmonised standards<\/a><\/li>\n<\/ul>\n<p><strong>Information for \u00daNMZ<\/strong><\/p>\n<p>With regard to the exclusion of rope towed equipment where users or drifters move on water (water ski lifts) from the draft Regulation of the European Parliament and of the Council on cableways, the Office for Technical Standardization, Metrology and State Testing publishes the output of the task of the Standardization Plan-Testing Development Programme \"<strong>Establishment of a framework of requirements for the assessment of the technical and operational safety of water ski lifts, taking into account the specific risks of these installations<\/strong>\".<\/p>\n<p>The task was assigned with the aim of ensuring a consistent approach by authorised persons. However, the task in question shows that authorised persons cannot carry out conformity assessment in this case according to the legal regulations issued to implement Act No 22\/1997 Coll., on technical requirements for products and on amendment and supplementation of certain acts.<\/p>\n<p>The output of the task is <strong><a href=\"https:\/\/www.unmz.gov.cz\/files\/zku\u0161ebnictv\u00ed\/VODN\u00cdVLEKYMETODIKAALI.pdf\" target=\"_blank\" rel=\"noopener noreferrer\">RECOMMENDED SELECTION OF BASIC TECHNICAL REQUIREMENTS FOR THE CONFORMITY ASSESSMENT OF WATER SKI LIFTS<\/a><\/strong> <em>\/PDF 396 kB\/<\/em>which can serve domestic manufacturers to properly carry out conformity assessment, but also other interested institutions, including supervisory authorities. For the future operator, additional requirements for its installation in a specific infrastructure as well as for the actual operation may be set during the authorisation procedure under the powers of the construction authorities, in accordance with the amendment to Act No 266\/1994 Coll., as amended. Please note that an amendment to Act No 266\/1994 Coll., as amended, is currently being prepared which puts water lifts on an equal footing with ski lifts. It will therefore be necessary, once this amendment comes into force, to secure approval from the Railway Authority for the suitability of the lifts for operation and to apply for a licence. Operators, manufacturers and other interested parties are referred to the website of the Railway Authority: <a href=\"https:\/\/www.ducr.cz\/images\/drurad\/dokumenty\/technici\/UTZ_Metodicky_pokyn_pro_LV.pdf\">https:\/\/www.ducr.cz\/images\/drurad\/dokumenty\/technici\/UTZ_Metodicky_pokyn_pro_LV.pdf<\/a>, where the \"Methodological Instruction for Approval of Ski Lifts for Operation and Issuance of Certificates of Competence\" is published.<\/p>","protected":false},"excerpt":{"rendered":"<p>Na\u0159\u00edzen\u00ed Evropsk\u00e9ho parlamentu a Rady (EU) \u010d. 2016\/424 ze dne 9. b\u0159ezna 2016 o lanov\u00fdch dr\u00e1h\u00e1ch a o zru\u0161en\u00ed sm\u011brnice 2000\/9\/ES Ozn\u00e1men\u00e9 subjekty OS 1017 - T\u00dcV S\u00dcD Czech s. r. o. Evropsk\u00e1 unie Str\u00e1nka Evropsk\u00e9 unie Notifikovan\u00e9 osoby v EU\u00a0 Harmonizovan\u00e9 normy Informace \u00daNMZ S\u00a0ohledem na vylou\u010den\u00ed lanem vle\u010den\u00fdch za\u0159\u00edzen\u00ed, u kter\u00fdch se u\u017eivatel\u00e9 [&hellip;]<\/p>\n","protected":false},"author":2,"featured_media":0,"parent":733,"menu_order":0,"comment_status":"closed","ping_status":"closed","template":"","meta":{"_acf_changed":false,"_seopress_robots_primary_cat":"","_seopress_titles_title":"","_seopress_titles_desc":"","_seopress_robots_index":"","_lmt_disableupdate":"","_lmt_disable":"","footnotes":""},"class_list":["post-1114","page","type-page","status-publish","hentry"],"acf":[],"_links":{"self":[{"href":"https:\/\/unmz.gov.cz\/en\/wp-json\/wp\/v2\/pages\/1114","targetHints":{"allow":["GET"]}}],"collection":[{"href":"https:\/\/unmz.gov.cz\/en\/wp-json\/wp\/v2\/pages"}],"about":[{"href":"https:\/\/unmz.gov.cz\/en\/wp-json\/wp\/v2\/types\/page"}],"author":[{"embeddable":true,"href":"https:\/\/unmz.gov.cz\/en\/wp-json\/wp\/v2\/users\/2"}],"replies":[{"embeddable":true,"href":"https:\/\/unmz.gov.cz\/en\/wp-json\/wp\/v2\/comments?post=1114"}],"version-history":[{"count":0,"href":"https:\/\/unmz.gov.cz\/en\/wp-json\/wp\/v2\/pages\/1114\/revisions"}],"up":[{"embeddable":true,"href":"https:\/\/unmz.gov.cz\/en\/wp-json\/wp\/v2\/pages\/733"}],"wp:attachment":[{"href":"https:\/\/unmz.gov.cz\/en\/wp-json\/wp\/v2\/media?parent=1114"}],"curies":[{"name":"wp","href":"https:\/\/api.w.org\/{rel}","templated":true}]}}