{"id":1115,"date":"2019-09-03T13:40:37","date_gmt":"2019-09-03T11:40:37","guid":{"rendered":"https:\/\/unmz-wp.e-bs.cz\/?page_id=1115"},"modified":"2022-03-31T11:03:15","modified_gmt":"2022-03-31T09:03:15","slug":"medical-medical-media","status":"publish","type":"page","link":"https:\/\/unmz.gov.cz\/en\/statni-zkusebnictvi\/stanovene-vyrobky\/zdravotnicke-prostredky\/","title":{"rendered":"Medical devices."},"content":{"rendered":"<p>Conformity assessment of medical devices, including active implantable medical devices (hereinafter referred to as \"IMDs\"), is based on compliance with the requirements of the <a href=\"https:\/\/eur-lex.europa.eu\/legal-content\/CS\/TXT\/PDF\/?uri=CELEX:32017R0745\"><strong>Regulation (EU) 2017\/745 of the European Parliament and of the Council<\/strong><\/a>\u00a0(\"MDR\") on medical devices, amending Directive 2001\/83\/EC, Regulation (EC) No 178\/2002 and Regulation (EC) No 1223\/2009 and repealing Council Directives 90\/385\/EEC and 93\/42\/EEC.<\/p>\n<p>The MDR replaces the previous Council Directive 93\/42\/EEC on medical devices.<\/p>\n<p>Act No. 89\/2021 Coll., on medical devices and amending Act No. 378\/2007 Coll., on pharmaceuticals and on amendments to certain related acts (Act on pharmaceuticals), as amended, Act No. 90\/2016 Coll., has been adapted to the MDR Regulation, Act No. 186\/2021 Coll., on the implementation of certain provisions of the Act on Medical Devices, Act No. 170\/2021 Coll., on the determination of the amount of reimbursement of expenses for professional acts performed by the State Institute for Drug Control pursuant to the Act on Medical Devices<\/p>\n<p>Unlike the previous Directive (93\/42\/EEC), the new Regulation is aligned with the principles of\u00a0<strong><a href=\"https:\/\/unmz.gov.cz\/en\/state-owned-journalism\/information-portal-unmz\/legal-regulations\/new-legislative-framework\/\">the new legislative framework<\/a><\/strong> (NLF), requirements regarding economic operators, notified bodies, registration of devices, conformity assessment procedures, post-market monitoring, clinical trial obligations, etc. have been clarified. There have also been minor changes to the classification rules and some devices may therefore fall into a different risk class than under Directive 93\/42\/EEC. Annex XVI has also been added to define products that have no intended medical purpose but fall under the MDR. Thus, for example, non-prescription coloured contact lenses, subdermal implants, dermal fillers, liposuction devices, IPL epilators, transcranial (non-surgically invasive) stimulation and others are now covered by the Regulation. \"The 'General Safety and Efficacy Requirements' are set out in Annex I of the MDR.<\/p>\n<p>On the European Commission's FP website\u00a0<a href=\"https:\/\/ec.europa.eu\/health\/medical-devices-new-regulations\/guidance_en\">https:\/\/ec.europa.eu\/health\/md_sector\/new_regulations\/guidance_en#sec3\u00a0<\/a>several documents are published to help navigate the changes related to the implementation of the new MDR and to comply with the MDR requirements<\/p>\n<p><strong>Overview of notified bodies in the Czech Republic for the MDR Regulation <\/strong><\/p>\n<p><strong>European Union<\/strong><\/p>\n<ul>\n<li><a href=\"https:\/\/ec.europa.eu\/health\/md_sector\/overview_en\">European Commission website for FP<\/a><\/li>\n<li><a href=\"https:\/\/ec.europa.eu\/growth\/tools-databases\/nando\/index.cfm?fuseaction=directive.notifiedbody&amp;dir_id=34\">Notified persons in the EU<\/a> - List of notified bodies for the MDR<\/li>\n<li><a href=\"https:\/\/ec.europa.eu\/health\/medical-devices-topics-interest\/harmonised-standards_en\"><u>Harmonised standards<\/u><\/a><u>\u00a0<\/u>- harmonised European standards under the MDR<\/li>\n<\/ul>\n<p>Czech version of relevant EU regulations<\/p>\n<p><a href=\"https:\/\/eur-lex.europa.eu\/legal-content\/CS\/TXT\/?uri=CELEX%3A32017R0745\">32017R0745<\/a> Regulation (EU) No 2017\/745 of the European Parliament and of the Council<\/p>\n<p><a href=\"https:\/\/www.unmz.gov.cz\/wp-content\/uploads\/zakon-c.-89_2021-Sb..pdf\">Act No. 89_2021 Coll.<\/a><br \/>\n<a href=\"https:\/\/www.unmz.gov.cz\/wp-content\/uploads\/zakon-c.-90_2016-Sb..pdf\">Act No. 90_2016 Coll.<\/a><br \/>\n<a href=\"https:\/\/www.unmz.gov.cz\/wp-content\/uploads\/zakon-c.-186_2021-Sb..pdf\">Decree No. 186_2021 Coll.<\/a><br \/>\n<a href=\"https:\/\/www.unmz.gov.cz\/wp-content\/uploads\/zakon-c.-170_2021-Sb..pdf\">Decree No. 170_2021 Coll.<\/a><\/p>\n<p>According to Article 120 of the MDR, transitional provisions, a device with a valid Declaration of Conformity or a valid certificate issued in accordance with Government Regulations No. 54\/2015 Coll. or No. 55\/2015 Coll. (Council Directive 93\/42\/EEC) may be placed on the market until the certificate is valid, but no later than 26 May 2024.<\/p>\n<p><strong>List of entities authorised to carry out conformity assessment activities for medical devices, <\/strong><strong>which from <em>26. 5. 2021<\/em> can only supervise the certificates issued by them: <\/strong><\/p>\n<ul>\n<li><a href=\"https:\/\/unmz.gov.cz\/en\/state-owned-journalism\/authorised-persons-as-designated-entities\/list-of-ao-os-and-uno\/electrotechnical-experimental-establishment-s-p\/\">AO 201 - Electrotechnical Testing Institute, s. p.<\/a><br \/>\n<a href=\"https:\/\/www.unmz.gov.cz\/wp-content\/uploads\/EZU-R-2_2019.pdf\">EZ\u00da Decision No. 2\/2019<\/a> + <a href=\"https:\/\/www.unmz.gov.cz\/wp-content\/uploads\/p\u0159\u00edloha-k-rozhodnut\u00ed-2_2019-EZU.pdf\">Annex to Decision No 2\/2019<\/a><\/li>\n<\/ul>\n<ul>\n<li><a href=\"https:\/\/unmz.gov.cz\/en\/state-owned-journalism\/authorised-persons-as-designated-entities\/list-of-ao-os-and-uno\/institute-for-testing-and-certification-a-s\/\">AO 224 - Institute for Testing and Certification, a. s.<\/a><br \/>\n<a href=\"https:\/\/www.unmz.gov.cz\/wp-content\/uploads\/ITC_Rozhodnut\u00ed-1_2018.pdf\">ITC_Decision 1_2018<\/a><br \/>\n<a href=\"https:\/\/www.unmz.gov.cz\/wp-content\/uploads\/ITC_Rozhodnut\u00ed-11_2020.pdf\">ITC_Decision 11_2020<\/a><\/li>\n<\/ul>","protected":false},"excerpt":{"rendered":"<p>Posuzov\u00e1n\u00ed shody zdravotnick\u00fdch prost\u0159edk\u016f v\u010detn\u011b aktivn\u00edch implantabiln\u00edch zdravotnick\u00fdch prost\u0159edk\u016f (d\u00e1le jen \u201eZP\u201c) je od 26. 5. 2021 zalo\u017eeno na pln\u011bn\u00ed po\u017eadavk\u016f na\u0159\u00edzen\u00ed Evropsk\u00e9ho parlamentu a Rady (EU) 2017\/745\u00a0(d\u00e1le jen \u201eMDR\u201c) o zdravotnick\u00fdch prost\u0159edc\u00edch, zm\u011bn\u011b sm\u011brnice 2001\/83\/ES, na\u0159\u00edzen\u00ed (ES) \u010d. 178\/2002 a na\u0159\u00edzen\u00ed (ES) \u010d. 1223\/2009 a o zru\u0161en\u00ed sm\u011brnic Rady 90\/385\/EHS a 93\/42\/EHS. Na\u0159\u00edzen\u00ed MDR [&hellip;]<\/p>\n","protected":false},"author":2,"featured_media":0,"parent":733,"menu_order":0,"comment_status":"closed","ping_status":"closed","template":"","meta":{"_acf_changed":false,"_seopress_robots_primary_cat":"","_seopress_titles_title":"","_seopress_titles_desc":"","_seopress_robots_index":"","_lmt_disableupdate":"","_lmt_disable":"","footnotes":""},"class_list":["post-1115","page","type-page","status-publish","hentry"],"acf":[],"_links":{"self":[{"href":"https:\/\/unmz.gov.cz\/en\/wp-json\/wp\/v2\/pages\/1115","targetHints":{"allow":["GET"]}}],"collection":[{"href":"https:\/\/unmz.gov.cz\/en\/wp-json\/wp\/v2\/pages"}],"about":[{"href":"https:\/\/unmz.gov.cz\/en\/wp-json\/wp\/v2\/types\/page"}],"author":[{"embeddable":true,"href":"https:\/\/unmz.gov.cz\/en\/wp-json\/wp\/v2\/users\/2"}],"replies":[{"embeddable":true,"href":"https:\/\/unmz.gov.cz\/en\/wp-json\/wp\/v2\/comments?post=1115"}],"version-history":[{"count":0,"href":"https:\/\/unmz.gov.cz\/en\/wp-json\/wp\/v2\/pages\/1115\/revisions"}],"up":[{"embeddable":true,"href":"https:\/\/unmz.gov.cz\/en\/wp-json\/wp\/v2\/pages\/733"}],"wp:attachment":[{"href":"https:\/\/unmz.gov.cz\/en\/wp-json\/wp\/v2\/media?parent=1115"}],"curies":[{"name":"wp","href":"https:\/\/api.w.org\/{rel}","templated":true}]}}