{"id":12451,"date":"2026-04-07T12:38:38","date_gmt":"2026-04-07T10:38:38","guid":{"rendered":"https:\/\/unmz.gov.cz\/?page_id=12451"},"modified":"2026-04-07T12:51:45","modified_gmt":"2026-04-07T10:51:45","slug":"73-statni-etalon-termodynamicke-teploty","status":"publish","type":"page","link":"https:\/\/unmz.gov.cz\/en\/metrologie\/metrologicky-system\/statni-etalony-ceske-republiky\/73-statni-etalon-termodynamicke-teploty\/","title":{"rendered":"73. St\u00e1tn\u00ed etalon termodynamick\u00e9 teploty"},"content":{"rendered":"<p><a href=\"https:\/\/unmz.gov.cz\/wp-content\/uploads\/se-73-vyhlaseni-vestnik.pdf\">ECM 321-3\/26-73<\/a> ozn\u00e1men\u00ed (PDF 206 kB)<\/p>\n<p><a href=\"https:\/\/unmz.gov.cz\/wp-content\/uploads\/se-73-obrazek.jpg\">ECM 321-3\/26-73<\/a> obr\u00e1zek (JPG\u00a0 238 kB)<\/p>","protected":false},"excerpt":{"rendered":"<p>ECM 321-3\/26-73 ozn\u00e1men\u00ed (PDF 206 kB) ECM 321-3\/26-73 obr\u00e1zek (JPG\u00a0 238 kB)<\/p>","protected":false},"author":4,"featured_media":0,"parent":265,"menu_order":0,"comment_status":"closed","ping_status":"closed","template":"","meta":{"_acf_changed":false,"_seopress_robots_primary_cat":"","_seopress_titles_title":"","_seopress_titles_desc":"","_seopress_robots_index":"","_lmt_disableupdate":"no","_lmt_disable":"","footnotes":""},"class_list":["post-12451","page","type-page","status-publish","hentry"],"acf":[],"_links":{"self":[{"href":"https:\/\/unmz.gov.cz\/en\/wp-json\/wp\/v2\/pages\/12451","targetHints":{"allow":["GET"]}}],"collection":[{"href":"https:\/\/unmz.gov.cz\/en\/wp-json\/wp\/v2\/pages"}],"about":[{"href":"https:\/\/unmz.gov.cz\/en\/wp-json\/wp\/v2\/types\/page"}],"author":[{"embeddable":true,"href":"https:\/\/unmz.gov.cz\/en\/wp-json\/wp\/v2\/users\/4"}],"replies":[{"embeddable":true,"href":"https:\/\/unmz.gov.cz\/en\/wp-json\/wp\/v2\/comments?post=12451"}],"version-history":[{"count":3,"href":"https:\/\/unmz.gov.cz\/en\/wp-json\/wp\/v2\/pages\/12451\/revisions"}],"predecessor-version":[{"id":12459,"href":"https:\/\/unmz.gov.cz\/en\/wp-json\/wp\/v2\/pages\/12451\/revisions\/12459"}],"up":[{"embeddable":true,"href":"https:\/\/unmz.gov.cz\/en\/wp-json\/wp\/v2\/pages\/265"}],"wp:attachment":[{"href":"https:\/\/unmz.gov.cz\/en\/wp-json\/wp\/v2\/media?parent=12451"}],"curies":[{"name":"wp","href":"https:\/\/api.w.org\/{rel}","templated":true}]}}