{"id":1248,"date":"2020-01-22T00:02:16","date_gmt":"2020-01-21T23:02:16","guid":{"rendered":"https:\/\/unmz-wp.e-bs.cz\/?page_id=1248"},"modified":"2024-02-19T13:25:44","modified_gmt":"2024-02-19T12:25:44","slug":"declaration-of-accessibility","status":"publish","type":"page","link":"https:\/\/unmz.gov.cz\/en\/obecne\/pravni-predpisy\/prohlaseni-o-pristupnosti\/","title":{"rendered":"Declaration of accessibility"},"content":{"rendered":"<p>The form of the published information is in accordance with Decree No. 64\/2008 Coll., on the form of publication of information related to the performance of public administration through websites for persons with disabilities (Decree on accessibility), and complies with all the rules published in the Annex to this Decree. The creation of this website was carried out in accordance with the Methodological Instruction to Decree No 64\/2008 Coll.<\/p>\n<p><strong>Text<\/strong><\/p>\n<p>HTML 4 Strict markup language is used to describe all information on this website, and CSS cascading styles are used to describe the appearance. The text content of the pages can be displayed with cascading styles disabled. All sizes are in relative units, so it is possible to increase the font size as needed. All links in the text are underlined.<\/p>\n<p><strong>Printed from<\/strong><\/p>\n<p>The website also includes CSS style for the print version. All pages are printable without any limitations by standard internet browser means (by default printer icon in browser navigation bar or via menu File - Print).<\/p>\n<p><strong>The above statement refers only to the information presented on this server of the \u00daNMZ<\/strong>\u00a0and does not necessarily apply to other servers in the unmz.cz domain.<\/p>\n<p><strong>Recommended browser extensions<\/strong><\/p>\n<p>Some of the information on this server is offered as documents in the format\u00a0<abbr title=\"Adobe Portable Document Format\">PDF<\/abbr>, especially for reasons that either contain typographic elements and formatting that web format\u00a0<abbr title=\"The Extensible HyperText Markup Language\">XHTML<\/abbr>\u00a0does not support them, or they are too large and should be withdrawn. To view such documents, you need to have a browser installed\u00a0<b>Adobe Reader<\/b>, which is free to download from the company's website\u00a0<a title=\"Click this link to open the Adobe website in a new window.\" href=\"http:\/\/www.adobe.com\/\">Adobe<\/a>.<\/p>\n<p>In some cases, especially if you are required to modify the document, the document is published in the format\u00a0<abbr title=\"Rich Text Format\">RTF<\/abbr>. Such a file can be viewed and edited by most commonly used text editors.<\/p>\n<p>In very rare cases, the document is published in one of the formats of the Microsoft Office family of applications. These are mainly documents with the file extension\u00a0<abbr title=\"MS Word document\">DOC<\/abbr>,\u00a0<abbr title=\"MS Excel document\">XLS<\/abbr>, or\u00a0<abbr title=\"PowerPoint document\">PPT<\/abbr>. Such documents are published on this server only if they contain formatting that does not allow their conversion to other formats (<abbr title=\"Adobe Portable Document Format\">PDF<\/abbr>,\u00a0<abbr title=\"Rich Text Format\">RTF<\/abbr>), or if the owner of these documents has expressly forbidden any manipulation or conversion. For all of these formats, the\u00a0<a title=\"Click this link to open a Microsoft web page dedicated to the Microsoft Office family of applications in a new window.\" href=\"http:\/\/office.microsoft.com\/\">Microsoft website<\/a>\u00a0a free browser that you can download and install on your computer.<\/p>\n<p>If the attached file takes up too much space or there are a large number of files, it would take too much time to download them. That's why we have modified some files for you with a compression program into a format\u00a0<abbr title=\"Document compressed by Zip method\">ZIP<\/abbr>\u00a0and reduced their size. Before you can open such a file, you must first open the \"<em>Expand<\/em>\". There are many free programs available on the internet that you can use to unpack\u00a0<abbr title=\"Document compressed by Zip method\">ZIP<\/abbr>\u00a0file to use. Most likely, however, you will already have a similar program installed on your computer, or even your operating system offers such an option.<\/p>\n<p><strong>Contact the webmaster<\/strong><\/p>\n<p>You can send your suggestions, observations or information about problems with the display of this site to the technical administrator of the server -\u00a0<a title=\"The e-mail address of the server&#039;s technical administrator.\" href=\"mailto:info@e-bs.cz\">info@e-bs.cz<\/a>. This address is used only for technical, not content-related matters concerning this website.<\/p>","protected":false},"excerpt":{"rendered":"<p>Forma uve\u0159ej\u0148ovan\u00fdch informac\u00ed je v souladu s vyhl\u00e1\u0161kou \u010d. 64\/2008 Sb., o form\u011b uve\u0159ej\u0148ov\u00e1n\u00ed informac\u00ed souvisej\u00edc\u00edch s v\u00fdkonem ve\u0159ejn\u00e9 spr\u00e1vy prost\u0159ednictv\u00edm webov\u00fdch str\u00e1nek pro osoby se zdravotn\u00edm posti\u017een\u00edm (vyhl\u00e1\u0161ka o p\u0159\u00edstupnosti), a spl\u0148uje v\u0161echna pravidla uve\u0159ejn\u011bn\u00e1 v p\u0159\u00edloze t\u00e9to vyhl\u00e1\u0161ky. P\u0159i tvorb\u011b t\u011bchto webov\u00fdch str\u00e1nek bylo postupov\u00e1no podle Metodick\u00e9ho pokynu k vyhl\u00e1\u0161ce \u010d. 64\/2008 Sb. [&hellip;]<\/p>\n","protected":false},"author":1,"featured_media":0,"parent":785,"menu_order":0,"comment_status":"closed","ping_status":"closed","template":"","meta":{"_acf_changed":false,"_seopress_robots_primary_cat":"","_seopress_titles_title":"","_seopress_titles_desc":"","_seopress_robots_index":"","_lmt_disableupdate":"no","_lmt_disable":"","footnotes":""},"class_list":["post-1248","page","type-page","status-publish","hentry"],"acf":[],"_links":{"self":[{"href":"https:\/\/unmz.gov.cz\/en\/wp-json\/wp\/v2\/pages\/1248","targetHints":{"allow":["GET"]}}],"collection":[{"href":"https:\/\/unmz.gov.cz\/en\/wp-json\/wp\/v2\/pages"}],"about":[{"href":"https:\/\/unmz.gov.cz\/en\/wp-json\/wp\/v2\/types\/page"}],"author":[{"embeddable":true,"href":"https:\/\/unmz.gov.cz\/en\/wp-json\/wp\/v2\/users\/1"}],"replies":[{"embeddable":true,"href":"https:\/\/unmz.gov.cz\/en\/wp-json\/wp\/v2\/comments?post=1248"}],"version-history":[{"count":0,"href":"https:\/\/unmz.gov.cz\/en\/wp-json\/wp\/v2\/pages\/1248\/revisions"}],"up":[{"embeddable":true,"href":"https:\/\/unmz.gov.cz\/en\/wp-json\/wp\/v2\/pages\/785"}],"wp:attachment":[{"href":"https:\/\/unmz.gov.cz\/en\/wp-json\/wp\/v2\/media?parent=1248"}],"curies":[{"name":"wp","href":"https:\/\/api.w.org\/{rel}","templated":true}]}}