{"id":12480,"date":"2026-04-08T10:46:08","date_gmt":"2026-04-08T08:46:08","guid":{"rendered":"https:\/\/unmz.gov.cz\/?page_id=12480"},"modified":"2026-04-08T11:22:25","modified_gmt":"2026-04-08T09:22:25","slug":"rok-2026","status":"publish","type":"page","link":"https:\/\/unmz.gov.cz\/en\/metrologie\/casopis-metrologie\/casopis-metrologie-obsah-vydanych-cisel\/rok-2026\/","title":{"rendered":"Rok 2026"},"content":{"rendered":"<p><a href=\"https:\/\/unmz.gov.cz\/wp-content\/uploads\/metrologie-1-26-www.pdf\">\u010c\u00edslo 1\/2026<\/a><\/p>\n<p><a href=\"https:\/\/unmz.gov.cz\/wp-content\/uploads\/priloha-metrologie-1-26-www.pdf\">\u00a0Tematick\u00e1 p\u0159\u00edloha\u00a0<\/a> k \u010d\u00edslu 1\/2026<\/p>","protected":false},"excerpt":{"rendered":"<p>\u010c\u00edslo 1\/2026 \u00a0Tematick\u00e1 p\u0159\u00edloha\u00a0 k \u010d\u00edslu 1\/2026<\/p>","protected":false},"author":4,"featured_media":0,"parent":1819,"menu_order":0,"comment_status":"closed","ping_status":"closed","template":"","meta":{"_acf_changed":false,"_seopress_robots_primary_cat":"","_seopress_titles_title":"","_seopress_titles_desc":"","_seopress_robots_index":"","_lmt_disableupdate":"no","_lmt_disable":"","footnotes":""},"class_list":["post-12480","page","type-page","status-publish","hentry"],"acf":[],"_links":{"self":[{"href":"https:\/\/unmz.gov.cz\/en\/wp-json\/wp\/v2\/pages\/12480","targetHints":{"allow":["GET"]}}],"collection":[{"href":"https:\/\/unmz.gov.cz\/en\/wp-json\/wp\/v2\/pages"}],"about":[{"href":"https:\/\/unmz.gov.cz\/en\/wp-json\/wp\/v2\/types\/page"}],"author":[{"embeddable":true,"href":"https:\/\/unmz.gov.cz\/en\/wp-json\/wp\/v2\/users\/4"}],"replies":[{"embeddable":true,"href":"https:\/\/unmz.gov.cz\/en\/wp-json\/wp\/v2\/comments?post=12480"}],"version-history":[{"count":3,"href":"https:\/\/unmz.gov.cz\/en\/wp-json\/wp\/v2\/pages\/12480\/revisions"}],"predecessor-version":[{"id":12488,"href":"https:\/\/unmz.gov.cz\/en\/wp-json\/wp\/v2\/pages\/12480\/revisions\/12488"}],"up":[{"embeddable":true,"href":"https:\/\/unmz.gov.cz\/en\/wp-json\/wp\/v2\/pages\/1819"}],"wp:attachment":[{"href":"https:\/\/unmz.gov.cz\/en\/wp-json\/wp\/v2\/media?parent=12480"}],"curies":[{"name":"wp","href":"https:\/\/api.w.org\/{rel}","templated":true}]}}