{"id":12529,"date":"2026-04-20T08:18:31","date_gmt":"2026-04-20T06:18:31","guid":{"rendered":"https:\/\/unmz.gov.cz\/?page_id=12529"},"modified":"2026-04-20T09:28:15","modified_gmt":"2026-04-20T07:28:15","slug":"vzory-zadosti","status":"publish","type":"page","link":"https:\/\/unmz.gov.cz\/en\/metrologie\/autorizace\/vzory-zadosti\/","title":{"rendered":"Vzory \u017e\u00e1dost\u00ed"},"content":{"rendered":"<p>1. <a href=\"https:\/\/www.unmz.gov.cz\/wp-content\/uploads\/MPM-10-23-Z1-VZORY-2.docx\">Vzory \u017e\u00e1dost\u00ed pro autorizovan\u00e1 metrologick\u00e1 st\u0159ediska <\/a><\/p>\n<p>2. <a href=\"https:\/\/www.unmz.gov.cz\/wp-content\/uploads\/MPM-13-23-VZORY-1.docx\">Vzory \u017e\u00e1dost\u00ed pro subjekty autorizovan\u00e9 k v\u00fdkonu \u00fa\u0159edn\u00edho m\u011b\u0159en\u00ed<\/a><\/p>","protected":false},"excerpt":{"rendered":"<p>1. Vzory \u017e\u00e1dost\u00ed pro autorizovan\u00e1 metrologick\u00e1 st\u0159ediska 2. Vzory \u017e\u00e1dost\u00ed pro subjekty autorizovan\u00e9 k v\u00fdkonu \u00fa\u0159edn\u00edho m\u011b\u0159en\u00ed<\/p>","protected":false},"author":4,"featured_media":0,"parent":146,"menu_order":0,"comment_status":"closed","ping_status":"closed","template":"","meta":{"_acf_changed":false,"_seopress_robots_primary_cat":"","_seopress_titles_title":"","_seopress_titles_desc":"","_seopress_robots_index":"","_lmt_disableupdate":"no","_lmt_disable":"","footnotes":""},"class_list":["post-12529","page","type-page","status-publish","hentry"],"acf":[],"_links":{"self":[{"href":"https:\/\/unmz.gov.cz\/en\/wp-json\/wp\/v2\/pages\/12529","targetHints":{"allow":["GET"]}}],"collection":[{"href":"https:\/\/unmz.gov.cz\/en\/wp-json\/wp\/v2\/pages"}],"about":[{"href":"https:\/\/unmz.gov.cz\/en\/wp-json\/wp\/v2\/types\/page"}],"author":[{"embeddable":true,"href":"https:\/\/unmz.gov.cz\/en\/wp-json\/wp\/v2\/users\/4"}],"replies":[{"embeddable":true,"href":"https:\/\/unmz.gov.cz\/en\/wp-json\/wp\/v2\/comments?post=12529"}],"version-history":[{"count":3,"href":"https:\/\/unmz.gov.cz\/en\/wp-json\/wp\/v2\/pages\/12529\/revisions"}],"predecessor-version":[{"id":12536,"href":"https:\/\/unmz.gov.cz\/en\/wp-json\/wp\/v2\/pages\/12529\/revisions\/12536"}],"up":[{"embeddable":true,"href":"https:\/\/unmz.gov.cz\/en\/wp-json\/wp\/v2\/pages\/146"}],"wp:attachment":[{"href":"https:\/\/unmz.gov.cz\/en\/wp-json\/wp\/v2\/media?parent=12529"}],"curies":[{"name":"wp","href":"https:\/\/api.w.org\/{rel}","templated":true}]}}