{"id":1382,"date":"2020-02-10T14:39:50","date_gmt":"2020-02-10T13:39:50","guid":{"rendered":"https:\/\/unmz-wp.e-bs.cz\/?page_id=1382"},"modified":"2022-09-01T08:18:15","modified_gmt":"2022-09-01T06:18:15","slug":"contacts","status":"publish","type":"page","link":"https:\/\/unmz.gov.cz\/en\/office\/contacts\/","title":{"rendered":"Contact"},"content":{"rendered":"<table style=\"width: 100%;\" border=\"1\" width=\"100%\" cellspacing=\"1\" cellpadding=\"0\">\n<tbody>\n<tr>\n<td style=\"width: 35.8209%;\">\n<p align=\"center\"><b>Name<\/b><\/p>\n<\/td>\n<td style=\"width: 18.209%;\">\n<p align=\"center\"><b>Direct<\/b><\/p>\n<\/td>\n<td style=\"width: 18.209%;\">\n<p align=\"center\"><b>Fax<\/b><\/p>\n<\/td>\n<td style=\"width: 26.8657%;\">\n<p align=\"center\"><b>E-mail<\/b><\/p>\n<\/td>\n<\/tr>\n<tr>\n<td style=\"width: 99.1045%;\" colspan=\"4\"><b>\u00a0\u00a0 1000 President of \u00daNMZ<\/b><\/td>\n<\/tr>\n<tr>\n<td style=\"width: 35.8209%;\">\u00a0Pokorn\u00fd Viktor<\/td>\n<td style=\"width: 18.209%;\">\n<p align=\"center\">+420221802103<\/p>\n<\/td>\n<td style=\"width: 18.209%;\">\n<p align=\"center\">+420221802300<\/p>\n<\/td>\n<td style=\"width: 26.8657%;\"><a href=\"mailto:pokorny@unmz.gov.cz\">pokorny@unmz.gov.cz<\/a><\/td>\n<\/tr>\n<tr>\n<td style=\"width: 35.8209%;\">\n<p align=\"center\"><b>Name<\/b><\/p>\n<\/td>\n<td style=\"width: 18.209%;\">\n<p align=\"center\"><b>Direct<\/b><\/p>\n<\/td>\n<td style=\"width: 18.209%;\">\n<p align=\"center\"><b>Fax<\/b><\/p>\n<\/td>\n<td style=\"width: 26.8657%;\">\n<p align=\"center\"><b>E-mail<\/b><\/p>\n<\/td>\n<\/tr>\n<tr>\n<td style=\"width: 99.1045%;\" colspan=\"4\">\u00a0\u00a0\u00a0<strong>1001 First Deputy President (External Relations and Economy Section)<\/strong><\/td>\n<\/tr>\n<tr>\n<td style=\"width: 35.8209%;\">\u00a0Chloupek Miroslav<\/td>\n<td style=\"width: 18.209%;\">\n<p align=\"center\">+420221802104<\/p>\n<\/td>\n<td style=\"width: 18.209%;\"><\/td>\n<td style=\"width: 26.8657%;\"><a href=\"mailto:chloupek@unmz.gov.cz\">chloupek@unmz.gov.cz<\/a><\/td>\n<\/tr>\n<tr>\n<td style=\"width: 99.1045%;\" colspan=\"4\"><strong>\u00a0\u00a0 1100 Legislation and Legal Unit<\/strong><\/td>\n<\/tr>\n<tr>\n<td style=\"width: 35.8209%;\">\u00a0Kytli\u010dka Milan<\/td>\n<td style=\"width: 18.209%;\">\n<p align=\"center\">+420221802116<\/p>\n<\/td>\n<td style=\"width: 18.209%;\">\n<p align=\"center\">\n<\/td>\n<td style=\"width: 26.8657%;\"><a href=\"mailto:kytlicka@unmz.gov.cz\">kytlicka@unmz.gov.cz<\/a><\/td>\n<\/tr>\n<tr>\n<td style=\"width: 35.8209%;\">\n<p align=\"center\"><b>Name<\/b><\/p>\n<\/td>\n<td style=\"width: 18.209%;\">\n<p align=\"center\"><b>Direct<\/b><\/p>\n<\/td>\n<td style=\"width: 18.209%;\">\n<p align=\"center\"><b>Fax<\/b><\/p>\n<\/td>\n<td style=\"width: 26.8657%;\">\n<p align=\"center\"><b>E-mail<\/b><\/p>\n<\/td>\n<\/tr>\n<tr>\n<td style=\"width: 99.1045%;\" colspan=\"4\"><b>\u00a0\u00a0 1200 Secretariat of the Office<\/b><\/td>\n<\/tr>\n<tr>\n<td style=\"width: 35.8209%;\">\u00a0Votrubcov\u00e1 Marta<\/td>\n<td style=\"width: 18.209%;\">\n<p align=\"center\">+420221802120<\/p>\n<\/td>\n<td style=\"width: 18.209%;\">\n<p align=\"center\">+420221802300<\/p>\n<\/td>\n<td style=\"width: 26.8657%;\"><a href=\"mailto:votrubcova@unmz.gov.cz\">votrubcova@unmz.gov.cz<\/a><\/td>\n<\/tr>\n<tr>\n<td style=\"width: 35.8209%;\">\n<p align=\"center\"><b>Name<\/b><\/p>\n<\/td>\n<td style=\"width: 18.209%;\">\n<p align=\"center\"><b>Direct<\/b><\/p>\n<\/td>\n<td style=\"width: 18.209%;\">\n<p align=\"center\"><b>Fax<\/b><\/p>\n<\/td>\n<td style=\"width: 26.8657%;\">\n<p align=\"center\"><b>E-mail<\/b><\/p>\n<\/td>\n<\/tr>\n<tr>\n<td style=\"width: 99.1045%;\" colspan=\"4\"><b>\u00a0\u00a0 3000 Metrology Department\u00a0\u00a0<\/b><\/td>\n<\/tr>\n<tr>\n<td style=\"width: 35.8209%;\">\u00a0Vesel\u00e1k Zbyn\u011bk<\/td>\n<td style=\"width: 18.209%;\">\n<p align=\"center\">+420221802131<\/p>\n<\/td>\n<td style=\"width: 18.209%;\"><\/td>\n<td style=\"width: 26.8657%;\"><a href=\"mailto:veselak@unmz.gov.cz\">veselak@unmz.gov.cz<\/a><\/td>\n<\/tr>\n<tr>\n<td style=\"width: 35.8209%;\">\u00a0secretariat<\/td>\n<td style=\"width: 18.209%;\">\n<p align=\"center\">+420221802128<\/p>\n<\/td>\n<td style=\"width: 18.209%;\">\n<p align=\"center\">\n<\/td>\n<td style=\"width: 26.8657%;\"><a href=\"mailto:metrologie@unmz.gov.cz\">metrologie@unmz.gov.cz<\/a><\/td>\n<\/tr>\n<tr>\n<td style=\"width: 99.1045%;\" colspan=\"4\"><b>\u00a0\u00a0 3100<\/b>\u00a0\u00a0\u00a0\u00a0\u00a0\u00a0\u00a0<strong>Development and International Cooperation Unit<\/strong><\/td>\n<\/tr>\n<tr>\n<td style=\"width: 35.8209%;\"><strong>\u00a0<\/strong>Machov\u00e1 Eli\u0161ka<\/td>\n<td style=\"width: 18.209%;\">\n<p align=\"center\">+420221802140<\/p>\n<\/td>\n<td style=\"width: 18.209%;\">\n<p align=\"center\">\n<\/td>\n<td style=\"width: 26.8657%;\"><a href=\"mailto:machova@unmz.gov.cz\">machova@unmz.gov.cz<\/a><\/td>\n<\/tr>\n<tr>\n<td style=\"width: 99.1045%;\" colspan=\"4\"><b>\u00a0\u00a0 3200<\/b>\u00a0\u00a0\u00a0\u00a0\u00a0\u00a0\u00a0<strong>Legal Metrology Unit<\/strong><\/td>\n<\/tr>\n<tr>\n<td style=\"width: 35.8209%;\"><strong>\u00a0<\/strong>Kuba Jiri<\/td>\n<td style=\"width: 18.209%;\">\n<p align=\"center\">+420221802150<\/p>\n<\/td>\n<td style=\"width: 18.209%;\">\n<p align=\"center\">\n<\/td>\n<td style=\"width: 26.8657%;\"><a href=\"mailto:kuba@unmz.gov.cz\">kuba@unmz.gov.cz<\/a><\/td>\n<\/tr>\n<tr>\n<td style=\"width: 35.8209%;\">\n<p align=\"center\"><b>Name<\/b><\/p>\n<\/td>\n<td style=\"width: 18.209%;\">\n<p align=\"center\"><b>Direct<\/b><\/p>\n<\/td>\n<td style=\"width: 18.209%;\">\n<p align=\"center\"><b>Fax<\/b><\/p>\n<\/td>\n<td style=\"width: 26.8657%;\">\n<p align=\"center\"><b>E-mail<\/b><\/p>\n<\/td>\n<\/tr>\n<tr>\n<td style=\"width: 99.1045%;\" colspan=\"4\"><b>\u00a0\u00a0 4000 Testing Department<\/b><\/td>\n<\/tr>\n<tr>\n<td style=\"width: 35.8209%;\">\u00a0Lichtenberg Andrea<\/td>\n<td style=\"width: 18.209%;\">\n<p align=\"center\">+420221802172<\/p>\n<\/td>\n<td style=\"width: 18.209%;\"><\/td>\n<td style=\"width: 26.8657%;\"><a href=\"mailto:lichtenbergova@unmz.gov.cz\">lichtenbergova@unmz.gov.cz<\/a><\/td>\n<\/tr>\n<tr>\n<td style=\"width: 35.8209%;\">\u00a0Janatov\u00e1 Katar\u00edna<\/td>\n<td style=\"width: 18.209%;\">\n<p align=\"center\">+420221802157<\/p>\n<\/td>\n<td style=\"width: 18.209%;\">\n<p align=\"center\">\n<\/td>\n<td style=\"width: 26.8657%;\"><a href=\"mailto:janatova@unmz.gov.cz\">janatova@unmz.gov.cz<\/a><\/td>\n<\/tr>\n<tr>\n<td style=\"width: 99.1045%;\" colspan=\"4\"><strong>\u00a0\u00a0 4100 Methodology and External Relations Unit<\/strong><\/td>\n<\/tr>\n<tr>\n<td style=\"width: 35.8209%;\">Kab\u00e1tkov\u00e1 Jitka<\/td>\n<td style=\"width: 18.209%;\">\n<p align=\"center\">+420221802164<\/p>\n<\/td>\n<td style=\"width: 18.209%;\"><\/td>\n<td style=\"width: 26.8657%;\"><a href=\"mailto:justova@unmz.gov.cz\">kabatkova@unmz.gov.cz<\/a><\/td>\n<\/tr>\n<tr>\n<td style=\"width: 99.1045%;\" colspan=\"4\"><strong>\u00a0\u00a0 4200 Professional Activities Unit<\/strong><\/td>\n<\/tr>\n<tr>\n<td style=\"width: 35.8209%;\"><strong>\u00a0<\/strong>Nov\u00e1k Michal<\/td>\n<td style=\"width: 18.209%;\">\n<p align=\"center\">+420221802177<\/p>\n<\/td>\n<td style=\"width: 18.209%;\"><\/td>\n<td style=\"width: 26.8657%;\"><a href=\"mailto:novak@unmz.gov.cz\">novak@unmz.gov.cz<\/a><\/td>\n<\/tr>\n<tr>\n<td style=\"width: 99.1045%;\" colspan=\"4\"><strong>\u00a0\u00a0 4300 Construction Products and Technical Equipment Unit<\/strong><\/td>\n<\/tr>\n<tr>\n<td style=\"width: 35.8209%;\"><strong>\u00a0<\/strong>Holu\u0161ov\u00e1 V\u00e1clava<\/td>\n<td style=\"width: 18.209%;\">\n<p align=\"center\">+420221802181<\/p>\n<\/td>\n<td style=\"width: 18.209%;\"><\/td>\n<td style=\"width: 26.8657%;\"><a href=\"mailto:holusova@unmz.gov.cz\">holusova@unmz.gov.cz<\/a><\/td>\n<\/tr>\n<tr>\n<td style=\"width: 35.8209%;\">\n<p align=\"center\"><b>Name<\/b><\/p>\n<\/td>\n<td style=\"width: 18.209%;\">\n<p align=\"center\"><b>Direct<\/b><\/p>\n<\/td>\n<td style=\"width: 18.209%;\">\n<p align=\"center\"><b>Fax<\/b><\/p>\n<\/td>\n<td style=\"width: 26.8657%;\">\n<p align=\"center\"><b>E-mail<\/b><\/p>\n<\/td>\n<\/tr>\n<tr>\n<td style=\"width: 99.1045%;\" colspan=\"4\"><b>\u00a0\u00a0 5000 International\u00a0<\/b><b>Relations<\/b>\u00a0<b>Department<\/b><\/td>\n<\/tr>\n<tr>\n<td style=\"width: 35.8209%;\">\u00a0Kafkova Jindra<\/td>\n<td style=\"width: 18.209%;\">\n<p align=\"center\">+420221802194<\/p>\n<\/td>\n<td style=\"width: 18.209%;\">+420221802440<\/td>\n<td style=\"width: 26.8657%;\"><a href=\"mailto:kafkova@unmz.gov.cz\">kafkova@unmz.gov.cz<\/a><\/td>\n<\/tr>\n<tr>\n<td style=\"width: 99.1045%;\" colspan=\"4\"><strong>\u00a0\u00a0 5100 EU and International Cooperation Unit<\/strong><\/td>\n<\/tr>\n<tr>\n<td style=\"width: 35.8209%;\">\u00a0Popadi\u010dov\u00e1 Klara<\/td>\n<td style=\"width: 18.209%;\">\n<p align=\"center\">+420221802208<\/p>\n<\/td>\n<td style=\"width: 18.209%;\">+420221802440<\/td>\n<td style=\"width: 26.8657%;\"><a href=\"mailto:popadicova@unmz.gov.cz\">popadicova@unmz.gov.cz<\/a><\/td>\n<\/tr>\n<tr>\n<td style=\"width: 99.1045%;\" colspan=\"4\"><strong>\u00a0\u00a0 5200 Notifications and Technical Regulations Unit<\/strong><\/td>\n<\/tr>\n<tr>\n<td style=\"width: 72.2388%;\" colspan=\"3\">&nbsp;<\/p>\n<p><strong>CONTACT POINT - Directive 2015\/1535\/EU;<\/strong><\/td>\n<td style=\"width: 26.8657%;\"><a href=\"mailto:eu9834@unmz.gov.cz\">eu9834@unmz.gov.cz<\/a><\/td>\n<\/tr>\n<tr>\n<td style=\"width: 35.8209%;\">\u00a0Irena Karasov\u00e1<\/td>\n<td style=\"width: 18.209%;\">\n<p align=\"center\">+420221802212<\/p>\n<\/td>\n<td style=\"width: 18.209%;\">\n<p align=\"center\">+420221802440<\/p>\n<\/td>\n<td style=\"width: 26.8657%;\"><a href=\"mailto:karasova@unmz.gov.cz\">karasova@unmz.gov.cz<\/a><\/td>\n<\/tr>\n<tr>\n<td style=\"width: 72.2388%;\" colspan=\"3\"><b>\u00a0WTO\/TBT Enquiry Point<\/b><\/td>\n<td style=\"width: 26.8657%;\"><a href=\"mailto:wto.tbt@unmz.gov.cz\">wto.tbt@unmz.gov.cz<\/a><\/td>\n<\/tr>\n<tr>\n<td style=\"width: 35.8209%;\">\u00a0Irena Karasov\u00e1<\/td>\n<td style=\"width: 18.209%;\">\n<p align=\"center\">+420221802212<\/p>\n<\/td>\n<td style=\"width: 18.209%;\">\n<p align=\"center\">+420221802440<\/p>\n<\/td>\n<td style=\"width: 26.8657%;\"><a href=\"mailto:karasova@unmz.gov.cz\">karasova@unmz.gov.cz<\/a><\/td>\n<\/tr>\n<tr>\n<td style=\"width: 35.8209%;\"><strong>6000\u00a0<\/strong>\u00a0\u00a0\u00a0\u00a0\u00a0<strong>Department of Economy and Facility Management<\/strong><\/td>\n<td style=\"width: 18.209%;\"><\/td>\n<td style=\"width: 18.209%;\"><\/td>\n<td style=\"width: 26.8657%;\"><\/td>\n<\/tr>\n<tr>\n<td style=\"width: 35.8209%;\">Jedli\u010dka Anton\u00edn<\/td>\n<td style=\"width: 18.209%;\">+420221802230<\/td>\n<td style=\"width: 18.209%;\"><\/td>\n<td style=\"width: 26.8657%;\"><a href=\"mailto:ajedlicka@unmz.gov.cz\">ajedlicka@unmz.gov.cz<\/a><\/td>\n<\/tr>\n<tr>\n<td style=\"width: 35.8209%;\">\n<p align=\"center\">\n<\/td>\n<td style=\"width: 18.209%;\">\n<p align=\"center\">\n<\/td>\n<td style=\"width: 18.209%;\">\n<p align=\"center\">\n<\/td>\n<td style=\"width: 26.8657%;\">\n<p align=\"center\">\n<\/td>\n<\/tr>\n<\/tbody>\n<\/table>","protected":false},"excerpt":{"rendered":"<p>Name Direct Fax E-mail \u00a0\u00a0 1000\u00a0\u00a0\u00a0\u00a0\u00a0 \u00a0President of \u00daNMZ \u00a0Pokorn\u00fd Viktor +420221802103 +420221802300 pokorny@unmz.gov.cz Name Direct Fax E-mail \u00a0\u00a0\u00a01001\u00a0\u00a0\u00a0\u00a0\u00a0\u00a0 First Deputy President (External Relations and Economy Section) \u00a0Chloupek Miroslav +420221802104 chloupek@unmz.gov.cz \u00a0\u00a0 1100\u00a0\u00a0\u00a0\u00a0\u00a0\u00a0 Legislation and Legal Unit \u00a0Kytli\u010dka Milan +420221802116 kytlicka@unmz.gov.cz Name Direct Fax E-mail \u00a0\u00a0 1200\u00a0\u00a0\u00a0\u00a0 \u00a0\u00a0Secretariat of the Office \u00a0Votrubcov\u00e1 Marta +420221802120 +420221802300 [&hellip;]<\/p>\n","protected":false},"author":1,"featured_media":0,"parent":1361,"menu_order":3,"comment_status":"closed","ping_status":"closed","template":"","meta":{"_acf_changed":false,"_seopress_robots_primary_cat":"","_seopress_titles_title":"","_seopress_titles_desc":"","_seopress_robots_index":"","_lmt_disableupdate":"","_lmt_disable":"","footnotes":""},"class_list":["post-1382","page","type-page","status-publish","hentry"],"acf":[],"_links":{"self":[{"href":"https:\/\/unmz.gov.cz\/en\/wp-json\/wp\/v2\/pages\/1382","targetHints":{"allow":["GET"]}}],"collection":[{"href":"https:\/\/unmz.gov.cz\/en\/wp-json\/wp\/v2\/pages"}],"about":[{"href":"https:\/\/unmz.gov.cz\/en\/wp-json\/wp\/v2\/types\/page"}],"author":[{"embeddable":true,"href":"https:\/\/unmz.gov.cz\/en\/wp-json\/wp\/v2\/users\/1"}],"replies":[{"embeddable":true,"href":"https:\/\/unmz.gov.cz\/en\/wp-json\/wp\/v2\/comments?post=1382"}],"version-history":[{"count":0,"href":"https:\/\/unmz.gov.cz\/en\/wp-json\/wp\/v2\/pages\/1382\/revisions"}],"up":[{"embeddable":true,"href":"https:\/\/unmz.gov.cz\/en\/wp-json\/wp\/v2\/pages\/1361"}],"wp:attachment":[{"href":"https:\/\/unmz.gov.cz\/en\/wp-json\/wp\/v2\/media?parent=1382"}],"curies":[{"name":"wp","href":"https:\/\/api.w.org\/{rel}","templated":true}]}}