{"id":1761,"date":"2020-02-18T15:25:35","date_gmt":"2020-02-18T14:25:35","guid":{"rendered":"https:\/\/unmz-wp.e-bs.cz\/?page_id=1761"},"modified":"2020-12-03T08:00:37","modified_gmt":"2020-12-03T07:00:37","slug":"electronic-filing-system","status":"publish","type":"page","link":"https:\/\/unmz.gov.cz\/en\/elektronicka-podatelna\/","title":{"rendered":"Electronic mailroom"},"content":{"rendered":"<div align=\"left\"><strong>Rules for accepting electronic submissions<\/strong><\/div>\n<p align=\"left\"><strong>Electronic address of the e-Mailroom:<\/strong><\/p>\n<ul>\n<li><a href=\"mailto:podatelna@unmz.gov.cz\"><strong>podatelna@unmz.gov.cz<\/strong><\/a><\/li>\n<\/ul>\n<p align=\"left\"><span style=\"color: blue;\">The electronic mailroom is intended only for the receipt of messages containing a certified electronic signature.<\/span>\u00a0Messages and general enquiries without an electronic signature should be sent to\u00a0<a href=\"mailto:unmz@unmz.gov.cz\">unmz@unmz.gov.cz<\/a><\/p>\n<p align=\"left\"><strong>Technical parameters of received data messages:<\/strong><\/p>\n<p align=\"left\">Data messages are accepted in the following formats: html, pdf, doc, jpg, rtf, txt.<\/p>\n<p align=\"left\">For security reasons, self-executing email attachments and files will always be rejected and deleted without further examination (<strong>exe, bat, vbs, dll, com,....<\/strong>)<\/p>\n<p align=\"left\">If the processing of the e-filing is to include the sending (to the sender) of stamped and signed documents, a return postal address must be provided.\u00a0\u00a0\u00a0<b>\u00a0<\/b><\/p>\n<p align=\"left\"><b>List of names of authorized personnel to whom a qualified certificate has been issued:<\/b><\/p>\n<p align=\"left\">Marta Votrubcov\u00e1<\/p>\n<p align=\"left\">\u0160t\u011bp\u00e1nka \u0160t\u011brbov\u00e1<\/p>\n<p align=\"left\">Mgr. Petra Kr\u016f\u010dkov\u00e1<\/p>\n<p align=\"left\">Qualified certificates were issued by eIdentity a.s.<\/p>","protected":false},"excerpt":{"rendered":"<p>Pravidla pro p\u0159ijet\u00ed elektronick\u00e9ho pod\u00e1n\u00ed Elektronick\u00e1 adresa\u00a0e-podatelny: podatelna@unmz.gov.cz Elektronick\u00e1 podatelna je ur\u010dena pouze pro p\u0159\u00edjem zpr\u00e1v obsahuj\u00edc\u00edch certifikovan\u00fd elektronick\u00fd podpis.\u00a0Zpr\u00e1vy a dotazy obecn\u00e9ho charakteru bez elektronick\u00e9ho podpisu zas\u00edlejte pros\u00edm na adresu\u00a0unmz@unmz.gov.cz Technick\u00e9 parametry p\u0159ij\u00edman\u00fdch datov\u00fdch zpr\u00e1v: Datov\u00e9 zpr\u00e1vy jsou p\u0159ij\u00edm\u00e1ny ve form\u00e1tech: html, pdf, doc, jpg, rtf, txt. Samospou\u0161t\u011bc\u00ed e-mailov\u00e9 p\u0159\u00edlohy a soubory budou z [&hellip;]<\/p>\n","protected":false},"author":1,"featured_media":0,"parent":0,"menu_order":0,"comment_status":"closed","ping_status":"closed","template":"","meta":{"_acf_changed":false,"_seopress_robots_primary_cat":"","_seopress_titles_title":"","_seopress_titles_desc":"","_seopress_robots_index":"","_lmt_disableupdate":"","_lmt_disable":"","footnotes":""},"class_list":["post-1761","page","type-page","status-publish","hentry"],"acf":[],"_links":{"self":[{"href":"https:\/\/unmz.gov.cz\/en\/wp-json\/wp\/v2\/pages\/1761","targetHints":{"allow":["GET"]}}],"collection":[{"href":"https:\/\/unmz.gov.cz\/en\/wp-json\/wp\/v2\/pages"}],"about":[{"href":"https:\/\/unmz.gov.cz\/en\/wp-json\/wp\/v2\/types\/page"}],"author":[{"embeddable":true,"href":"https:\/\/unmz.gov.cz\/en\/wp-json\/wp\/v2\/users\/1"}],"replies":[{"embeddable":true,"href":"https:\/\/unmz.gov.cz\/en\/wp-json\/wp\/v2\/comments?post=1761"}],"version-history":[{"count":0,"href":"https:\/\/unmz.gov.cz\/en\/wp-json\/wp\/v2\/pages\/1761\/revisions"}],"wp:attachment":[{"href":"https:\/\/unmz.gov.cz\/en\/wp-json\/wp\/v2\/media?parent=1761"}],"curies":[{"name":"wp","href":"https:\/\/api.w.org\/{rel}","templated":true}]}}