{"id":1817,"date":"2020-02-20T11:07:03","date_gmt":"2020-02-20T10:07:03","guid":{"rendered":"https:\/\/unmz-wp.e-bs.cz\/?page_id=1817"},"modified":"2025-02-05T07:36:07","modified_gmt":"2025-02-05T06:36:07","slug":"editorial-board-journal-metrology","status":"publish","type":"page","link":"https:\/\/unmz.gov.cz\/en\/metrologie\/casopis-metrologie\/redakcni-rada-casopisu-metrologie\/","title":{"rendered":"Editorial Board of the journal Metrology"},"content":{"rendered":"<p>The Editorial Board of the Metrology journal (hereinafter referred to as the Board) is a permanent advisory body to the President of the Office whose mission is to propose the basic concept concerning the focus of the journal, to ensure the preparation of the publication of individual issues of the journal and to ensure cooperation with professional cooperating entities such as the Czech Metrology Institute (CMI), the Czech Metrology Society (CMS) and the Czech Calibration Association (CCC). The Metrology journal is published 4 times a year and the seat of the Board is the Metrology Department of the Office.<\/p>\n<p>Council meetings are usually held 4 times a year, always before the deadline of each issue of the journal. The Council is responsible for proposing the concept of the journal's focus and its structure. It also proposes current topics suitable for treatment in individual issues of the journal and discusses and approves its content<\/p>\n<p>The Council shall consist of a Chairperson, a Vice-Chairperson and permanent members, who shall represent in particular:<\/p>\n<ul>\n<li>publisher (\u00daNMZ),<\/li>\n<li>Czech Metrology Institute (CMI),<\/li>\n<li>Czech Metrology Society (CMS),<\/li>\n<li>Czech Calibration Association (CCC).<\/li>\n<\/ul>\n<p>In addition to these representatives of the above-mentioned entities, the members of the Council are important experts actively involved in the development of the national metrology system of the Czech Republic.<\/p>\n<p align=\"center\"><b>Composition of the Editorial Board of the journal Metrology - as of 1 January 2025<\/b><\/p>\n<p>Ing. Zde\u0148ka Poho\u0159el\u00e1, \u00daNMZ -\u00a0<strong>Chairwoman<\/strong><\/p>\n<p>Mgr. Krist\u00fdna Van\u010durov\u00e1, CMI -\u00a0<strong>Vice-President<\/strong><\/p>\n<p>&nbsp;<\/p>\n<p>Members of the Council:<\/p>\n<p>Ing. Miroslav \u010cerm\u00e1k<br \/>\nTIME<\/p>\n<p>Mgr. V\u00e1clava Holu\u0161ov\u00e1<br \/>\n\u00daNMZ<\/p>\n<p>Doc. Ing. Ji\u0159\u00ed Horsk\u00fd, CSc.<br \/>\nCCP<\/p>\n<p>Ing. Ji\u0159\u00ed Kazda<br \/>\nChairman of the CCP<\/p>\n<p>Mgr. Petr Bart\u00e1k<br \/>\n\u00daNMZ<\/p>\n<p>Ing. Alexander Kuna, Ph.D.<br \/>\nIFE CAS<\/p>\n<p>Ing. Pavel Nosek<br \/>\nDeputy Director of \u010cIA, o.p.s.<\/p>\n<p>RNDr. Kl\u00e1ra Popadi\u010dov\u00e1<br \/>\n\u00daNMZ<\/p>\n<p>Ing. Pavel Rub\u00e1\u0161, Ph.D.<\/p>\n<p>AAAO<\/p>\n<p>doc. Mgr. Ing. Jan Ryb\u00e1\u0159, Ph.D.<br \/>\nSlovak University of Technology, Faculty of Mechanical Engineering, Bratislava, SR<\/p>\n<p>Ing. Jakub Svato\u0161, Ph.D.<br \/>\nCTU - FEL<\/p>\n<p>doc. RNDr. Ji\u0159\u00ed Tesa\u0159, PhD.<br \/>\nCMI<\/p>\n<p>Ing. Josef Vojt\u00ed\u0161ek<br \/>\nCMS<\/p>\n<p>&nbsp;<\/p>\n<p>Invited:<\/p>\n<p>PhDr. Bo\u0159ivoj Klen\u00edk - editor-in-chief<\/p>\n<div class=\"login\"><\/div>","protected":false},"excerpt":{"rendered":"<p>Redak\u010dn\u00ed rada \u010dasopisu Metrologie (d\u00e1le jen Rada) je st\u00e1l\u00fdm poradn\u00edm org\u00e1nem p\u0159edsedy \u00da\u0159adu jej\u00edm\u017e posl\u00e1n\u00edm je navrhovat z\u00e1kladn\u00ed koncepci t\u00fdkaj\u00edc\u00ed se zam\u011b\u0159en\u00ed \u010dasopisu, zabezpe\u010dovat p\u0159\u00edpravu vyd\u00e1v\u00e1n\u00ed jednotliv\u00fdch \u010d\u00edsel \u010dasopisu a zaji\u0161\u0165ovat spolupr\u00e1ci s\u00a0odborn\u00fdmi spolupracuj\u00edc\u00edmi subjekty jako jsou \u010cesk\u00fd metrologick\u00fd institut (\u010cMI), \u010cesk\u00e1 metrologick\u00e1 spole\u010dnost (\u010cMS) a \u010cesk\u00e9 kalibra\u010dn\u00ed sdru\u017een\u00ed (\u010cKS). \u010casopis Metrologie vych\u00e1z\u00ed 4x ro\u010dn\u011b [&hellip;]<\/p>\n","protected":false},"author":5,"featured_media":0,"parent":1811,"menu_order":0,"comment_status":"closed","ping_status":"closed","template":"","meta":{"_acf_changed":false,"_seopress_robots_primary_cat":"","_seopress_titles_title":"","_seopress_titles_desc":"","_seopress_robots_index":"","_lmt_disableupdate":"no","_lmt_disable":"","footnotes":""},"class_list":["post-1817","page","type-page","status-publish","hentry"],"acf":[],"_links":{"self":[{"href":"https:\/\/unmz.gov.cz\/en\/wp-json\/wp\/v2\/pages\/1817","targetHints":{"allow":["GET"]}}],"collection":[{"href":"https:\/\/unmz.gov.cz\/en\/wp-json\/wp\/v2\/pages"}],"about":[{"href":"https:\/\/unmz.gov.cz\/en\/wp-json\/wp\/v2\/types\/page"}],"author":[{"embeddable":true,"href":"https:\/\/unmz.gov.cz\/en\/wp-json\/wp\/v2\/users\/5"}],"replies":[{"embeddable":true,"href":"https:\/\/unmz.gov.cz\/en\/wp-json\/wp\/v2\/comments?post=1817"}],"version-history":[{"count":4,"href":"https:\/\/unmz.gov.cz\/en\/wp-json\/wp\/v2\/pages\/1817\/revisions"}],"predecessor-version":[{"id":10702,"href":"https:\/\/unmz.gov.cz\/en\/wp-json\/wp\/v2\/pages\/1817\/revisions\/10702"}],"up":[{"embeddable":true,"href":"https:\/\/unmz.gov.cz\/en\/wp-json\/wp\/v2\/pages\/1811"}],"wp:attachment":[{"href":"https:\/\/unmz.gov.cz\/en\/wp-json\/wp\/v2\/media?parent=1817"}],"curies":[{"name":"wp","href":"https:\/\/api.w.org\/{rel}","templated":true}]}}