{"id":1819,"date":"2020-02-20T11:08:06","date_gmt":"2020-02-20T10:08:06","guid":{"rendered":"https:\/\/unmz-wp.e-bs.cz\/?page_id=1819"},"modified":"2020-02-20T11:20:15","modified_gmt":"2020-02-20T10:20:15","slug":"casopis-metrologie-content-published-cisel","status":"publish","type":"page","link":"https:\/\/unmz.gov.cz\/en\/metrologie\/casopis-metrologie\/casopis-metrologie-obsah-vydanych-cisel\/","title":{"rendered":"Metrology magazine - contents of published issues"},"content":{"rendered":"<p>Starting with the Metrology 4\/2011 supplement, the texts of individual issues of Metrology are made available (with a time shift); for earlier issues and newly published issues, only the table of contents is published (some thematic supplements of older issues will also be published in full text).<\/p>\n<p>The full text of each issue of the journal is freely available for viewing and download. Their distribution and use (including their individual parts) in any commercial way is not allowed.<\/p>\n<p>Since issue 1\/2015, Metrology magazine has been published in full colour.<\/p>","protected":false},"excerpt":{"rendered":"<p>Po\u010d\u00ednaje p\u0159\u00edlohou Metrologie 4\/2011 jsou zp\u0159\u00edstup\u0148ov\u00e1ny (s \u010dasov\u00fdm posunem) texty jednotliv\u00fdch \u010d\u00edsel \u010dasopisu Metrologie, u d\u0159\u00edv\u011bj\u0161\u00edch ro\u010dn\u00edk\u016f a nov\u011b vydan\u00fdch \u010d\u00edsel je zve\u0159ejn\u011bn pouze obsah (n\u011bkter\u00e9 tematick\u00e9 p\u0159\u00edlohy star\u0161\u00edch ro\u010dn\u00edk\u016f budou rovn\u011b\u017e v pln\u00e9m textu). Pln\u00e9 texty jednotliv\u00fdch \u010d\u00edsel \u010dasopisu jsou voln\u011b p\u0159\u00edstupn\u00e9 k prohl\u00ed\u017een\u00ed a ke sta\u017een\u00ed. Jejich \u0161\u00ed\u0159en\u00ed a vyu\u017e\u00edv\u00e1n\u00ed (i jejich jednotliv\u00fdch [&hellip;]<\/p>\n","protected":false},"author":5,"featured_media":0,"parent":1811,"menu_order":0,"comment_status":"closed","ping_status":"closed","template":"sitemap-onepage.php","meta":{"_acf_changed":false,"_seopress_robots_primary_cat":"","_seopress_titles_title":"","_seopress_titles_desc":"","_seopress_robots_index":"","_lmt_disableupdate":"","_lmt_disable":"","footnotes":""},"class_list":["post-1819","page","type-page","status-publish","hentry"],"acf":[],"_links":{"self":[{"href":"https:\/\/unmz.gov.cz\/en\/wp-json\/wp\/v2\/pages\/1819","targetHints":{"allow":["GET"]}}],"collection":[{"href":"https:\/\/unmz.gov.cz\/en\/wp-json\/wp\/v2\/pages"}],"about":[{"href":"https:\/\/unmz.gov.cz\/en\/wp-json\/wp\/v2\/types\/page"}],"author":[{"embeddable":true,"href":"https:\/\/unmz.gov.cz\/en\/wp-json\/wp\/v2\/users\/5"}],"replies":[{"embeddable":true,"href":"https:\/\/unmz.gov.cz\/en\/wp-json\/wp\/v2\/comments?post=1819"}],"version-history":[{"count":0,"href":"https:\/\/unmz.gov.cz\/en\/wp-json\/wp\/v2\/pages\/1819\/revisions"}],"up":[{"embeddable":true,"href":"https:\/\/unmz.gov.cz\/en\/wp-json\/wp\/v2\/pages\/1811"}],"wp:attachment":[{"href":"https:\/\/unmz.gov.cz\/en\/wp-json\/wp\/v2\/media?parent=1819"}],"curies":[{"name":"wp","href":"https:\/\/api.w.org\/{rel}","templated":true}]}}