{"id":1882,"date":"2020-02-20T12:39:27","date_gmt":"2020-02-20T11:39:27","guid":{"rendered":"https:\/\/unmz-wp.e-bs.cz\/?page_id=1882"},"modified":"2021-09-29T11:27:49","modified_gmt":"2021-09-29T09:27:49","slug":"shortcuts-currency-eu","status":"publish","type":"page","link":"https:\/\/unmz.gov.cz\/en\/statni-zkusebnictvi\/informacni-portal-unmz\/pravni-predpisy\/zkratky-smernic-eu\/","title":{"rendered":"Abbreviations of EU regulations"},"content":{"rendered":"<p>(the abbreviations are used in the Technical Standardisation Plan and in notices in the Bulletin of the Office for Technical Standardisation, and are not always the official abbreviations used in the European Union institutions)<\/p>\n<table id=\"table2\" class=\"table\" border=\"0\" cellpadding=\"0\" align=\"right\">\n<thead>\n<tr>\n<td valign=\"top\">\n<p align=\"center\"><span style=\"font-size: medium;\"><strong>Title of the Directive<\/strong><\/span><\/p>\n<\/td>\n<td valign=\"top\"><b>Directive number<\/b><\/td>\n<td valign=\"top\"><b>Shortcut<\/b><\/p>\n<p>&nbsp;<\/td>\n<\/tr>\n<\/thead>\n<tbody>\n<tr>\n<td valign=\"top\"><span style=\"color: gray;\"><span style=\"font-family: Geneva,Arial,Sans-Serif;\"><strong>Directive 2006\/95\/EC of the European Parliament and of the Council of 12 December 2006 on the harmonisation of the laws of the Member States relating to<\/strong><\/span>\u00a0with<\/span>\u00a0<b>Electrical\u00a0<\/b><b>equipment designed for use within certain voltage limits<\/b>\u00a0(codified version)<\/p>\n<p><i>Low Voltage Electrical Equipment Directive<br \/>\n<\/i><\/td>\n<td valign=\"top\"><a href=\"http:\/\/eur-lex.europa.eu\/LexUriServ\/LexUriServ.do?uri=OJ:L:2006:374:0010:0019:CS:PDF\" target=\"http:\/\/eur-lex.europa.eu\/LexUriServ\/LexUriServ.do?uri=OJ:L:2006:374:0010:0019:CS:PDF\" rel=\"noopener noreferrer\">2006\/95\/EC<\/a><\/td>\n<td valign=\"top\">LVD<\/td>\n<\/tr>\n<tr>\n<td valign=\"top\"><span style=\"font-family: MS Sans Serif,Verdana,Geneva,Arial,Helvetica; font-size: small;\">Directive 2014\/29\/EU of the European Parliament and of the Council of 26 February 2014 on the harmonisation of laws relating to the supply of\u00a0<span style=\"color: black;\">of Simple Pressure Vessels<\/span>\u00a0to the market<\/span><b><\/b><\/p>\n<p><b><\/b><b><\/b><i>Simple Pressure Vessels<br \/>\n<\/i><\/td>\n<td valign=\"top\"><a href=\"https:\/\/eur-lex.europa.eu\/legal-content\/CS\/TXT\/PDF\/?uri=CELEX:32014L0029&amp;from=EN\" target=\"_blank\" rel=\"noopener noreferrer\">2014\/29\/EU<\/a><\/td>\n<td valign=\"top\">SPVD<\/td>\n<\/tr>\n<tr>\n<td valign=\"top\">Directive 2009\/48\/EC of the European Parliament and of the Council of 18 June 2009 on\u00a0<strong><span style=\"color: black;\">toy safety<\/span><\/strong><\/p>\n<p><i>Toys<br \/>\n<\/i><\/td>\n<td valign=\"top\">2009\/48\/EC<\/td>\n<td valign=\"top\">TOYS<\/td>\n<\/tr>\n<tr>\n<td valign=\"top\">Directive 2004\/108\/EC of the European Parliament and of the Council of 15 December 2004 on the approximation of the laws of the Member States relating to\u00a0<b>electromagnetic compatibility\u00a0<\/b>and repealing Directive 89\/336\/EEC<\/p>\n<p><i>Electromagnetic Compatibility<br \/>\n<\/i><\/td>\n<td valign=\"top\">2004\/108\/EC<\/td>\n<td valign=\"top\">EMC<\/td>\n<\/tr>\n<tr>\n<td valign=\"top\">Council Directive 89\/686\/EEC of 21 December 1989 on the approximation of the laws of the Member States relating to\u00a0<b>personal protective equipment<\/b><\/p>\n<p><i>Personal Protective Equipment<br \/>\n<\/i><\/td>\n<td valign=\"top\">89\/686\/EEC<\/td>\n<td valign=\"top\">PPE<\/td>\n<\/tr>\n<tr>\n<td valign=\"top\">Directive 2009\/23\/EC of the European Parliament and of the Council of 23 April 2009 on\u00a0<span style=\"color: black;\"><strong>scales with non-automatic operation<\/strong><\/span>\u00a0(codified version)<\/p>\n<p><i>Non-Automatic Weighing Instruments<br \/>\n<\/i><\/td>\n<td valign=\"top\">2009\/23\/EU<\/td>\n<td valign=\"top\">NAWI<\/td>\n<\/tr>\n<tr>\n<td valign=\"top\">Council Directive 90\/385\/EEC of 20 June 1990 on the approximation of the laws of the Member States relating to\u00a0<b>active implantable medical devices<\/b><\/p>\n<p><i>Active Implantable Medical Devices<br \/>\n<\/i><\/td>\n<td valign=\"top\">90\/385\/EEC<\/td>\n<td valign=\"top\">AIMD<\/td>\n<\/tr>\n<tr>\n<td valign=\"top\">Council Directive 92\/42\/EEC of 21 May 1992 on requirements for\u00a0<b>efficiency of new hot water boilers fired by liquid or gaseous fuels<\/b><\/p>\n<p><i>efficiency requirements for new hot-water boilers fired with liquid or gaseous fuels<br \/>\n<\/i><\/td>\n<td valign=\"top\">92\/42\/EEC<\/td>\n<td valign=\"top\">BED<\/td>\n<\/tr>\n<tr>\n<td valign=\"top\">Council Directive 93\/15\/EEC of 5 April 1993 on the harmonisation of provisions relating to\u00a0<b>the placing on the market and supervision of explosives for civil use<\/b><\/p>\n<p><i>Explosives for civil uses<br \/>\n<\/i><\/td>\n<td valign=\"top\">93\/15\/EEC<\/td>\n<td valign=\"top\">EXPL<\/td>\n<\/tr>\n<tr>\n<td valign=\"top\">Council Directive 93\/42\/EEC of 14 June 1993,\u00a0<b>on Medical Devices<\/b><\/p>\n<p><i>Medical Devices Directive<br \/>\n<\/i><\/td>\n<td valign=\"top\">93\/42\/EEC<\/td>\n<td valign=\"top\">MDD<\/td>\n<\/tr>\n<tr>\n<td valign=\"top\">Directive 94\/9\/EC of the European Parliament and of the Council of 23 March 1994 on the approximation of the laws of the Member States relating to\u00a0<b>equipment and protective systems intended for use in potentially explosive atmospheres<\/b><\/p>\n<p><i>Equipment and protective systems intended for use in potentially explosive atmospheres<br \/>\n<\/i><\/td>\n<td valign=\"top\">94\/9\/EC<\/td>\n<td valign=\"top\">ATEX<\/td>\n<\/tr>\n<tr>\n<td valign=\"top\">Directive 94\/25\/EC of the European Parliament and of the Council of 16 June 1994 on the approximation of the laws, regulations and administrative provisions of the Member States relating to\u00a0<b>recreational vessels<\/b><\/p>\n<p><i>Recreational Craft Directive<br \/>\n<\/i><\/td>\n<td valign=\"top\">94\/25\/EC<\/td>\n<td valign=\"top\">RCD<\/td>\n<\/tr>\n<tr>\n<td valign=\"top\">Directive 95\/16\/EC of the European Parliament and of the Council of 29 June 1995 on the approximation of the laws of the Member States relating to\u00a0<b>Lifts<\/b><\/p>\n<p><i>Elevator<br \/>\n<\/i><\/td>\n<td valign=\"top\">95\/16\/EC<\/td>\n<td valign=\"top\">LIFTS<\/td>\n<\/tr>\n<tr>\n<td valign=\"top\">Directive 2014\/68\/EU of the European Parliament and of the Council of 15 May 2014 on the harmonisation of the laws of the Member States relating to\u00a0<b>of Pressure Equipment<\/b><\/p>\n<p><i>Pressure Equipment Directive<br \/>\n<\/i><\/td>\n<td valign=\"top\"><a href=\"https:\/\/eur-lex.europa.eu\/legal-content\/CS\/TXT\/PDF\/?uri=CELEX:32014L0068&amp;from=EN\" target=\"_blank\" rel=\"noopener noreferrer\">2014\/68\/EU<\/a><\/td>\n<td valign=\"top\">PED<\/td>\n<\/tr>\n<tr>\n<td valign=\"top\">Directive 2006\/42\/EC of the European Parliament and of the Council of 17 May 2006 on\u00a0<strong><span style=\"color: black;\">machinery<\/span><\/strong>\u00a0and amending Directive 95\/16\/EC (recast)<\/p>\n<p><i>Machinery Directive<br \/>\n<\/i><\/td>\n<td valign=\"top\">2006\/42\/EC<\/td>\n<td valign=\"top\">MD<\/td>\n<\/tr>\n<tr>\n<td valign=\"top\">Directive 98\/79\/EC of the European Parliament and of the Council of 27 October 1998 concerning\u00a0<b>in vitro diagnostic medical devices<\/b><\/p>\n<p><i>In vitro diagnostic medical devices<br \/>\n<\/i><\/td>\n<td valign=\"top\">98\/79\/EC<\/td>\n<td valign=\"top\">IVDD<\/td>\n<\/tr>\n<tr>\n<td valign=\"top\">Directive 1999\/5\/EC of the European Parliament and of the Council of 9 March 1999 on\u00a0<b>radio equipment and telecommunications terminal equipment and mutual recognition of their conformity<\/b><\/p>\n<p><i>Radio Equipment and Telecommunications Terminal Equipment Directive<br \/>\n<\/i><\/td>\n<td valign=\"top\">1999\/5\/EC<\/td>\n<td valign=\"top\">RTTED<\/td>\n<\/tr>\n<tr>\n<td valign=\"top\">Directive 2010\/35\/EU of the European Parliament and of the Council of 16 June 2010 on\u00a0<span style=\"color: black;\"><strong><span class=\"marquage\">transportable pressure<\/span>\u00a0facilities<\/strong><\/span>\u00a0and repealing Council Directives 76\/767\/EEC, 84\/525\/EEC, 84\/526\/EEC, 84\/527\/EEC and 1999\/36\/EC<\/p>\n<p><i>Transportable Pressure Equipment Directive<br \/>\n<\/i><\/td>\n<td valign=\"top\">2010\/35\/EU<\/td>\n<td valign=\"top\">TPED<\/td>\n<\/tr>\n<tr>\n<td valign=\"top\">Directive 2000\/9\/EC of the European Parliament and of the Council of 20 March 2000 on\u00a0<b>cableways for passenger transport<\/b><\/p>\n<p><i>Cableway installations designed to carry persons<br \/>\n<\/i><\/td>\n<td valign=\"top\">2000\/9\/EC<\/td>\n<td valign=\"top\">CAB<\/td>\n<\/tr>\n<tr>\n<td>Directive 2000\/14\/EC of the European Parliament and of the Council of 8 May 2000 on the approximation of the laws of the Member States relating to\u00a0<b>noise emissions to the environment from equipment intended for outdoor use<br \/>\n<\/b><\/td>\n<td>2000\/14\/EC<\/td>\n<td>NOI<\/td>\n<\/tr>\n<tr>\n<td>\n<p align=\"center\"><strong><span style=\"color: black; font-size: medium;\">Titles of directly applicable EU legislation<\/span><\/strong><\/p>\n<\/td>\n<td>Regulation number<\/td>\n<td><\/td>\n<\/tr>\n<tr>\n<td>Regulation (EU) No 305\/2011 of the European Parliament and of the Council of 9 March 2011 laying down harmonised conditions for the marketing of\u00a0<span style=\"color: black;\">building products<\/span>\u00a0placing on the market and repealing Council Directive 89\/106\/EEC, as corrected by<\/p>\n<p><em>Construction Products Regulation<\/em><\/td>\n<td><a href=\"https:\/\/eur-lex.europa.eu\/legal-content\/CS\/TXT\/PDF\/?uri=CELEX:02011R0305-20210716&amp;qid=1626698512109&amp;from=CS\" target=\"_blank\" rel=\"noopener noreferrer\">2011\/305\/EU<\/a><\/td>\n<td>CPR<\/td>\n<\/tr>\n<tr>\n<td>Regulation 2016\/426\/EU of the European Parliament and of the Council of 9 March 2016 on\u00a0<span style=\"color: black;\"><strong>gaseous fuel appliances and repealing Directive 2009\/142\/EC<\/strong><\/span><\/p>\n<p><i>Gas Appliances Directive<\/i><\/td>\n<td><a href=\"https:\/\/eur-lex.europa.eu\/legal-content\/CS\/TXT\/PDF\/?uri=CELEX:32016R0426&amp;from=CS\" target=\"_blank\" rel=\"noopener noreferrer\"><span style=\"color: #0066cc;\">2016\/426\/EU<\/span><\/a><\/td>\n<td>GAR<\/td>\n<\/tr>\n<tr>\n<td>Regulation (EU) 2016\/425 of the European Parliament and of the Council of 9 March 2016 on personal protective equipment and repealing Council Directive 89\/686\/EEC<\/td>\n<td><a href=\"https:\/\/eur-lex.europa.eu\/legal-content\/CS\/TXT\/PDF\/?uri=CELEX:32016R0425&amp;from=EN\"> 2016\/425<\/a><\/td>\n<td>PPER<\/td>\n<\/tr>\n<\/tbody>\n<\/table>","protected":false},"excerpt":{"rendered":"<p>(zkratky jsou u\u017e\u00edv\u00e1ny v\u00a0r\u00e1mci Pl\u00e1nu technick\u00e9 normalizace a v\u00a0ozn\u00e1men\u00edch ve V\u011bstn\u00edku \u00daNMZ, p\u0159i\u010dem\u017e se nejedn\u00e1 v\u017edy o ofici\u00e1ln\u00ed zkratky pou\u017e\u00edvan\u00e9 v\u00a0instituc\u00edch Evropsk\u00e9 unie) N\u00e1zev sm\u011brnice \u010c\u00edslo sm\u011brnice Zkratka &nbsp; Sm\u011brnice Evropsk\u00e9ho parlamentu a Rady 2006\/95\/ES ze dne 12.prosince 2006 o harmonizaci pr\u00e1vn\u00edch p\u0159edpis\u016f \u010dlensk\u00fdch st\u00e1t\u016f t\u00fdkaj\u00edc\u00edch\u00a0se\u00a0elektrick\u00fdch\u00a0za\u0159\u00edzen\u00ed ur\u010den\u00fdch pro pou\u017e\u00edv\u00e1n\u00ed v ur\u010dit\u00fdch mez\u00edch nap\u011bt\u00ed\u00a0(kodifikovan\u00e9 zn\u011bn\u00ed) Low [&hellip;]<\/p>\n","protected":false},"author":5,"featured_media":0,"parent":778,"menu_order":0,"comment_status":"closed","ping_status":"closed","template":"","meta":{"_acf_changed":false,"_seopress_robots_primary_cat":"","_seopress_titles_title":"","_seopress_titles_desc":"","_seopress_robots_index":"","_lmt_disableupdate":"","_lmt_disable":"","footnotes":""},"class_list":["post-1882","page","type-page","status-publish","hentry"],"acf":[],"_links":{"self":[{"href":"https:\/\/unmz.gov.cz\/en\/wp-json\/wp\/v2\/pages\/1882","targetHints":{"allow":["GET"]}}],"collection":[{"href":"https:\/\/unmz.gov.cz\/en\/wp-json\/wp\/v2\/pages"}],"about":[{"href":"https:\/\/unmz.gov.cz\/en\/wp-json\/wp\/v2\/types\/page"}],"author":[{"embeddable":true,"href":"https:\/\/unmz.gov.cz\/en\/wp-json\/wp\/v2\/users\/5"}],"replies":[{"embeddable":true,"href":"https:\/\/unmz.gov.cz\/en\/wp-json\/wp\/v2\/comments?post=1882"}],"version-history":[{"count":0,"href":"https:\/\/unmz.gov.cz\/en\/wp-json\/wp\/v2\/pages\/1882\/revisions"}],"up":[{"embeddable":true,"href":"https:\/\/unmz.gov.cz\/en\/wp-json\/wp\/v2\/pages\/778"}],"wp:attachment":[{"href":"https:\/\/unmz.gov.cz\/en\/wp-json\/wp\/v2\/media?parent=1882"}],"curies":[{"name":"wp","href":"https:\/\/api.w.org\/{rel}","templated":true}]}}