{"id":1887,"date":"2020-02-20T12:40:53","date_gmt":"2020-02-20T11:40:53","guid":{"rendered":"https:\/\/unmz-wp.e-bs.cz\/?page_id=1887"},"modified":"2024-07-29T12:51:20","modified_gmt":"2024-07-29T10:51:20","slug":"list-of-government-decisions-for-implementation-of-law-c-22-1997-en","status":"publish","type":"page","link":"https:\/\/unmz.gov.cz\/en\/statni-zkusebnictvi\/informacni-portal-unmz\/pravni-predpisy\/seznam-narizeni-vlady-k-provedeni-zakona-c-22-1997-sb\/","title":{"rendered":"List of Government Regulations to implement Act No. 22\/1997 Coll."},"content":{"rendered":"<p>on technical requirements for products and on amendment and supplementation of certain acts, as amended, laying down technical requirements for products<\/p>\n<p align=\"left\">Please note: Links to legal texts open in a new browser window.<\/p>\n<ol>\n<li>\n<div align=\"left\">Government Order\u00a0<a href=\"https:\/\/aplikace.mv.gov.cz\/sbirka-zakonu\/ViewFile.aspx?type=c&amp;id=3052\">No. 173\/1997 Coll.<\/a>\u00a0\/PDF 258 kB\/ laying down\u00a0<b>selected products<\/b>\u00a0on conformity assessment, as amended by the Government Regulation\u00a0<a href=\"https:\/\/aplikace.mv.gov.cz\/sbirka-zakonu\/ViewFile.aspx?type=c&amp;id=3166\">No. 174\/1998 Coll.<\/a>\u00a0\/PDF 297 kB\/, Government Regulation\u00a0<a href=\"https:\/\/aplikace.mv.gov.cz\/sbirka-zakonu\/ViewFile.aspx?type=c&amp;id=3247\">No. 78\/1999 Coll.<\/a>\u00a0\/PDF 186 kB\/, Government Regulation\u00a0<a href=\"https:\/\/aplikace.mv.gov.cz\/sbirka-zakonu\/ViewFile.aspx?type=c&amp;id=3478\">323\/2000 Coll.<\/a>\u00a0\/PDF 941 kB\/, Government Regulation No.\u00a0<a href=\"https:\/\/aplikace.mv.gov.cz\/sbirka-zakonu\/ViewFile.aspx?type=c&amp;id=3938\">329\/2002 Coll.<\/a>\u00a0\/PDF 1 MB\/, Government Regulation\u00a0<a href=\"https:\/\/aplikace.mv.gov.cz\/sbirka-zakonu\/ViewFile.aspx?type=c&amp;id=5672\">No 88\/2010 Coll.<\/a>. \/PDF 751 kB\/ and the government regulation\u00a0<a href=\"https:\/\/unmz.gov.cz\/en\/files\/pr%C3%A1vn%C3%AD%20p%C5%99edpisy%20zku%C5%A1ebnictv%C3%AD\/450-2016.pdf\/\" target=\"_blank\" rel=\"noopener noreferrer\">No. 450\/2016 Coll.<\/a><\/div>\n<\/li>\n<li>\n<div align=\"left\">Government Order\u00a0<a href=\"https:\/\/aplikace.mv.gov.cz\/sbirka-zakonu\/ViewFile.aspx?type=c&amp;id=3651\">No. 194\/2001 Coll.<\/a>\u00a0\/PDF 828 kB\/ laying down technical requirements for\u00a0<b>aerosol dispensers<\/b>, as amended by Government Decree\u00a0<a href=\"https:\/\/aplikace.mv.gov.cz\/sbirka-zakonu\/ViewFile.aspx?type=c&amp;id=4941\">No. 305\/2006 Coll.<\/a>\u00a0\/PDF 299 kB\/, Government Regulation No.\u00a0<a href=\"https:\/\/aplikace.mv.gov.cz\/sbirka-zakonu\/ViewFile.aspx?type=c&amp;id=5551\">315\/2009 Coll.<\/a>\u00a0\/PDF 3 MB\/a government regulation\u00a0<a href=\"https:\/\/aplikace.mv.gov.cz\/sbirka-zakonu\/ViewFile.aspx?type=c&amp;id=6634\">No. 80\/2014 Coll.<\/a>\u00a0\/PDF 527 kB\/ (75\/324\/EEC as amended by 94\/1\/EC, 2008\/47\/EC and 2013\/10\/EU + N EPaR 1272\/2008)<\/div>\n<\/li>\n<li>\n<div align=\"left\">Government Order\u00a0<a href=\"https:\/\/aplikace.mv.gov.cz\/sbirka-zakonu\/ViewFile.aspx?type=c&amp;id=3824\">No. 9\/2002 Coll.<\/a>\u00a0\/PDF 3 MB\/ laying down technical requirements for products with regard to\u00a0<b>noise emissions,\u00a0<\/b>as amended by the Government Regulation\u00a0<a href=\"https:\/\/aplikace.mv.gov.cz\/sbirka-zakonu\/ViewFile.aspx?type=c&amp;id=4197\">342\/2003 Coll.<\/a>\u00a0\/PDF 1 MB\/ and the government regulation\u00a0<a href=\"https:\/\/aplikace.mv.gov.cz\/sbirka-zakonu\/ViewFile.aspx?type=c&amp;id=4913\">198\/2006 Coll.<\/a>\u00a0\/PDF 406 kB\/ (86\/594\/EEC, 2000\/14\/EC, 2005\/88\/EC)<\/div>\n<\/li>\n<li>\n<div align=\"left\">Government Order\u00a0<a href=\"https:\/\/aplikace.mv.gov.cz\/sbirka-zakonu\/ViewFile.aspx?type=c&amp;id=3886\">163\/2002 Coll.<\/a>\u00a0\/PDF 878 kB\/ laying down technical requirements for\u00a0<b>selected building products,\u00a0<\/b>as amended by the Government Regulation\u00a0<a href=\"https:\/\/aplikace.mv.gov.cz\/sbirka-zakonu\/ViewFile.aspx?type=c&amp;id=4707\">312\/2005 Coll.<\/a>\u00a0\/PDF 1 MB\/ and Government Regulation No.\u00a0<a href=\"https:\/\/unmz.gov.cz\/en\/files\/zku%C5%A1ebnictv%C3%AD\/sb0083-2016.pdf\/\" target=\"_blank\" rel=\"noopener noreferrer\">215\/2016 Coll.<\/a>. \/PDF 689 kB\/<\/div>\n<\/li>\n<li>Government Order\u00a0<a href=\"https:\/\/aplikace.mv.gov.cz\/sbirka-zakonu\/ViewFile.aspx?type=c&amp;id=4093\">No. 25\/2003 Coll.<\/a>\/PDF 13 MB\/ laying down technical requirements for\u00a0<b>efficiency of new hot water boilers<\/b>\u00a0burning liquid or gaseous fuels, as amended by the Government Regulation\u00a0<a href=\"https:\/\/aplikace.mv.gov.cz\/sbirka-zakonu\/ViewFile.aspx?type=c&amp;id=4345\">126\/2004 Coll.<\/a>\/PDF 89 kB\/ and the Government Regulation\u00a0<a href=\"https:\/\/aplikace.mv.gov.cz\/sbirka-zakonu\/ViewFile.aspx?type=c&amp;id=4866\">No. 42\/2006 Coll.<\/a>. \/PDF 86 kB\/ (92\/42\/EEC)<\/li>\n<li>Government Order\u00a0<a href=\"https:\/\/aplikace.mv.gov.cz\/sbirka-zakonu\/ViewFile.aspx?type=c&amp;id=4645\" target=\"_self\" rel=\"noopener noreferrer\">133\/2005 Coll.<\/a>\u00a0\/PDF 1,5 MB\/about technical requirements for\u00a0<b>operational and technical<\/b>\u00a0<b>Connectivity of the European rail system<\/b>, as amended by Government Decree\u00a0<a href=\"https:\/\/aplikace.mv.gov.cz\/sbirka-zakonu\/ViewFile.aspx?type=c&amp;id=5204\">No. 371\/2007 Coll.\u00a0<\/a>\u00a0\/PDF 438 kB\/, Government Regulation\u00a0<a href=\"http:\/\/www.mvcr.cz\/soubor\/sb108-10-pdf.aspx\" target=\"http:\/\/www.mvcr.cz\/soubor\/sb108-10-pdf.aspx\" rel=\"noopener noreferrer\">No. 289\/2010 Coll.<\/a>\u00a0\/PDF 530 kB\/, Government Regulation No.\u00a0<a href=\"https:\/\/aplikace.mv.gov.cz\/sbirka-zakonu\/ViewFile.aspx?type=c&amp;id=6143\">88\/2012 Coll.<\/a>\u00a0\/PDF 879 kB\/ and Government Regulation No.\u00a0<a href=\"https:\/\/aplikace.mv.gov.cz\/sbirka-zakonu\/ViewFile.aspx?type=c&amp;id=18000\" target=\"https:\/\/aplikace.mv.gov.cz\/sbirka-zakonu\/ViewFile.aspx?type=c&amp;id=18000\" rel=\"noopener noreferrer\">72\/2016 Coll.<\/a>\u00a0\/PDF 515 kB\/ (2008\/57\/EU)<\/li>\n<li>\n<div align=\"left\">Government Order\u00a0<a href=\"https:\/\/aplikace.mv.gov.cz\/sbirka-zakonu\/ViewFile.aspx?type=c&amp;id=5281\" target=\"_blank\" rel=\"noopener noreferrer\">No. 176\/2008 Coll.<\/a>\u00a0\/PDF 4,2 MB\/, on technical requirements for\u00a0<strong>machinery,<\/strong>\u00a0as amended by the Government Regulation\u00a0<a href=\"https:\/\/aplikace.mv.gov.cz\/sbirka-zakonu\/ViewFile.aspx?type=z&amp;id=23723\" target=\"_blank\" rel=\"noopener noreferrer\">170\/2011 Coll.<\/a>\u00a0\/PDF 284 kB\/ and the Government Regulation\u00a0<a href=\"https:\/\/aplikace.mv.gov.cz\/sbirka-zakonu\/ViewFile.aspx?type=c&amp;id=6210\">229\/2012 Coll.<\/a> \/2 MB\/ (2006\/42\/EC, 2009\/127\/EC, 2012\/32\/EU), Government Regulation No. \u00a0<a href=\"https:\/\/www.unmz.gov.cz\/wp-content\/uploads\/320_2017-1.pdf\">320\/2017 Coll.<\/a><\/div>\n<\/li>\n<li>\n<div align=\"left\">Government Order <a href=\"https:\/\/www.unmz.gov.cz\/wp-content\/uploads\/121_2020.pdf\">No. 86\/2011 Coll.<\/a>\/PDF 1.4 MB\/ on technical requirements for toys, as amended by the Government Regulation <a href=\"https:\/\/www.unmz.gov.cz\/wp-content\/uploads\/sb0011-2013-24-2013.pdf\">24\/2013 Coll.<\/a> \/PDF 276 kB\/, Government Regulation No. <a href=\"https:\/\/www.unmz.gov.cz\/wp-content\/uploads\/sb0131-2013.pdf\">339\/2013 Coll.<\/a> \/PDF 515 kB\/, Government Regulation <a href=\"https:\/\/www.unmz.gov.cz\/wp-content\/uploads\/sb0062-2015.pdf\">151\/2015 Coll.<\/a> \/567 kB\/, Government Regulation No. \u00a0<a href=\"https:\/\/www.unmz.gov.cz\/wp-content\/uploads\/97_2017-1.pdf\">97\/2017 Coll.,<\/a> Government Regulation No. <a href=\"https:\/\/www.unmz.gov.cz\/wp-content\/uploads\/86_2018-1.pdf\">86\/2018<\/a> Coll. and Government Regulation <a href=\"https:\/\/www.unmz.gov.cz\/wp-content\/uploads\/222_2019.pdf\">222\/2019 Coll.<\/a>.(2009\/48\/EC, as amended by SK 2012\/7\/EU + NC 681\/2013 and SK 2014\/84\/EU)<\/div>\n<\/li>\n<li>\n<div align=\"left\">Government Order\u00a0<a href=\"https:\/\/aplikace.mv.gov.cz\/sbirka-zakonu\/ViewFile.aspx?type=z&amp;id=23837\" target=\"_blank\" rel=\"noopener noreferrer\">No. 208\/2011 Coll.<\/a>\u00a0\/PDF 779 kB\/ on technical requirements for\u00a0<b>transportable pressure equipment<\/b>\u00a0\u00a0(2010\/35\/EU)<\/div>\n<\/li>\n<li>\n<div align=\"left\">Government Order\u00a0<a href=\"https:\/\/aplikace.mv.gov.cz\/sbirka-zakonu\/ViewFile.aspx?type=z&amp;id=25162\" target=\"https:\/\/aplikace.mv.gov.cz\/sbirka-zakonu\/ViewFile.aspx?type=z&amp;id=25162\" rel=\"noopener noreferrer\">481\/2012 Coll.<\/a>\u00a0\/PDF 754 kB\/ o\u00a0<b>restrictions on the use of certain hazardous substances<\/b>\u00a0<strong>in electrical and electronic equipment<\/strong> (2011\/65\/EU), as amended by Government Regulation\u00a0<a href=\"https:\/\/unmz.gov.cz\/en\/files\/pr%C3%A1vn%C3%AD%20p%C5%99edpisy%20zku%C5%A1ebnictv%C3%AD\/391-2016.pdf\/\">No. 391\/2016 Coll.<\/a>, government regulation <a href=\"https:\/\/www.unmz.gov.cz\/wp-content\/uploads\/101_2018.pdf\">101\/2018 Coll.<\/a>, government regulation <a href=\"https:\/\/www.unmz.gov.cz\/wp-content\/uploads\/146_2019.pdf\">146\/2019 Coll.<\/a> and government regulations <a href=\"https:\/\/www.unmz.gov.cz\/wp-content\/uploads\/121_2020.pdf\">121\/2020 Coll.<\/a><\/p>\n<div align=\"left\"><\/div>\n<blockquote dir=\"ltr\">\n<blockquote dir=\"ltr\">\n<blockquote dir=\"ltr\">\n<blockquote dir=\"ltr\"><p>&nbsp;<\/p><\/blockquote>\n<\/blockquote>\n<\/blockquote>\n<\/blockquote>\n<\/div>\n<\/li>\n<\/ol>\n<p>Last update: 29.7.2024<\/p>\n<p>Note:<\/p>\n<p>The numbers of EC (or EU) directives which adopt the given government regulations are given in brackets, or the numbers of EU regulations (marked N) if it is about ensuring their application in the Czech Republic, or Commission regulations (NK) or numbers of Commission directives (marked SK).<\/p>\n<p>In the case of a so-called codified version of a Directive which replaces the earlier Directive with its complete text and all its amendments (references to the repealed Directive are deemed to be references to the codified Directive), the abbreviation \"codif.\" precedes the codified Directive. After the semicolon, the designation of the original Directive with the date of its replacement shall remain. The Government Regulation shall not be amended in such a case.<\/p>\n<p align=\"left\">","protected":false},"excerpt":{"rendered":"<p>o technick\u00fdch po\u017eadavc\u00edch na v\u00fdrobky a o zm\u011bn\u011b a dopln\u011bn\u00ed n\u011bkter\u00fdch z\u00e1kon\u016f, ve zn\u011bn\u00ed pozd\u011bj\u0161\u00edch p\u0159edpis\u016f, kter\u00fdmi se stanov\u00ed technick\u00e9 po\u017eadavky na v\u00fdrobky Upozorn\u011bn\u00ed: Odkazy na texty pr\u00e1vn\u00ed p\u0159edpis\u016f se otev\u00edraj\u00ed v nov\u00e9m okn\u011b prohl\u00ed\u017ee\u010de. Na\u0159\u00edzen\u00ed vl\u00e1dy\u00a0\u010d. 173\/1997 Sb.\u00a0\/PDF 258 kB\/, kter\u00fdm se stanov\u00ed\u00a0vybran\u00e9 v\u00fdrobky\u00a0k posuzov\u00e1n\u00ed shody, ve zn\u011bn\u00ed na\u0159\u00edzen\u00ed vl\u00e1dy\u00a0\u010d. 174\/1998 Sb.\u00a0\/PDF 297 kB\/, [&hellip;]<\/p>\n","protected":false},"author":5,"featured_media":0,"parent":778,"menu_order":0,"comment_status":"closed","ping_status":"closed","template":"","meta":{"_acf_changed":false,"_seopress_robots_primary_cat":"","_seopress_titles_title":"","_seopress_titles_desc":"","_seopress_robots_index":"","_lmt_disableupdate":"no","_lmt_disable":"","footnotes":""},"class_list":["post-1887","page","type-page","status-publish","hentry"],"acf":[],"_links":{"self":[{"href":"https:\/\/unmz.gov.cz\/en\/wp-json\/wp\/v2\/pages\/1887","targetHints":{"allow":["GET"]}}],"collection":[{"href":"https:\/\/unmz.gov.cz\/en\/wp-json\/wp\/v2\/pages"}],"about":[{"href":"https:\/\/unmz.gov.cz\/en\/wp-json\/wp\/v2\/types\/page"}],"author":[{"embeddable":true,"href":"https:\/\/unmz.gov.cz\/en\/wp-json\/wp\/v2\/users\/5"}],"replies":[{"embeddable":true,"href":"https:\/\/unmz.gov.cz\/en\/wp-json\/wp\/v2\/comments?post=1887"}],"version-history":[{"count":0,"href":"https:\/\/unmz.gov.cz\/en\/wp-json\/wp\/v2\/pages\/1887\/revisions"}],"up":[{"embeddable":true,"href":"https:\/\/unmz.gov.cz\/en\/wp-json\/wp\/v2\/pages\/778"}],"wp:attachment":[{"href":"https:\/\/unmz.gov.cz\/en\/wp-json\/wp\/v2\/media?parent=1887"}],"curies":[{"name":"wp","href":"https:\/\/api.w.org\/{rel}","templated":true}]}}