{"id":1897,"date":"2010-07-14T13:11:39","date_gmt":"2010-07-14T11:11:39","guid":{"rendered":"https:\/\/unmz-wp.e-bs.cz\/?page_id=1897"},"modified":"2023-01-05T09:44:12","modified_gmt":"2023-01-05T08:44:12","slug":"information-portal-unmz-specialized-on-legal-and-technical-documents-in-the-field-of-introduction-of-construction-products-to-the-uniform-european-market","status":"publish","type":"page","link":"https:\/\/unmz.gov.cz\/en\/statni-zkusebnictvi\/informacni-portal-unmz\/pravni-predpisy\/informacni-portal-unmz-specializovany-na-pravni-a-technicke-dokumenty-v-oblasti-uvadeni-stavebnich-vyrobku-na-jednotny-evropsky-trh\/","title":{"rendered":"Information portal of the Ministry of Industry and Trade specialising in legal and technical documents in the field of placing construction products on the European market"},"content":{"rendered":"<p align=\"right\"><a href=\"http:\/\/www.sgpstandard.cz\/editor\/files\/stav_vyr\/aktualizace.htm\" target=\"_blank\" rel=\"noopener noreferrer\"><strong>Archive of updates\u00a0<\/strong><\/a><\/p>\n<p><a href=\"https:\/\/unmz.gov.cz\/en\/urad\/information-portal-construction-products\/\" target=\"_blank\" rel=\"noopener noreferrer\"><strong><span style=\"font-size: large;\">English version<\/span><\/strong><\/a><\/p>\n<p>&nbsp;<\/p>\n<blockquote dir=\"ltr\"><p><a href=\"http:\/\/www.sgpstandard.cz\/editor\/files\/stav_vyr\/1_29d_postup.htm\" target=\"_blank\" rel=\"noopener noreferrer\"><strong>Scheme for the marketing of construction products<\/strong><\/a><\/p>\n<p><strong><a href=\"http:\/\/www.sgpstandard.cz\/editor\/unmz\/?u=stav_vyr\/1_1_obec.htm\">General principles for placing products on the market<\/a><\/strong><\/p>\n<p><a href=\"http:\/\/www.sgpstandard.cz\/editor\/files\/unmz\/uvod\/prirucky\/terminologie.htm\" target=\"_blank\" rel=\"noopener noreferrer\"><strong>Terms and explanations concerning the marketing of construction products<\/strong><\/a><\/p><\/blockquote>\n<p>&nbsp;<\/p>\n<p><span style=\"font-size: medium;\"><strong>I. Construction products with CE marking<\/strong><strong>\u00a0By\u00a0<a href=\"https:\/\/unmz.gov.cz\/en\/files\/zku%C5%A1ebnictv%C3%AD\/Pracovn%C3%AD%20text%20platn%C3%A9ho%20zn%C4%9Bn%C3%AD.pdf\/\" target=\"_blank\" rel=\"noopener noreferrer\">Regulation (EU) No 305\/2011 (CPR)<\/a><\/strong><\/span><\/p>\n<p><strong><a href=\"http:\/\/www.sgpstandard.cz\/editor\/files\/stav_vyr\/1_3_cpr.htm\" target=\"_blank\" rel=\"noopener noreferrer\">Details of the CPR for the placing on the market of CE-marked construction products<\/a>\u00a0<\/strong><\/p>\n<p><strong><a href=\"http:\/\/www.sgpstandard.cz\/editor\/unmz\/?u=stav_vyr\/1_3a_akty.htm\" target=\"_blank\" rel=\"noopener noreferrer\">Delegated acts on CPR<\/a><\/strong><\/p>\n<p><strong><a href=\"http:\/\/www.sgpstandard.cz\/editor\/files\/stav_vyr\/1_29a_postup.htm\" target=\"_blank\" rel=\"noopener noreferrer\">Procedure for placing construction products on the market under the CPR with CE marking<\/a><\/strong><\/p>\n<p><strong><a href=\"http:\/\/www.sgpstandard.cz\/editor\/files\/stav_vyr\/1_6_hen.htm\" target=\"_blank\" rel=\"noopener noreferrer\">Harmonised technical specifications:\u00a0<\/a>\u00a0<\/strong><\/p>\n<ul>\n<li><a href=\"http:\/\/www.nlfnorm.cz\/normy\/70\/prehled-harmonizovanych-norem-k-cpr\" target=\"_blank\" rel=\"noopener noreferrer\"><strong>Database of harmonised CPR standards\u00a0<\/strong><\/a>\u00a0\u00a0<span style=\"font-size: small;\">(+ version\u00a0<strong><a href=\"http:\/\/www.nlfnorm.cz\/en\/normy\/70\/harmonizovane-normy-k-narizeni-ep-a-rady-eu-c-305-2011-cpr-\" target=\"_blank\" rel=\"noopener noreferrer\">English<\/a>\u00a0+\u00a0<a href=\"http:\/\/www.sgpstandard.cz\/editor\/files\/manual\/manual.doc\" target=\"_blank\" rel=\"noopener noreferrer\">manual<\/a>\u00a0+\u00a0<a href=\"http:\/\/www.nlfnorm.cz\/normy\/72\/shrnuti-zmen-provedenych-v-aktualnim-prehledu-norem\" target=\"_blank\" rel=\"noopener noreferrer\">summary of updates<\/a>)<\/strong><\/span><\/li>\n<li><strong><span style=\"color: red;\">NEW!<\/span>\u00a0<a href=\"https:\/\/www.nlfnorm.cz\/normy\/1402\/databaze-evropskych-dokumentu-pro-posuzovani-ead-k-narizeni-ep-a-rady-eu-c-305-2011-cpr-\" target=\"_blank\" rel=\"noopener noreferrer\">Database of European Assessment Documents (EADs) for CPRs<\/a>\u00a0<\/strong>(+ version\u00a0\u00a0<strong><a href=\"https:\/\/www.nlfnorm.cz\/en\/normy\/1402\/databaze-evropskych-dokumentu-pro-posuzovani-ead-k-narizeni-ep-a-rady-eu-c-305-2011-cpr-\" target=\"_blank\" rel=\"noopener noreferrer\">English<\/a><\/strong>\u00a0+\u00a0<strong><a href=\"https:\/\/www.nlfnorm.cz\/normy\/1425\/shrnuti-zmen-provedenych-v-definovanem-obdobi-v-ead-k-cpr\" target=\"_blank\" rel=\"noopener noreferrer\">summary of updates<\/a><\/strong>)<\/li>\n<li><strong><span style=\"color: red;\">NEW!<\/span>\u00a0<a href=\"http:\/\/www.nlfnorm.cz\/normy\/71\/harmonizovane-normy-rozdelene-do-skupin-vyrobku\" target=\"_blank\" rel=\"noopener noreferrer\">Harmonised standards and\u00a0<span style=\"color: red;\">EAD<\/span>\u00a0divided into product groups (according to Annex IV to the CPR)<\/a><\/strong>\u00a0<span style=\"font-size: small;\">(+ version\u00a0<strong><a href=\"http:\/\/www.nlfnorm.cz\/en\/normy\/71\/harmonizovane-normy-rozdelene-do-skupin-vyrobku\" target=\"_blank\" rel=\"noopener noreferrer\">English<\/a>)<\/strong><\/span><\/li>\n<\/ul>\n<p><strong><a href=\"http:\/\/www.sgpstandard.cz\/editor\/unmz\/?u=unmz\/nv190\/horizont.htm\" target=\"_blank\" rel=\"noopener noreferrer\">Horizontal specifications<\/a><\/strong><\/p>\n<p><strong><a href=\"http:\/\/www.sgpstandard.cz\/editor\/files\/stav_vyr\/1_7_ead.htm\" target=\"_blank\" rel=\"noopener noreferrer\">European Assessment Documents - EADs (overview of ETAG guidance documents used as EADs)<\/a><\/strong><\/p>\n<p><strong><a href=\"http:\/\/www.sgpstandard.cz\/editor\/files\/stav_vyr\/1_7_eta.htm\" target=\"_blank\" rel=\"noopener noreferrer\">European Technical Assessment for CPR (ETA)<\/a><\/strong><\/p>\n<p><a href=\"http:\/\/www.sgpstandard.cz\/editor\/files\/unmz\/nv190\/no_190.htm\" target=\"_blank\" rel=\"noopener noreferrer\"><strong>Overview of Czech Notified Bodies and Technical Assessment Bodies (TABs) to the CPR<\/strong><\/a><\/p>\n<p><strong><a href=\"http:\/\/www.sgpstandard.cz\/editor\/files\/stav_vyr\/1_10_ce.htm\" target=\"_blank\" rel=\"noopener noreferrer\">Declaration of performance and requirements for CE marking according to the CPR<\/a><\/strong><\/p>\n<p><strong><a href=\"http:\/\/www.sgpstandard.cz\/editor\/files\/stav_vyr\/1_9_pps.htm\" target=\"_blank\" rel=\"noopener noreferrer\">Systems for assessing and verifying the stability of properties according to the CPR<\/a><\/strong><\/p>\n<p><strong><a href=\"http:\/\/www.sgpstandard.cz\/editor\/files\/stav_vyr\/1_13_zp.htm\" target=\"_blank\" rel=\"noopener noreferrer\">Basic requirements for buildings according to the CPR<\/a><\/strong><\/p>\n<ul>\n<li>\n<div>\n<p><strong><a href=\"http:\/\/www.sgpstandard.cz\/editor\/files\/stav_vyr\/1_14_zp_1.htm\" target=\"_blank\" rel=\"noopener noreferrer\">Essential Requirement 1 - Mechanical resistance and stability<\/a><\/strong><\/p>\n<\/div>\n<\/li>\n<li>\n<div>\n<p><strong><a href=\"http:\/\/www.sgpstandard.cz\/editor\/files\/stav_vyr\/1_15_zp_2.htm\" target=\"_blank\" rel=\"noopener noreferrer\">Essential Requirement 2 - Fire Safety<\/a><\/strong><\/p>\n<\/div>\n<\/li>\n<li>\n<div>\n<p><strong><a href=\"http:\/\/www.sgpstandard.cz\/editor\/files\/stav_vyr\/1_16_zp_3.htm\" target=\"_blank\" rel=\"noopener noreferrer\">Essential Requirement 3 - Hygiene, health and environmental protection<\/a><\/strong><\/p>\n<\/div>\n<\/li>\n<li>\n<div>\n<p><strong><a href=\"http:\/\/www.sgpstandard.cz\/editor\/files\/stav_vyr\/1_17_zp_4.htm\" target=\"_blank\" rel=\"noopener noreferrer\">Essential Requirement 4 - Safety and accessibility in use<\/a><\/strong><\/p>\n<\/div>\n<\/li>\n<li>\n<div>\n<p><strong><a href=\"http:\/\/www.sgpstandard.cz\/editor\/files\/stav_vyr\/1_18_zp_5.htm\" target=\"_blank\" rel=\"noopener noreferrer\">Essential Requirement 5 - Noise protection\u00a0<\/a><\/strong><\/p>\n<\/div>\n<\/li>\n<li>\n<div>\n<p><strong><a href=\"http:\/\/www.sgpstandard.cz\/editor\/files\/stav_vyr\/1_19_zp_6.htm\" target=\"_blank\" rel=\"noopener noreferrer\">Essential Requirement 6 - Energy saving and heat protection<\/a><\/strong><\/p>\n<\/div>\n<\/li>\n<li>\n<div>\n<p><strong><a href=\"http:\/\/www.sgpstandard.cz\/editor\/files\/stav_vyr\/1_20_zp_7.htm\" target=\"_blank\" rel=\"noopener noreferrer\">Core Requirement 7 - Sustainable use of natural resources<\/a><\/strong><\/p>\n<\/div>\n<\/li>\n<\/ul>\n<p><strong><a href=\"http:\/\/www.sgpstandard.cz\/editor\/files\/stav_vyr\/1_8_pokyn.htm\" target=\"_blank\" rel=\"noopener noreferrer\">CPR guidelines and documents<\/a><\/strong><\/p>\n<p><a href=\"http:\/\/www.sgpstandard.cz\/editor\/files\/stav_vyr\/1_11_kontakt.htm\" target=\"_blank\" rel=\"noopener noreferrer\"><strong>Contact points for CE marked construction products for CPR<\/strong><\/a><\/p>\n<div>\n<p><a href=\"http:\/\/www.sgpstandard.cz\/editor\/unmz\/?u=unmz\/uvod\/prirucky\/otazky.htm\" target=\"_blank\" rel=\"noopener noreferrer\"><strong>Frequently Asked Questions and Answers about CPR<\/strong><\/a><\/p>\n<p><a href=\"http:\/\/www.sgpstandard.cz\/editor\/files\/stav_vyr\/1_4_rk.htm\" target=\"_blank\" rel=\"noopener noreferrer\"><span style=\"color: #0066cc;\"><strong>Commission Decision<\/strong><\/span><\/a><\/p>\n<p><a href=\"http:\/\/www.sgpstandard.cz\/editor\/files\/stav_vyr\/1_6a_hen.htm\" target=\"_blank\" rel=\"noopener noreferrer\"><span style=\"color: #0066cc;\"><strong>CEN\/CENELEC mandates<\/strong><\/span><\/a><\/p>\n<p><a href=\"http:\/\/www.sgpstandard.cz\/editor\/files\/stav_vyr\/1_7m_eta.htm\" target=\"_blank\" rel=\"noopener noreferrer\"><span style=\"color: #0066cc;\"><strong>EOTA mandates<\/strong><\/span><\/a><\/p>\n<\/div>\n<div>\n<hr \/>\n<\/div>\n<p><span style=\"font-size: medium;\"><strong>II.  Selected construction products (without CE marking)\u00a0<\/strong><strong>according to Government Regulation No.\u00a0<a href=\"https:\/\/www.zakonyprolidi.cz\/cs\/2002-163\/zneni-20170101\" target=\"_blank\" rel=\"noopener noreferrer\">Regulation 163\/2002 Coll.<\/a><\/strong><\/span><\/p>\n<p><strong><a href=\"http:\/\/www.sgpstandard.cz\/editor\/files\/stav_vyr\/1_5_vybran.htm\" target=\"_blank\" rel=\"noopener noreferrer\">Details of Government Regulation No. 163\/2002 Coll. for the placing on the market of selected construction products without CE marking<\/a><\/strong><\/p>\n<p><strong><a href=\"http:\/\/www.sgpstandard.cz\/editor\/files\/stav_vyr\/1_29b_postup.htm\" target=\"_blank\" rel=\"noopener noreferrer\">Procedure for placing construction products on the market according to Government Regulation No. 163\/2002 Coll. without CE marking<\/a><\/strong><\/p>\n<p><strong><a href=\"http:\/\/www.sgpstandard.cz\/editor\/files\/tech_poz\/tech_poz\/cr\/pp_cr\/vybr_stav\/un_163_2002\/un_163_2002.htm\" target=\"_blank\" rel=\"noopener noreferrer\">List of specified standards to Government Regulation No. 163\/2002 Coll.<\/a><\/strong><\/p>\n<p><a href=\"http:\/\/www.sgpstandard.cz\/editor\/files\/unmz\/nv163\/polozky\/ao163.htm\" target=\"_blank\" rel=\"noopener noreferrer\"><strong>List of entities authorised to carry out conformity assessment activities for selected construction products<\/strong><\/a><\/p>\n<p><strong><a href=\"http:\/\/www.sgpstandard.cz\/editor\/files\/unmz\/nv163\/polozky\/polozky.htm\" target=\"_blank\" rel=\"noopener noreferrer\">Selected construction products (12 items according to Annex 2 to Government Regulation No 163\/2002 Coll.)<\/a><\/strong><\/p>\n<hr \/>\n<p><strong><span style=\"font-size: medium;\">III.  Other requirements and useful information<\/span><\/strong><\/p>\n<p align=\"left\"><a href=\"http:\/\/www.sgpstandard.cz\/editor\/unmz\/?u=stav_vyr\/1_1_leg_prip.htm\" target=\"_blank\" rel=\"noopener noreferrer\"><strong>Status of the forthcoming Construction Products Act<\/strong><\/a><\/p>\n<p align=\"left\"><strong><a href=\"http:\/\/www.sgpstandard.cz\/editor\/files\/stav_vyr\/1_24_souvis_cr.htm\" target=\"_blank\" rel=\"noopener noreferrer\">Selected Czech legislation related to buildings<\/a><\/strong><\/p>\n<p align=\"left\"><strong><a href=\"http:\/\/www.sgpstandard.cz\/editor\/files\/stav_vyr\/1_30_cr_dalsi.htm\" target=\"_blank\" rel=\"noopener noreferrer\">Selected Czech legislation related to construction products<\/a><\/strong><\/p>\n<p align=\"left\"><strong><span style=\"color: #000000;\"><a href=\"http:\/\/www.sgpstandard.cz\/editor\/unmz\/?u=stav_vyr\/1_31_tris.htm\" target=\"_blank\" rel=\"noopener noreferrer\">Selected documents from the TRIS database for construction products<\/a><\/span><\/strong><\/p>\n<p><strong><a href=\"http:\/\/www.sgpstandard.cz\/editor\/files\/stav_vyr\/1_12_eurokod.htm\" target=\"_blank\" rel=\"noopener noreferrer\">Eurocodes<\/a>\u00a0<\/strong><\/p>\n<p align=\"left\"><strong><a href=\"http:\/\/www.sgpstandard.cz\/editor\/files\/stav_vyr\/1_21_trvanl.htm\" target=\"_blank\" rel=\"noopener noreferrer\">Durability and durability of building products<\/a><\/strong><\/p>\n<p align=\"left\"><strong><a href=\"http:\/\/www.sgpstandard.cz\/editor\/files\/stav_vyr\/1_10dod_cpr.htm\" target=\"_blank\" rel=\"noopener noreferrer\">Additional requirements and voluntary marks<\/a><\/strong><\/p>\n<p align=\"left\"><strong><a href=\"http:\/\/www.sgpstandard.cz\/editor\/files\/stav_vyr\/1_23_normy.htm\" target=\"_blank\" rel=\"noopener noreferrer\">Overviews of European and Czech standards and TNK activities related to construction products<\/a><\/strong><\/p>\n<p align=\"left\"><strong><a href=\"http:\/\/www.sgpstandard.cz\/editor\/files\/stav_vyr\/1_25_tzb.htm\" target=\"_blank\" rel=\"noopener noreferrer\">Technical equipment<\/a><\/strong><\/p>\n<p><strong><a href=\"http:\/\/www.sgpstandard.cz\/editor\/files\/stav_vyr\/1_22_organy.htm\" target=\"_blank\" rel=\"noopener noreferrer\">European institutions and bodies<\/a><a href=\"http:\/\/www.sgpstandard.cz\/editor\/files\/stav_vyr\/1_7a_eta.htm\" target=\"_blank\" rel=\"noopener noreferrer\">\u00a0<\/a><\/strong><\/p>\n<p><strong><a href=\"http:\/\/www.sgpstandard.cz\/editor\/files\/stav_vyr\/1_26_termin.htm\" target=\"_blank\" rel=\"noopener noreferrer\">Terminological standards in the field of construction products<\/a><\/strong><\/p>\n<p><strong><a href=\"http:\/\/www.sgpstandard.cz\/editor\/files\/stav_vyr\/1_27_zkratky.htm\" target=\"_blank\" rel=\"noopener noreferrer\">Abbreviations used<\/a><\/strong><\/p>\n<p><strong><a href=\"http:\/\/www.sgpstandard.cz\/editor\/files\/stav_vyr\/1_28_zdroje.htm\" target=\"_blank\" rel=\"noopener noreferrer\">Literature used and most important information sources<\/a><\/strong><\/p>\n<p>&nbsp;<\/p>\n<p><strong><span style=\"font-size: medium;\">IV. Education<\/span><\/strong><\/p>\n<p><a href=\"http:\/\/www.sgpstandard.cz\/editor\/files\/unmz\/uvod\/prirucky\/prirucky.htm\" target=\"_blank\" rel=\"noopener noreferrer\">Handbooks for SMEs<\/a><\/p>\n<p><a href=\"https:\/\/www.nlfnorm.cz\/terminologicky-slovnik\" target=\"_blank\" rel=\"noopener noreferrer\">Terminology database<\/a><\/p>\n<p><a href=\"https:\/\/www.nlfnorm.cz\/terminologicky-slovnik\/1366\/terminologie-bim\" target=\"_blank\" rel=\"noopener noreferrer\">BIM terminology<\/a><\/p>\n<p>&nbsp;<\/p>\n<p><strong><span style=\"font-size: medium;\">V. Placing construction products on the market in the Czech Republic and the EU until 30 June 2013<\/span><\/strong><\/p>\n<p><strong><a href=\"http:\/\/www.sgpstandard.cz\/editor\/files\/stav_vyr\/1_2_cpd.htm\" target=\"_blank\" rel=\"noopener noreferrer\">Council Directive 89\/106\/EEC (CPD) on construction products and its implementation in the Czech Republic<\/a>\u00a0<\/strong><\/p>\n<p><strong><a href=\"http:\/\/www.sgpstandard.cz\/editor\/files\/stav_vyr\/1_29c_postup.htm\" target=\"_blank\" rel=\"noopener noreferrer\">Procedure for placing construction products on the market until 30 June 2013<\/a><\/strong><\/p>\n<p><strong><a href=\"http:\/\/www.sgpstandard.cz\/editor\/files\/stav_vyr\/1_7a_eta.htm\" target=\"_blank\" rel=\"noopener noreferrer\">ETA - European Technical Approval for CPD\u00a0<\/a><\/strong><\/p>\n<p><strong><a href=\"http:\/\/www.sgpstandard.cz\/editor\/files\/stav_vyr\/1_10a_ce.htm\" target=\"_blank\" rel=\"noopener noreferrer\">Declaration of conformity and the requirements for CE marking and EC certificates according to CPD<\/a><\/strong><\/p>\n<p><a href=\"http:\/\/www.sgpstandard.cz\/editor\/files\/stav_vyr\/1_9a_pps.htm\" target=\"_blank\" rel=\"noopener noreferrer\"><strong>Systems for demonstrating conformity according to CPD<\/strong><\/a><\/p>\n<p><a href=\"http:\/\/www.sgpstandard.cz\/editor\/files\/stav_vyr\/1_13_zp_cpd.htm\" target=\"_blank\" rel=\"noopener noreferrer\">Basic requirements and interpretation documents for CPD<\/a><\/p>\n<p><a href=\"http:\/\/www.sgpstandard.cz\/editor\/files\/stav_vyr\/1_8a_pokyn.htm\" target=\"_blank\" rel=\"noopener noreferrer\"><strong>SCC CPD guidelines, GNB-CPD position papers and internal AG NB-CPD documents<\/strong><\/a><\/p>\n<p><a href=\"http:\/\/www.sgpstandard.cz\/editor\/files\/stav_vyr\/prirucka.doc\" target=\"_blank\" rel=\"noopener noreferrer\"><strong>Handbook \"Technical requirements for construction products according to EC and Czech documents (November 2012<\/strong><\/a><strong>)<\/strong><\/p>\n<p><a href=\"http:\/\/www.sgpstandard.cz\/editor\/files\/stav_vyr\/prirucka_2013.doc\" target=\"_blank\" rel=\"noopener noreferrer\"><strong>Handbook \"Technical requirements for construction products according to EC and Czech documents (November 2013<\/strong><\/a><strong>)<\/strong><\/p>\n<p><a href=\"http:\/\/www.sgpstandard.cz\/editor\/files\/unmz\/uvod\/prirucky\/vyuka_web.htm\" target=\"_blank\" rel=\"noopener noreferrer\"><span style=\"color: #0066cc;\"><strong>Teaching about state testing in the building products sector (for secondary vocational school students (2013)<\/strong><\/span><\/a><\/p>\n<p>&nbsp;<\/p>","protected":false},"excerpt":{"rendered":"<p>Archiv aktualizac\u00ed\u00a0 English version &nbsp; Sch\u00e9ma uv\u00e1d\u011bn\u00ed stavebn\u00edch v\u00fdrobk\u016f na trh Obecn\u00e9 principy pro uv\u00e1d\u011bn\u00ed v\u00fdrobk\u016f na trh Term\u00edny a vysv\u011btlivky t\u00fdkaj\u00edc\u00ed se uv\u00e1d\u011bn\u00ed stavebn\u00edch v\u00fdrobk\u016f na trh &nbsp; I. Stavebn\u00ed v\u00fdrobky s ozna\u010den\u00edm CE\u00a0podle\u00a0na\u0159\u00edzen\u00ed (EU)\u00a0\u010d. 305\/2011 (CPR) Podrobnosti k na\u0159\u00edzen\u00ed CPR pro uveden\u00ed stavebn\u00edch v\u00fdrobk\u016f na trh s\u00a0ozna\u010den\u00edm CE\u00a0 Akty k CPR v p\u0159enesen\u00e9 [&hellip;]<\/p>\n","protected":false},"author":5,"featured_media":0,"parent":778,"menu_order":0,"comment_status":"closed","ping_status":"closed","template":"","meta":{"_acf_changed":false,"_seopress_robots_primary_cat":"","_seopress_titles_title":"","_seopress_titles_desc":"","_seopress_robots_index":"","_lmt_disableupdate":"","_lmt_disable":"","footnotes":""},"class_list":["post-1897","page","type-page","status-publish","hentry"],"acf":[],"_links":{"self":[{"href":"https:\/\/unmz.gov.cz\/en\/wp-json\/wp\/v2\/pages\/1897","targetHints":{"allow":["GET"]}}],"collection":[{"href":"https:\/\/unmz.gov.cz\/en\/wp-json\/wp\/v2\/pages"}],"about":[{"href":"https:\/\/unmz.gov.cz\/en\/wp-json\/wp\/v2\/types\/page"}],"author":[{"embeddable":true,"href":"https:\/\/unmz.gov.cz\/en\/wp-json\/wp\/v2\/users\/5"}],"replies":[{"embeddable":true,"href":"https:\/\/unmz.gov.cz\/en\/wp-json\/wp\/v2\/comments?post=1897"}],"version-history":[{"count":0,"href":"https:\/\/unmz.gov.cz\/en\/wp-json\/wp\/v2\/pages\/1897\/revisions"}],"up":[{"embeddable":true,"href":"https:\/\/unmz.gov.cz\/en\/wp-json\/wp\/v2\/pages\/778"}],"wp:attachment":[{"href":"https:\/\/unmz.gov.cz\/en\/wp-json\/wp\/v2\/media?parent=1897"}],"curies":[{"name":"wp","href":"https:\/\/api.w.org\/{rel}","templated":true}]}}