{"id":243,"date":"2019-07-07T13:13:29","date_gmt":"2019-07-07T11:13:29","guid":{"rendered":"http:\/\/unmz-wp.e-bs.cz\/?page_id=243"},"modified":"2023-08-31T17:14:08","modified_gmt":"2023-08-31T15:14:08","slug":"information-for-subjects-authorised-to-perform-regulatory-measurement","status":"publish","type":"page","link":"https:\/\/unmz.gov.cz\/en\/metrologie\/autorizace\/informace-pro-subjekty-autorizovane-k-vykonu-uredniho-mereni\/","title":{"rendered":"Information for bodies authorized to perform official measurement"},"content":{"rendered":"<h1>Information for bodies authorized to perform official measurement<\/h1>\n<p>1. MP 010 Official water flow measurements in free-flow profiles from March 2021<\/p>\n<p>IN PROFILES WITH A LOOSE CHOICE the prescription is available for download on the website of the Czech Metrology Institute <u><a href=\"https:\/\/www.cmi.cz\/sites\/all\/files\/public\/download\/Ostatni_sluzby\/Metrologicke_predpisy\/MP_010-2021_web.pdf\">here<\/a>.<\/u><\/p>\n<p>2. <a href=\"https:\/\/www.unmz.gov.cz\/wp-content\/uploads\/Sd\u011blen\u00ed-\u0158O-certifikace.pdf\">Communication from the Director of the Department to bodies authorised to carry out official measurements<\/a><\/p>\n<p>3. MP 020 Metrological, Technical and Personnel Competence of Subjects to Perform Official Measurements from February 2018 is available for download on the website of the Czech Metrology Institute <a href=\"https:\/\/www.cmi.cz\/sites\/all\/files\/public\/download\/Ostatni_sluzby\/Metrologicke_predpisy\/MP%20020_2018_web.pdf\"><u>Here.<\/u><\/a><\/p>\n<p>4. Methodological Guideline for Metrology 13-20 <strong>Authorisation of bodies to carry out official measurements <\/strong>effective from 1 July 2020 is available for download <a href=\"https:\/\/www.unmz.gov.cz\/wp-content\/uploads\/MPM-13-20.pdf\"><u>Here.<\/u><\/a><\/p>\n<p>5. MP 010 -Official measurement of water flow in profiles with free surface. <strong>Procedure for carrying out official measurements by velocity field method, volumetric method, weighing method, portable measuring set with flow meter, measuring spillways and troughs<\/strong> takes effect on 15 March 2023 and is available for download on the website of the Czech Metrology Institute <u><a href=\"https:\/\/www.cmi.cz\/sites\/all\/files\/public\/download\/Ostatni_sluzby\/Metrologicke_predpisy\/MP_010-2023_web.pdf\">here<\/a>.<\/u><\/p>\n<p>6. <a href=\"https:\/\/www.unmz.gov.cz\/wp-content\/uploads\/Informace-o-vydani-pokynu-MPM-13-23-2.pdf\">Information on the release of the new MPM 13-23<\/a> + <a href=\"https:\/\/www.unmz.gov.cz\/wp-content\/uploads\/MPM-13-23-1.pdf\">MPM 13-23<\/a> + <a href=\"https:\/\/www.unmz.gov.cz\/wp-content\/uploads\/MPM-13-23-VZORY-1.docx\">models of applications<\/a><\/p>","protected":false},"excerpt":{"rendered":"<p>Informace pro subjekty autorizovan\u00e9 k v\u00fdkonu \u00fa\u0159edn\u00edho m\u011b\u0159en\u00ed 1. MP 010 \u00da\u0159edn\u00ed m\u011b\u0159en\u00ed pr\u016ftoku vody v profilech s volnou hladinou z b\u0159ezna 2021 V PROFILECH S VOLNOU HLADINOU p\u0159edpis je ke sta\u017een\u00ed na str\u00e1nk\u00e1ch \u010cesk\u00e9ho metrologick\u00e9ho institutu zde. 2. Sd\u011blen\u00ed \u0159editele odboru pro subjekty autorizovan\u00e9 k v\u00fdkonu \u00fa\u0159edn\u00edho m\u011b\u0159en\u00ed 3. MP 020 Metrologick\u00e1, technick\u00e1 a [&hellip;]<\/p>\n","protected":false},"author":5,"featured_media":0,"parent":146,"menu_order":0,"comment_status":"closed","ping_status":"closed","template":"","meta":{"_acf_changed":false,"_seopress_robots_primary_cat":"","_seopress_titles_title":"","_seopress_titles_desc":"","_seopress_robots_index":"","_lmt_disableupdate":"","_lmt_disable":"","footnotes":""},"class_list":["post-243","page","type-page","status-publish","hentry"],"acf":[],"_links":{"self":[{"href":"https:\/\/unmz.gov.cz\/en\/wp-json\/wp\/v2\/pages\/243","targetHints":{"allow":["GET"]}}],"collection":[{"href":"https:\/\/unmz.gov.cz\/en\/wp-json\/wp\/v2\/pages"}],"about":[{"href":"https:\/\/unmz.gov.cz\/en\/wp-json\/wp\/v2\/types\/page"}],"author":[{"embeddable":true,"href":"https:\/\/unmz.gov.cz\/en\/wp-json\/wp\/v2\/users\/5"}],"replies":[{"embeddable":true,"href":"https:\/\/unmz.gov.cz\/en\/wp-json\/wp\/v2\/comments?post=243"}],"version-history":[{"count":0,"href":"https:\/\/unmz.gov.cz\/en\/wp-json\/wp\/v2\/pages\/243\/revisions"}],"up":[{"embeddable":true,"href":"https:\/\/unmz.gov.cz\/en\/wp-json\/wp\/v2\/pages\/146"}],"wp:attachment":[{"href":"https:\/\/unmz.gov.cz\/en\/wp-json\/wp\/v2\/media?parent=243"}],"curies":[{"name":"wp","href":"https:\/\/api.w.org\/{rel}","templated":true}]}}