{"id":249,"date":"2019-07-07T13:18:37","date_gmt":"2019-07-07T11:18:37","guid":{"rendered":"http:\/\/unmz-wp.e-bs.cz\/?page_id=249"},"modified":"2022-06-01T08:38:36","modified_gmt":"2022-06-01T06:38:36","slug":"national-metrological-system-of-the-czech-republic","status":"publish","type":"page","link":"https:\/\/unmz.gov.cz\/en\/metrologie\/metrologicky-system\/narodni-metrologicky-system-ceske-republiky\/","title":{"rendered":"National metrology system of the Czech Republic"},"content":{"rendered":"<h1>National metrology system of the Czech Republic<\/h1>\n<p>National metrology system (hereinafter referred to as NMS) means the system which serves to ensure the uniformity and correctness of measuring instruments and measurements in a given State, through a system of technical means and equipment, as well as technical regulations, rights and obligations of administrative authorities and legal persons or natural persons engaged in business.<\/p>\n<p>The main areas of the system are fundamental metrology, legal metrology and industrial metrology.<\/p>\n<p>The basic elements of the NMS CR are\u00a0<b>consumers and the public in general<\/b>\u00a0(i.e. not only citizens of the Czech Republic, but also foreign nationals who are present in the Czech Republic). For them, there is an infrastructure of producers and services and for them there are also objective aspects of public interest that must be respected and observed.<\/p>\n<p>The second important element of the NMS CR is\u00a0<b>business entities<\/b>. This element also includes manufacturers and repairers of measuring instruments as well as installers of measuring instruments. In addition, this element includes entities with outputs that are not products (e.g. services).<\/p>\n<p>Other elements of the NMS CR are involved in its management, providing services for the two above mentioned basic elements and the necessary development of metrology and international metrological cooperation within this system. It is of course represented here\u00a0<b>State<\/b>whose function is basically focused on the creation, negotiation and approval of the necessary metrological legislation (i.e., mostly the area of legal metrology), activities related to compliance with metrological legislation, activities related to ensuring the development of metrology in the Czech Republic and activities related to the area of international cooperation in metrology.<\/p>\n<p>One of the key elements is undeniably\u00a0<b>National Institute of Metrology<\/b>, represented by the Czech Metrology Institute (hereinafter referred to as CMI).<\/p>\n<p>The NMS also includes\u00a0<b>other important elements<\/b>, as education in the field of metrology, including a network of functioning certification bodies for the certification of persons in the field of metrology and, of course, also the Czech national accreditation system, on the basis of which it is possible to prove the competence of calibration laboratories, testing laboratories, certification bodies and inspection bodies, especially in the field of applied metrology. The Czech national accreditation system also has a significant position in the field of entities operating in legal metrology. A number of CMI sites providing services in the field of metrology in general and working in legal metrology are accredited. In addition to verification of professional competence by the CMI, accreditation also serves as a basis for the authorisation of entities which then work as authorised metrology centres (AMS).<\/p>\n<p>The legal framework of the NMS CR is currently defined by Act No. 505\/1990 Coll., on Metrology, and its implementing regulations. The placing of certain types of measuring instruments on the market and in operation falls within the scope of Act No. 90\/2016 Coll., on conformity assessment of specified products when they are supplied to the market and the relevant Government Regulations of the Czech Republic.\u00a0<a href=\"https:\/\/unmz.gov.cz\/en\/urad\/legal-regulations-in-metrology-2\/\" target=\"_blank\" rel=\"noopener noreferrer\">here<\/a>.<\/p>\n<p>The national metrology system of the Czech Republic is fully comparable and compatible with the systems common in the member states of the Metric Convention and especially with the systems of countries in the EU. This is also reflected in the involvement in international cooperation at all relevant levels, including membership and work in the bodies of the Metric Convention, EURAMET e.V., OIML, WELMEC e.V. and others.<\/p>\n<p>&nbsp;<\/p>\n<p><b>Structure of the NMS of the Czech Republic<\/b><\/p>\n<p><img loading=\"lazy\" decoding=\"async\" src=\"https:\/\/www.unmz.gov.cz\/imgarchiv\/NMS%20%C4%8CR_sch%C3%A9ma_2.PNG\" alt=\"Click to view full size image \" width=\"525\" height=\"388\" border=\"0\" hspace=\"0\" \/><\/p>\n<p>&nbsp;<\/p>\n<p><b>Elements of the NMS CR that are active in the system<\/b><\/p>\n<p><b><a href=\"http:\/\/www.mpo.cz\/\" target=\"_blank\" rel=\"noopener noreferrer\">MIT<\/a>\u00a0 -\u00a0<\/b>Central Authority of the State Administration for Technical Standardization, Metrology and State Testing - see Act No.<b>. 2\/1969 Coll.<\/b>. and Act No.\u00a0<b>20\/1993 Coll.,\u00a0<\/b>on ensuring the performance of state administration in the field of technical standardisation, metrology and state testing.<\/p>\n<p>&nbsp;<\/p>\n<p><b>\u00daNMZ<\/b>\u00a0- State administration body for technical standardization, metrology and state testing. The competence in metrology is given by Act No.\u00a0<b>20\/1993 Coll.<\/b>., and Act No.\u00a0<b>505\/1990 Coll.<\/b>., on metrology.<\/p>\n<p><b>Main areas of competence of the Office of Metrology<\/b><\/p>\n<p>- stipulates\u00a0<b>program<\/b>\u00a0State Metrology and ensures its implementation,<\/p>\n<p>-\u00a0\u00a0\u00a0\u00a0\u00a0\u00a0<b>represents the Czech Republic\u00a0<\/b>in international metrology bodies and organisations,<\/p>\n<p>-\u00a0\u00a0\u00a0\u00a0\u00a0 \u00a0<b>authorises entities\u00a0<\/b>to perform in the field of state metrological control of measuring instruments and official measurements, authorises authorised bodies to\u00a0<b>preservation of state standards<\/b>,<\/p>\n<p>- performed\u00a0<b>check<\/b>\u00a0activities\u00a0<b>CMI<\/b>,<\/p>\n<p>-\u00a0\u00a0\u00a0\u00a0\u00a0\u00a0<b>monitors compliance with obligations\u00a0<\/b>provided for in this Act; in exercising control, it shall proceed in accordance with a special legal regulation,<\/p>\n<p>-\u00a0\u00a0\u00a0\u00a0\u00a0\u00a0<b>Announced by\u00a0<\/b>information to the European Community (EC) authorities on the bodies responsible for type-approval and verification of measuring instruments<\/p>\n<p>- and others<\/p>\n<p>&nbsp;<\/p>\n<p><b><a href=\"http:\/\/www.cmi.cz\/\" target=\"_blank\" rel=\"noopener noreferrer\">CMI<\/a><\/b><a href=\"http:\/\/www.cmi.cz\/\">\u00a0<\/a>- The competence in metrology is determined by the Metrology Act and the founding charter. It acts as a national metrology institute.<\/p>\n<p><b>Main areas of CMI's competence in metrology<\/b><\/p>\n<p>- performed\u00a0<b>metrological research and preservation of national standards\u00a0<\/b>including the transfer of measurement unit values,<\/p>\n<p>- performs\u00a0<b>type approval and verification of specified measuring instruments<\/b>,<\/p>\n<p>-\u00a0\u00a0\u00a0\u00a0\u00a0\u00a0<b>registers<\/b>\u00a0entities that repair or install the specified meters,<\/p>\n<p>- performs state metrology\u00a0<b>Oversight,<\/b><\/p>\n<p>- performs metrological\u00a0<b>check<\/b>\u00a0<b>prepackaged goods\u00a0<\/b>and bottles,<\/p>\n<p>-\u00a0\u00a0\u00a0\u00a0\u00a0\u00a0<b>assesses compliance\u00a0<\/b>and carries out product testing within the scope of authorisations or accreditations granted under the legal regulation governing the field of technical requirements for products\u00a0<b>(MID, NAWI)<\/b>,<\/p>\n<p>- issues measures of a general nature pursuant to \u00a724c and 24d of the Metrology Act,<\/p>\n<p>- notify the EU authorities of information on the issue or amendment of certificates relating to the approval of measuring instruments<\/p>\n<p>- and others.<\/p>\n<p>&nbsp;<\/p>\n<p><b>Associated CMI laboratories<\/b><\/p>\n<p>- Institute of Photonics and Electronics of the CAS<\/p>\n<p>- Research Institute of Geodesy, Topography and Cartography<\/p>\n<p>- Czech Hydrometeorological Institute.<\/p>\n<p>&nbsp;<\/p>\n<p><b><a href=\"http:\/\/www.cai.cz\/\" target=\"_blank\" rel=\"noopener noreferrer\">HERE<\/a><\/b>\u00a0- the national metrology system uses the services of a national accreditation body to assess the competence of metrology bodies.<\/p>\n<p><a href=\"https:\/\/aplikace.unmz.cz\/urad\/data_ams_1.asp?cd=488&amp;typ=r\" target=\"_blank\" rel=\"noopener noreferrer\"><strong>AMS<\/strong><\/a> - authorised metrology centres - bodies authorised to verify specified measuring instruments or certify reference materials (<b>\u00a7 16 of Act No. 505\/1990 Coll.) \u00a0<\/b><\/p>\n<p><a href=\"https:\/\/aplikace.unmz.cz\/urad\/data_ams_2.asp?cd=816&amp;typ=r\" target=\"_blank\" rel=\"noopener noreferrer\"><strong>\u00daM<\/strong><\/a> - bodies authorised to carry out official measurements<\/p>\n<p><b>Notified person for MID and NAWI directives<\/b>\u00a0- 1 (<a href=\"http:\/\/www.cmi.cz\/\" target=\"_blank\" rel=\"noopener noreferrer\">CMI<\/a>\u00a0- NO 1383)<\/p>\n<p><b><a href=\"http:\/\/registrace.cmi.cz\/\" target=\"_blank\" rel=\"noopener noreferrer\">Registered entities<\/a>\u00a0pursuant to \u00a7 19 of Act No. 505\/1990 Coll. \u00a0<\/b><\/p>\n<p><b>Gauge manufacturers<\/b><\/p>\n<p><strong>Service providers<\/strong><\/p>\n<p>The NMS also includes\u00a0<strong><span style=\"color: #0066cc;\"><a href=\"https:\/\/www.cai.cz\/?kategorie_subjektu=kalibracni-laboratore\" target=\"_self\" rel=\"noopener noreferrer\">accredited calibration laboratories<\/a><\/span><\/strong>\u00a0and other entities<\/p>\n<p>&nbsp;<\/p>\n<p>&nbsp;<\/p>\n<p><b>Position of the Czech Republic in international metrology organisations<\/b><\/p>\n<p><a href=\"http:\/\/www.bipm.org\/\" target=\"_self\" rel=\"noopener noreferrer\">Metric convention<\/a>\u00a0- Strictly speaking, the Metric Convention is a treaty at the government level. The General Conference on Weights and Measures is represented by a delegation mandated by the government to negotiate. Czechoslovakia acceded to the Convention in 1922 (see Decree No. 351\/1922 Coll.). The Czech Republic is a member as a successor state. Cooperation with the BIPM (International Bureau of Weights and Measures) is at technical level and is coordinated by the CMI.<\/p>\n<p>Convention on the establishment of\u00a0<a href=\"http:\/\/www.oiml.org\/\" target=\"_self\" rel=\"noopener noreferrer\">OIML<\/a>\u00a0and the accession of Czechoslovakia was approved by the government in 1955. The Director General of the CMI is a member of its committee.<\/p>\n<p>Member of <a href=\"http:\/\/www.welmec.org\/\" target=\"_self\" rel=\"noopener noreferrer\">WELMEC e.V.<\/a> has been the \u00daNMZ since 2020 (formerly WELMEC, where \u00daNMZ has been a full member on behalf of the CMI since 2004).<\/p>\n<p>Member of\u00a0<a href=\"http:\/\/www.euramet.org\/\">EURAMET e.V.<\/a><b>\u00a0<\/b>is CMI since 2007 (formerly EUROMET, where CMI was a full member since 1996).<\/p>\n<p>&nbsp;<\/p>\n<p><b>NMS CR is associated with accreditation and technical standardization\u00a0<\/b><\/p>\n<table border=\"1\" width=\"100%\" cellspacing=\"0\" cellpadding=\"0\">\n<tbody>\n<tr>\n<td colspan=\"2\" valign=\"top\" width=\"306\">\n<p align=\"center\"><b>Metrology<\/b><\/p>\n<\/td>\n<td valign=\"top\" width=\"153\">\n<p align=\"center\"><b>Accreditation<\/b><\/p>\n<\/td>\n<td valign=\"top\" width=\"153\">\n<p align=\"center\"><b>Technical standardisation<\/b><\/p>\n<\/td>\n<\/tr>\n<tr>\n<td colspan=\"4\" valign=\"top\" width=\"612\">\n<p align=\"center\">The World<\/p>\n<\/td>\n<\/tr>\n<tr>\n<td valign=\"top\" width=\"153\">\n<p align=\"center\">BIPM<\/p>\n<\/td>\n<td valign=\"top\" width=\"153\">\n<p align=\"center\">OIML<\/p>\n<\/td>\n<td valign=\"top\" width=\"153\">\n<p align=\"center\">ILAC\/IAF<\/p>\n<\/td>\n<td valign=\"top\" width=\"153\">\n<p align=\"center\">ISO\/IEC<\/p>\n<\/td>\n<\/tr>\n<tr>\n<td colspan=\"4\" valign=\"top\" width=\"612\">\n<p align=\"center\">Europe<\/p>\n<\/td>\n<\/tr>\n<tr>\n<td valign=\"top\" width=\"153\">\n<p align=\"center\">EURAMET<\/p>\n<\/td>\n<td valign=\"top\" width=\"153\">\n<p align=\"center\">EK, WELMEC e.V.<\/p>\n<\/td>\n<td valign=\"top\" width=\"153\">\n<p align=\"center\">EA<\/p>\n<\/td>\n<td valign=\"top\" width=\"153\">\n<p align=\"center\">CEN, CENELEC<\/p>\n<\/td>\n<\/tr>\n<tr>\n<td colspan=\"4\" valign=\"top\" width=\"612\">\n<p align=\"center\">Czech Republic<\/p>\n<\/td>\n<\/tr>\n<tr>\n<td valign=\"top\" width=\"153\">\n<p align=\"center\">CMI (national lab.)<\/p>\n<\/td>\n<td valign=\"top\" width=\"153\">\n<p align=\"center\">\u00daNMZ<\/p>\n<\/td>\n<td valign=\"top\" width=\"153\">\n<p align=\"center\">HERE<\/p>\n<\/td>\n<td valign=\"top\" width=\"153\">\n<p align=\"center\">\u00daNMZ<\/p>\n<\/td>\n<\/tr>\n<tr>\n<td valign=\"top\" width=\"153\">\n<p align=\"center\">fundamental metrology<\/p>\n<\/td>\n<td valign=\"top\" width=\"153\">\n<p align=\"center\">CMI, CTIA<\/p>\n<p align=\"center\">(national authorities)<\/p>\n<\/td>\n<td valign=\"top\" width=\"153\">\n<p align=\"center\"><b>national accreditation body<\/b><\/p>\n<\/td>\n<td valign=\"top\" width=\"153\">\n<p align=\"center\"><b>national standardisation body<\/b><\/p>\n<\/td>\n<\/tr>\n<tr>\n<td valign=\"top\" width=\"153\">\n<p align=\"center\"><b>industrial metrology<\/b><\/p>\n<\/td>\n<td valign=\"top\" width=\"153\">\n<p align=\"center\"><b>\u00a0authorised entities<\/b><\/p>\n<\/td>\n<td valign=\"top\" width=\"153\">\n<p align=\"center\"><b>accredited bodies<\/b><\/p>\n<\/td>\n<td valign=\"top\" width=\"153\">\n<p align=\"center\">\n<\/td>\n<\/tr>\n<\/tbody>\n<\/table>\n<p>&nbsp;<\/p>\n<p><b>Development of the NMS<\/b><\/p>\n<p>The NMS CR is continuously improving. Since 2000, the government, by its resolution <ins>concept<\/ins> development of the NMS for a five-year period. For basic information on developments in metrology, see <a href=\"https:\/\/unmz.gov.cz\/en\/metrology-2\/development-in-metrology\/\" target=\"_blank\" rel=\"noopener noreferrer\">here<\/a>.<\/p>\n<p>Note: Further information about the NMS CR can be found in\u00a0<a href=\"https:\/\/unmz.gov.cz\/en\/proceedings-unmz\/\" target=\"_blank\" rel=\"noopener noreferrer\">technical harmonisation proceedings<\/a>\u00a0\u00daNMZ.<\/p>\n<p>&nbsp;<\/p>","protected":false},"excerpt":{"rendered":"<p>N\u00e1rodn\u00ed metrologick\u00fd syst\u00e9m \u010cesk\u00e9 republiky N\u00e1rodn\u00edm metrologick\u00fdm syst\u00e9mem (d\u00e1le jen NMS) se rozum\u00ed syst\u00e9m, kter\u00fd slou\u017e\u00ed k\u00a0zaji\u0161t\u011bn\u00ed jednotnosti a spr\u00e1vnosti m\u011b\u0159idel a m\u011b\u0159en\u00ed v dan\u00e9m st\u00e1t\u011b, a to prost\u0159ednictv\u00edm soustavy technick\u00fdch prost\u0159edk\u016f a za\u0159\u00edzen\u00ed, jako\u017e i technick\u00fdch p\u0159edpis\u016f, pr\u00e1v a povinnost\u00ed spr\u00e1vn\u00edch org\u00e1n\u016f a pr\u00e1vnick\u00fdch osob nebo podnikaj\u00edc\u00edch fyzick\u00fdch osob. Z\u00e1kladn\u00edmi oblastmi p\u016fsobnosti syst\u00e9mu jsou [&hellip;]<\/p>\n","protected":false},"author":5,"featured_media":0,"parent":165,"menu_order":0,"comment_status":"closed","ping_status":"closed","template":"","meta":{"_acf_changed":false,"_seopress_robots_primary_cat":"","_seopress_titles_title":"","_seopress_titles_desc":"","_seopress_robots_index":"","_lmt_disableupdate":"","_lmt_disable":"","footnotes":""},"class_list":["post-249","page","type-page","status-publish","hentry"],"acf":[],"_links":{"self":[{"href":"https:\/\/unmz.gov.cz\/en\/wp-json\/wp\/v2\/pages\/249","targetHints":{"allow":["GET"]}}],"collection":[{"href":"https:\/\/unmz.gov.cz\/en\/wp-json\/wp\/v2\/pages"}],"about":[{"href":"https:\/\/unmz.gov.cz\/en\/wp-json\/wp\/v2\/types\/page"}],"author":[{"embeddable":true,"href":"https:\/\/unmz.gov.cz\/en\/wp-json\/wp\/v2\/users\/5"}],"replies":[{"embeddable":true,"href":"https:\/\/unmz.gov.cz\/en\/wp-json\/wp\/v2\/comments?post=249"}],"version-history":[{"count":0,"href":"https:\/\/unmz.gov.cz\/en\/wp-json\/wp\/v2\/pages\/249\/revisions"}],"up":[{"embeddable":true,"href":"https:\/\/unmz.gov.cz\/en\/wp-json\/wp\/v2\/pages\/165"}],"wp:attachment":[{"href":"https:\/\/unmz.gov.cz\/en\/wp-json\/wp\/v2\/media?parent=249"}],"curies":[{"name":"wp","href":"https:\/\/api.w.org\/{rel}","templated":true}]}}