{"id":2515,"date":"2020-04-17T14:07:33","date_gmt":"2020-04-17T12:07:33","guid":{"rendered":"https:\/\/www.unmz.gov.cz\/?page_id=2515"},"modified":"2020-04-17T14:07:33","modified_gmt":"2020-04-17T12:07:33","slug":"bulletin-1997-08","status":"publish","type":"page","link":"https:\/\/unmz.gov.cz\/en\/obecne\/vestnik-unmz\/archiv-vestniku-unmz\/vestnik-1997-08\/","title":{"rendered":"Bulletin 1997\/08"},"content":{"rendered":"<h1 style=\"font-weight: 400; text-align: center;\"><strong><sub>\u00daNMZ Journal<\/sub><\/strong><\/h1>\n<p style=\"font-weight: 400; text-align: center;\">OFFICE FOR TECHNICAL STANDARDIZATION, METROLOGY<\/p>\n<p style=\"font-weight: 400; text-align: center;\">AND STATE TESTING<\/p>\n<p style=\"font-weight: 400;\">\n<p>Number 8<\/p>\n<p style=\"font-weight: 400;\">\n<p style=\"font-weight: 400;\">\n<p style=\"font-weight: 400;\"><u>\u00a0<\/u><\/p>\n<p style=\"font-weight: 400;\"><u>\u00a0<\/u><\/p>\n<p style=\"font-weight: 400;\"><strong>CONTENTS:<\/strong><\/p>\n<p style=\"font-weight: 400;\"><u>\u00a0<\/u><\/p>\n<ol>\n<li style=\"font-weight: 400;\"><strong> NORMALIZATION<\/strong> on the approval of Czech standards, their amendments and repeal<\/li>\n<\/ol>\n<p style=\"font-weight: 400;\">\u00a0\u00a0\u00a0\u00a0\u00a0\u00a0\u00a0\u00a0\u00a0\u00a0\u00a0\u00a0\u00a0\u00a0\u00a0\u00a0\u00a0\u00a0\u00a0\u00a0\u00a0\u00a0\u00a0\u00a0\u00a0\u00a0\u00a0\u00a0\u00a0\u00a0\u00a0\u00a0\u00a0\u00a0\u00a0\u00a0\u00a0\u00a0\u00a0\u00a0\u00a0\u00a0\u00a0\u00a0\u00a0\u00a0\u00a0<strong>Bug fixes<\/strong><\/p>\n<p style=\"font-weight: 400;\">\u00a0\u00a0\u00a0\u00a0\u00a0\u00a0\u00a0\u00a0\u00a0\u00a0\u00a0\u00a0\u00a0\u00a0\u00a0\u00a0\u00a0\u00a0\u00a0\u00a0\u00a0\u00a0\u00a0\u00a0\u00a0\u00a0\u00a0\u00a0\u00a0\u00a0\u00a0\u00a0\u00a0\u00a0\u00a0\u00a0\u00a0\u00a0\u00a0\u00a0\u00a0\u00a0\u00a0\u00a0\u00a0\u00a0\u00a0<strong>Note from the editors<\/strong><\/p>\n<p style=\"font-weight: 400;\"><strong>2: METROLOGY<\/strong><\/p>\n<p style=\"font-weight: 400;\"><strong>\u00a0\u00a0\u00a0\u00a0\u00a0\u00a0<\/strong>Notification of the list of State Metrology Centres<\/p>\n<p style=\"font-weight: 400;\"><u>\u00a0<\/u><\/p>\n<ol start=\"3\">\n<li style=\"font-weight: 400;\"><strong> EXPERIENCE<\/strong><\/li>\n<\/ol>\n<p style=\"font-weight: 400;\"><strong>\u00a0\u00a0\u00a0\u00a0\u00a0<\/strong>Authorisation No. 1\/1997\u00a0\u00a0\u00a0\u00a0\u00a0\u00a0\u00a0\u00a0\u00a0\u00a0<strong>\u00a0\u00a0\u00a0\u00a0\u00a0\u00a0\u00a0\u00a0\u00a0\u00a0\u00a0\u00a0<\/strong>amending the authorisation to perform state testing SZ No. 221<\/p>\n<p style=\"font-weight: 400;\"><strong>\u00a0\u00a0\u00a0\u00a0\u00a0<\/strong>Authorisation No. 2\/1997<strong>\u00a0\u00a0\u00a0\u00a0\u00a0\u00a0\u00a0\u00a0\u00a0\u00a0\u00a0\u00a0\u00a0\u00a0\u00a0\u00a0\u00a0\u00a0\u00a0\u00a0\u00a0\u00a0<\/strong>amending the authorisation to perform state testing SZ No. 214<\/p>\n<p style=\"font-weight: 400;\"><strong>\u00a0\u00a0\u00a0\u00a0\u00a0<\/strong>Authorisation No. 3\/1997<strong>\u00a0\u00a0\u00a0\u00a0\u00a0\u00a0\u00a0\u00a0\u00a0\u00a0\u00a0\u00a0\u00a0\u00a0\u00a0\u00a0\u00a0\u00a0\u00a0\u00a0\u00a0\u00a0<\/strong>amending the authorisation to perform state testing SZ No. 242<\/p>\n<p style=\"font-weight: 400;\">\u00a0\u00a0\u00a0\u00a0 Withdrawal of authorisation No 5\/1997<\/p>\n<p style=\"font-weight: 400;\">\u00a0\u00a0\u00a0\u00a0 Withdrawal of authorisation No 6\/1997<\/p>\n<p style=\"font-weight: 400;\">\u00a0\u00a0\u00a0\u00a0 Withdrawal of authorisation No 7\/1997<\/p>\n<p style=\"font-weight: 400;\"><strong>\u00a0<\/strong><\/p>\n<ol start=\"4\">\n<li style=\"font-weight: 400;\"><strong> ACCREDITATION<\/strong><\/li>\n<\/ol>\n<p style=\"font-weight: 400;\">\n<p style=\"font-weight: 400;\">\n<ol start=\"5\">\n<li style=\"font-weight: 400;\"><strong> OTHER\u00a0<\/strong><\/li>\n<\/ol>\n<p style=\"font-weight: 400;\"><strong>\u00a0<\/strong><\/p>\n<p style=\"font-weight: 400;\"><strong>\u00a0\u00a0\u00a0<\/strong>Notification of the WTO Clearinghouse on Notifications by Members of the Agreement between the EFTA States and the Czech Republic and Contracting Parties<\/p>\n<p style=\"font-weight: 400;\">\u00a0\u00a0 Notification by CSNI of public consultation and release of ETSI standards<\/p>\n<p style=\"font-weight: 400;\">\n<p style=\"font-weight: 400;\">\u00a0\u00a0 Notification by CSNI<strong>\u00a0\u00a0\u00a0\u00a0\u00a0\u00a0\u00a0\u00a0\u00a0\u00a0\u00a0\u00a0\u00a0\u00a0\u00a0\u00a0\u00a0\u00a0\u00a0<\/strong>on proposals for the abolition of \u010cSN<\/p>\n<p style=\"font-weight: 400;\">\n<p><span style=\"font-weight: 400;\">\u00a0<\/span><\/p>\n<p style=\"font-weight: 400;\">\n<p style=\"font-weight: 400;\">","protected":false},"excerpt":{"rendered":"<p>V\u011bstn\u00edk \u00da\u0158ADU\u00a0 PRO\u00a0 TECHNICKOU\u00a0 NORMALIZACI, METROLOGII A\u00a0 ST\u00c1TN\u00cd\u00a0 ZKU\u0160EBNICTV\u00cd \u010c\u00edslo 8 \u00a0 \u00a0 OBSAH: \u00a0 NORMALIZACE o schv\u00e1len\u00ed \u010desk\u00fdch norem, jejich zm\u011bn a zru\u0161en\u00ed \u00a0\u00a0\u00a0\u00a0\u00a0\u00a0\u00a0\u00a0\u00a0\u00a0\u00a0\u00a0\u00a0\u00a0\u00a0\u00a0\u00a0\u00a0\u00a0\u00a0\u00a0\u00a0\u00a0\u00a0\u00a0\u00a0\u00a0\u00a0\u00a0\u00a0\u00a0\u00a0\u00a0\u00a0\u00a0\u00a0\u00a0\u00a0\u00a0\u00a0\u00a0\u00a0\u00a0\u00a0\u00a0\u00a0\u00a0Opravy chyb \u00a0\u00a0\u00a0\u00a0\u00a0\u00a0\u00a0\u00a0\u00a0\u00a0\u00a0\u00a0\u00a0\u00a0\u00a0\u00a0\u00a0\u00a0\u00a0\u00a0\u00a0\u00a0\u00a0\u00a0\u00a0\u00a0\u00a0\u00a0\u00a0\u00a0\u00a0\u00a0\u00a0\u00a0\u00a0\u00a0\u00a0\u00a0\u00a0\u00a0\u00a0\u00a0\u00a0\u00a0\u00a0\u00a0\u00a0Upozorn\u011bn\u00ed redakce 2: METROLOGIE \u00a0\u00a0\u00a0\u00a0\u00a0\u00a0Ozn\u00e1men\u00ed\u00a0\u00a0\u00a0\u00a0\u00a0\u00a0\u00a0\u00a0\u00a0\u00a0\u00a0\u00a0\u00a0\u00a0\u00a0\u00a0\u00a0\u00a0\u00a0\u00a0\u00a0\u00a0\u00a0\u00a0\u00a0 seznam st\u00e1tn\u00edch metrologick\u00fdch st\u0159edisek \u00a0 ZKU\u0160EBNICTV\u00cd \u00a0\u00a0\u00a0\u00a0\u00a0Autorizace \u010d. 1\/1997\u00a0\u00a0\u00a0\u00a0\u00a0\u00a0\u00a0\u00a0\u00a0\u00a0\u00a0\u00a0\u00a0\u00a0\u00a0\u00a0\u00a0\u00a0\u00a0\u00a0\u00a0\u00a0kterou se m\u011bn\u00ed opr\u00e1vn\u011bn\u00ed k v\u00fdkonu st\u00e1tn\u00edho zku\u0161ebnictv\u00ed SZ \u010d. 221 \u00a0\u00a0\u00a0\u00a0\u00a0Autorizace \u010d. 2\/1997\u00a0\u00a0\u00a0\u00a0\u00a0\u00a0\u00a0\u00a0\u00a0\u00a0\u00a0\u00a0\u00a0\u00a0\u00a0\u00a0\u00a0\u00a0\u00a0\u00a0\u00a0\u00a0kterou se m\u011bn\u00ed [&hellip;]<\/p>\n","protected":false},"author":5,"featured_media":0,"parent":2421,"menu_order":0,"comment_status":"closed","ping_status":"closed","template":"","meta":{"_acf_changed":false,"_seopress_robots_primary_cat":"","_seopress_titles_title":"","_seopress_titles_desc":"","_seopress_robots_index":"","_lmt_disableupdate":"","_lmt_disable":"","footnotes":""},"class_list":["post-2515","page","type-page","status-publish","hentry"],"acf":[],"_links":{"self":[{"href":"https:\/\/unmz.gov.cz\/en\/wp-json\/wp\/v2\/pages\/2515","targetHints":{"allow":["GET"]}}],"collection":[{"href":"https:\/\/unmz.gov.cz\/en\/wp-json\/wp\/v2\/pages"}],"about":[{"href":"https:\/\/unmz.gov.cz\/en\/wp-json\/wp\/v2\/types\/page"}],"author":[{"embeddable":true,"href":"https:\/\/unmz.gov.cz\/en\/wp-json\/wp\/v2\/users\/5"}],"replies":[{"embeddable":true,"href":"https:\/\/unmz.gov.cz\/en\/wp-json\/wp\/v2\/comments?post=2515"}],"version-history":[{"count":0,"href":"https:\/\/unmz.gov.cz\/en\/wp-json\/wp\/v2\/pages\/2515\/revisions"}],"up":[{"embeddable":true,"href":"https:\/\/unmz.gov.cz\/en\/wp-json\/wp\/v2\/pages\/2421"}],"wp:attachment":[{"href":"https:\/\/unmz.gov.cz\/en\/wp-json\/wp\/v2\/media?parent=2515"}],"curies":[{"name":"wp","href":"https:\/\/api.w.org\/{rel}","templated":true}]}}