{"id":2538,"date":"2020-04-17T14:21:40","date_gmt":"2020-04-17T12:21:40","guid":{"rendered":"https:\/\/www.unmz.gov.cz\/?page_id=2538"},"modified":"2020-04-17T14:21:40","modified_gmt":"2020-04-17T12:21:40","slug":"bulletin-1999-12","status":"publish","type":"page","link":"https:\/\/unmz.gov.cz\/en\/obecne\/vestnik-unmz\/archiv-vestniku-unmz\/vestnik-1999-12\/","title":{"rendered":"Bulletin 1999\/12"},"content":{"rendered":"<h1 style=\"text-align: center;\"><sub>\u00daNMZ Journal<\/sub><\/h1>\n<p style=\"font-weight: 400; text-align: center;\"><strong>OFFICE FOR TECHNICAL STANDARDIZATION, METROLOGY<\/strong><\/p>\n<p style=\"font-weight: 400; text-align: center;\"><strong>AND STATE TESTING<\/strong><\/p>\n<p style=\"font-weight: 400; text-align: center;\">\n<p><strong>Number<\/strong>\u00a012<\/p>\n<p style=\"font-weight: 400;\">\n<p style=\"font-weight: 400;\">\n<p style=\"font-weight: 400;\"><strong>CONTENTS:<\/strong><\/p>\n<p style=\"font-weight: 400;\"><u>\u00a0<\/u><\/p>\n<p style=\"font-weight: 400;\"><strong><u>PART A - NOTIFICATION<\/u><\/strong><\/p>\n<p style=\"font-weight: 400;\"><strong>\u00a0<\/strong><\/p>\n<p style=\"font-weight: 400;\"><strong>\u00a0Section 1. Czech technical standards<\/strong><\/p>\n<p style=\"font-weight: 400;\"><strong>\u00a0<\/strong>\u00daNMZ No. 79\/99 on the determination of harmonised standards p.<\/p>\n<p style=\"font-weight: 400;\">\u00a0CSNI No. 105\/99 on the issue of CSNs, their amendments, corrections and cancellations p.<\/p>\n<p style=\"font-weight: 400;\">\u00a0\u00a0\u00a0\u00a0\u00a0\u00a0\u00a0\u00a0\u00a0\u00a0\u00a0\u00a0\u00a0\u00a0\u00a0\u00a0\u00a0\u00a0\u00a0\u00a0\u00a0\u00a0\u00a0 Editor's note p.<\/p>\n<p style=\"font-weight: 400;\">\u00a0\u010cSNI No. 106\/99 on approval of European and international standards for direct use as \u010cSN p.<\/p>\n<p style=\"font-weight: 400;\">\u00a0CSNI No. 107\/99 on the public consultation of ETSI draft standards p.<\/p>\n<p style=\"font-weight: 400;\">\u00a0CSNI No. 108\/99 on the issue of ETSI standards p.<\/p>\n<p style=\"font-weight: 400;\">\u00a0CSNI No. 109\/99 on proposals for repeal of CSN p.<\/p>\n<p style=\"font-weight: 400;\">\u00a0\u010cSNI No. 110\/99 on the start of drafting of Czech technical standards p.<\/p>\n<p style=\"font-weight: 400;\">\u00a0CSNI No. 111\/99 on approved European standards and other CEN documents - see Annex p.<\/p>\n<p style=\"font-weight: 400;\"><strong>\u00a0<\/strong><\/p>\n<p style=\"font-weight: 400;\"><strong>Section 2. Metrology<\/strong><\/p>\n<p style=\"font-weight: 400;\">\u00a0\u00daNMZ No. 76\/99 on the issuance of the Decision on set meters No. M - 108\/99 p.<\/p>\n<p style=\"font-weight: 400;\">\u00a0\u00daNMZ No. 77\/99 on approval of types of measuring instruments for the third quarter of 1999 p.<\/p>\n<p style=\"font-weight: 400;\">\u00a0\u00daNMZ No. 82\/99 on the publication of lists of organisations authorised to perform official measurements p.<\/p>\n<h2><em>Section 3. Authorisation<\/em><\/h2>\n<p style=\"font-weight: 400;\">\u00a0\u00daNMZ No. 67\/99 on granting authorization to ITI T\u00dcV, s.r.o., Prague 4, AO 211 p.<\/p>\n<p style=\"font-weight: 400;\">\u00a0\u00daNMZ No. 68\/99 on granting authorisation to the Engineering Testing Institute, Brno, AO 202 pp.<\/p>\n<p style=\"font-weight: 400;\">\u00a0\u00daNMZ No. 69\/99 on granting authorization to the Mendel University of Agriculture and Forestry in Brno, AO 209 p.<\/p>\n<p style=\"font-weight: 400;\">\u00a0\u00daNMZ No. 70\/99 on granting authorisation to the Centre for Information and Testing of Packaging - CIMTO, s. p.,<\/p>\n<p style=\"font-weight: 400;\">Prague 4, AO 215 pp.<\/p>\n<p style=\"font-weight: 400;\">\u00a0\u00daNMZ No. 71\/99 on granting authorization to the Research Institute of Civil Engineering - Certification<\/p>\n<p style=\"font-weight: 400;\">companies, s.r.o., Prague 10, AO 227 pp.<\/p>\n<p style=\"font-weight: 400;\">\u00a0\u00daNMZ No. 72\/99 on granting authorisation to the Testing Institute of Light Industry, s. p,<\/p>\n<p style=\"font-weight: 400;\">\u010cesk\u00e9 Bud\u011bjovice, AO 246 pp.<\/p>\n<p style=\"font-weight: 400;\">\u00a0\u00daNMZ No. 73\/99 on granting authorisation to the Physical Technical Testing Institute, s. p,<\/p>\n<p style=\"font-weight: 400;\">Ostrava-Radvanice, AO 210 pp.<\/p>\n<p style=\"font-weight: 400;\">\u00a074\/99 on the granting of authorisation to the Military Technical Institute of Land Forces,<\/p>\n<p style=\"font-weight: 400;\">Vy\u0161kov, AO 240 pp.<\/p>\n<p style=\"font-weight: 400;\">\u00a075\/99 on granting authorisation to the Military Technical Institute of Land Forces,<\/p>\n<p style=\"font-weight: 400;\">Vy\u0161kov, AO 240 pp.<\/p>\n<p style=\"font-weight: 400;\">\u00a0\u00daNMZ No. 80\/99 on granting authorisation to the Engineering Testing Institute, Brno, AO 202 pp.<\/p>\n<p style=\"font-weight: 400;\">\u00a0\u00daNMZ No. 81\/99 on granting authorization to the Research Institute of Occupational Safety Prague, AO 235 pp.<\/p>\n<p style=\"font-weight: 400;\"><strong>Section 4. Accreditation.<\/strong><\/p>\n<p style=\"font-weight: 400;\">\u00a0CIA No. 12\/99 on the issue of the accreditation certificate and on the termination of the validity of the accreditation certificate p.<\/p>\n<p>Section 5. Notification<\/p>\n<p style=\"font-weight: 400;\">\u00a0No 78\/99 of the WTO Clearing House on Notifications by Members of the Agreement between the EFTA States<\/p>\n<p style=\"font-weight: 400;\">\u00a0\u00a0\u00a0\u00a0\u00a0\u00a0\u00a0\u00a0\u00a0\u00a0\u00a0\u00a0\u00a0\u00a0\u00a0\u00a0\u00a0\u00a0\u00a0\u00a0\u00a0\u00a0\u00a0 and the Czech Republic and the Contracting Parties p.<\/p>\n<p style=\"font-weight: 400;\"><strong>Section 6. Other notifications<\/strong><\/p>\n<p style=\"font-weight: 400;\"><strong>\u00a0<\/strong><\/p>\n<h4>PART B - COMMUNICATION<\/h4>\n<h4>PART C - TAKEN OVER INFORMATION<\/h4>\n<p><strong>\u00a0<\/strong><\/p>\n<p style=\"font-weight: 400;\">\n<p style=\"font-weight: 400;\">","protected":false},"excerpt":{"rendered":"<p>V\u011bstn\u00edk \u00da\u0158ADU\u00a0 PRO\u00a0 TECHNICKOU\u00a0 NORMALIZACI, METROLOGII A\u00a0 ST\u00c1TN\u00cd\u00a0 ZKU\u0160EBNICTV\u00cd \u010c\u00edslo\u00a012 OBSAH: \u00a0 \u010c\u00c1ST\u00a0 A \u2013 OZN\u00c1MEN\u00cd \u00a0 \u00a0Odd\u00edl 1. \u010cesk\u00e9 technick\u00e9 normy \u00a0\u00daNMZ \u010d. 79\/99\u00a0\u00a0\u00a0\u00a0\u00a0\u00a0\u00a0\u00a0 o ur\u010den\u00ed harmonizovan\u00fdch norem\u00a0\u00a0\u00a0\u00a0\u00a0\u00a0\u00a0\u00a0\u00a0\u00a0\u00a0\u00a0\u00a0\u00a0\u00a0\u00a0\u00a0\u00a0\u00a0\u00a0\u00a0\u00a0\u00a0\u00a0\u00a0\u00a0\u00a0\u00a0\u00a0\u00a0\u00a0\u00a0\u00a0\u00a0\u00a0\u00a0\u00a0\u00a0\u00a0\u00a0\u00a0\u00a0\u00a0\u00a0\u00a0\u00a0\u00a0\u00a0\u00a0\u00a0\u00a0\u00a0\u00a0\u00a0\u00a0\u00a0\u00a0\u00a0\u00a0\u00a0\u00a0\u00a0\u00a0\u00a0\u00a0\u00a0\u00a0\u00a0\u00a0\u00a0\u00a0\u00a0\u00a0\u00a0\u00a0\u00a0\u00a0\u00a0\u00a0 str. \u00a0\u010cSNI \u010d. 105\/99\u00a0\u00a0\u00a0\u00a0\u00a0\u00a0\u00a0\u00a0 o vyd\u00e1n\u00ed \u010cSN, jejich zm\u011bn, oprav a zru\u0161en\u00ed\u00a0\u00a0\u00a0\u00a0\u00a0\u00a0\u00a0\u00a0\u00a0\u00a0\u00a0\u00a0\u00a0\u00a0\u00a0\u00a0\u00a0\u00a0\u00a0\u00a0\u00a0\u00a0\u00a0\u00a0\u00a0\u00a0\u00a0\u00a0\u00a0\u00a0\u00a0\u00a0\u00a0\u00a0\u00a0\u00a0\u00a0\u00a0\u00a0\u00a0 \u00a0\u00a0\u00a0\u00a0\u00a0\u00a0\u00a0\u00a0\u00a0\u00a0\u00a0\u00a0\u00a0\u00a0\u00a0\u00a0\u00a0\u00a0\u00a0\u00a0\u00a0\u00a0\u00a0 str. \u00a0\u00a0\u00a0\u00a0\u00a0\u00a0\u00a0\u00a0\u00a0\u00a0\u00a0\u00a0\u00a0\u00a0\u00a0\u00a0\u00a0\u00a0\u00a0\u00a0\u00a0\u00a0\u00a0 Upozorn\u011bn\u00ed redakce\u00a0\u00a0\u00a0\u00a0\u00a0\u00a0\u00a0\u00a0\u00a0\u00a0\u00a0\u00a0\u00a0\u00a0\u00a0\u00a0\u00a0\u00a0\u00a0\u00a0\u00a0\u00a0\u00a0\u00a0\u00a0\u00a0\u00a0\u00a0\u00a0\u00a0\u00a0\u00a0\u00a0\u00a0\u00a0\u00a0\u00a0\u00a0\u00a0\u00a0\u00a0\u00a0\u00a0\u00a0\u00a0\u00a0\u00a0\u00a0\u00a0\u00a0\u00a0\u00a0\u00a0\u00a0\u00a0\u00a0\u00a0\u00a0\u00a0\u00a0\u00a0\u00a0\u00a0\u00a0\u00a0\u00a0\u00a0\u00a0\u00a0\u00a0\u00a0\u00a0\u00a0\u00a0\u00a0\u00a0\u00a0\u00a0\u00a0\u00a0\u00a0\u00a0\u00a0\u00a0\u00a0\u00a0 str. \u00a0\u010cSNI \u010d. 106\/99\u00a0\u00a0\u00a0\u00a0\u00a0\u00a0\u00a0\u00a0 o schv\u00e1len\u00ed evropsk\u00fdch a\u00a0 mezin\u00e1rodn\u00edch [&hellip;]<\/p>\n","protected":false},"author":5,"featured_media":0,"parent":2421,"menu_order":0,"comment_status":"closed","ping_status":"closed","template":"","meta":{"_acf_changed":false,"_seopress_robots_primary_cat":"","_seopress_titles_title":"","_seopress_titles_desc":"","_seopress_robots_index":"","_lmt_disableupdate":"","_lmt_disable":"","footnotes":""},"class_list":["post-2538","page","type-page","status-publish","hentry"],"acf":[],"_links":{"self":[{"href":"https:\/\/unmz.gov.cz\/en\/wp-json\/wp\/v2\/pages\/2538","targetHints":{"allow":["GET"]}}],"collection":[{"href":"https:\/\/unmz.gov.cz\/en\/wp-json\/wp\/v2\/pages"}],"about":[{"href":"https:\/\/unmz.gov.cz\/en\/wp-json\/wp\/v2\/types\/page"}],"author":[{"embeddable":true,"href":"https:\/\/unmz.gov.cz\/en\/wp-json\/wp\/v2\/users\/5"}],"replies":[{"embeddable":true,"href":"https:\/\/unmz.gov.cz\/en\/wp-json\/wp\/v2\/comments?post=2538"}],"version-history":[{"count":0,"href":"https:\/\/unmz.gov.cz\/en\/wp-json\/wp\/v2\/pages\/2538\/revisions"}],"up":[{"embeddable":true,"href":"https:\/\/unmz.gov.cz\/en\/wp-json\/wp\/v2\/pages\/2421"}],"wp:attachment":[{"href":"https:\/\/unmz.gov.cz\/en\/wp-json\/wp\/v2\/media?parent=2538"}],"curies":[{"name":"wp","href":"https:\/\/api.w.org\/{rel}","templated":true}]}}