{"id":256,"date":"2019-07-07T13:22:33","date_gmt":"2019-07-07T11:22:33","guid":{"rendered":"http:\/\/unmz-wp.e-bs.cz\/?page_id=256"},"modified":"2019-07-08T16:09:39","modified_gmt":"2019-07-08T14:09:39","slug":"standards-and-technical-regulations-for-mid-and-nautical-mid-and-nautical","status":"publish","type":"page","link":"https:\/\/unmz.gov.cz\/en\/metrologie\/metrologicky-system\/normy-a-technicke-predpisy-ke-smernicim-mid-a-nawi\/","title":{"rendered":"Standards and technical regulations for the MID and NAWI Directives"},"content":{"rendered":"<h1>Standards and technical regulations for the MID and NAWI Directives<\/h1>\n<p>The European Commission publishes in the Official Journal of the EU the references of the harmonised standards for Directive 2014\/32\/EU on the marketing of measuring instruments and Directive 2014\/31\/EU on the marketing of non-automatic weighing instruments and the references of the OIML normative documents for Directive 2014\/32\/EU on the marketing of measuring instruments. Links to the published notices in the Official Journal of the EU can be found at\u00a0<a href=\"http:\/\/ec.europa.eu\/growth\/single-market\/goods\/building-blocks\/legal-metrology\/measuring-instruments\/index_en.htm\" target=\"_blank\" rel=\"noopener noreferrer\">here<\/a>.<\/p>\n<p>The European Commission publishes on its website links to some WELMEC guidance documents that can serve as a guide for the uniform interpretation of Directives 2014\/32\/EU on the marketing of measuring instruments and 2014\/31\/EU on the marketing of non-automatic weighing instruments. For a list of them and links, please see\u00a0<a href=\"http:\/\/ec.europa.eu\/growth\/single-market\/goods\/building-blocks\/legal-metrology\/measuring-instruments\/guidance-standards\/index_en.htm\" target=\"_blank\" rel=\"noopener noreferrer\">here<\/a>.<\/p>\n<p>Information on specified products according to Act No. 90\/2016 Coll. - harmonised area - overview of regulations and harmonised standards, provided by the information portal of the Ministry of Health and Consumer Protection, can also be found at\u00a0<a href=\"https:\/\/unmz.gov.cz\/en\/urad\/information-portal-unmz\/\" target=\"_self\" rel=\"noopener noreferrer\">Here.<\/a><\/p>\n<p>For an information leaflet that summarises the relevant conformity assessment procedures under European Directive 2014\/32\/EU on the supply of measuring instruments to the market, please see\u00a0<a href=\"https:\/\/www.unmz.gov.cz\/files\/metrologie\/LetakUNMZ_MID_2016_op2.pdf\" target=\"_blank\" rel=\"noopener noreferrer\">here<\/a>\u00a0(PDF 243 kB)<\/p>","protected":false},"excerpt":{"rendered":"<p>Normy a technick\u00e9 p\u0159edpisy ke sm\u011brnic\u00edm MID a NAWI Evropsk\u00e1 komise zve\u0159ej\u0148uje v\u00a0\u00da\u0159edn\u00edm v\u011bstn\u00edku EU odkazy na harmonizovan\u00e9 normy ke sm\u011brnici 2014\/32\/EU o dod\u00e1v\u00e1n\u00ed m\u011b\u0159idel na trh a ke sm\u011brnici 2014\/31\/EU o dod\u00e1v\u00e1n\u00ed\u00a0vah s\u00a0neautomatickou \u010dinnost\u00ed na trh a odkazy na normativn\u00ed dokumenty OIML ke sm\u011brnici 2014\/32\/EU o dod\u00e1v\u00e1n\u00ed m\u011b\u0159idel na trh. Odkazy na zve\u0159ejn\u011bn\u00e1 ozn\u00e1men\u00ed [&hellip;]<\/p>\n","protected":false},"author":5,"featured_media":0,"parent":165,"menu_order":0,"comment_status":"closed","ping_status":"closed","template":"","meta":{"_acf_changed":false,"_seopress_robots_primary_cat":"","_seopress_titles_title":"","_seopress_titles_desc":"","_seopress_robots_index":"","_lmt_disableupdate":"","_lmt_disable":"","footnotes":""},"class_list":["post-256","page","type-page","status-publish","hentry"],"acf":[],"_links":{"self":[{"href":"https:\/\/unmz.gov.cz\/en\/wp-json\/wp\/v2\/pages\/256","targetHints":{"allow":["GET"]}}],"collection":[{"href":"https:\/\/unmz.gov.cz\/en\/wp-json\/wp\/v2\/pages"}],"about":[{"href":"https:\/\/unmz.gov.cz\/en\/wp-json\/wp\/v2\/types\/page"}],"author":[{"embeddable":true,"href":"https:\/\/unmz.gov.cz\/en\/wp-json\/wp\/v2\/users\/5"}],"replies":[{"embeddable":true,"href":"https:\/\/unmz.gov.cz\/en\/wp-json\/wp\/v2\/comments?post=256"}],"version-history":[{"count":0,"href":"https:\/\/unmz.gov.cz\/en\/wp-json\/wp\/v2\/pages\/256\/revisions"}],"up":[{"embeddable":true,"href":"https:\/\/unmz.gov.cz\/en\/wp-json\/wp\/v2\/pages\/165"}],"wp:attachment":[{"href":"https:\/\/unmz.gov.cz\/en\/wp-json\/wp\/v2\/media?parent=256"}],"curies":[{"name":"wp","href":"https:\/\/api.w.org\/{rel}","templated":true}]}}