{"id":262,"date":"2019-07-07T13:25:29","date_gmt":"2019-07-07T11:25:29","guid":{"rendered":"http:\/\/unmz-wp.e-bs.cz\/?page_id=262"},"modified":"2019-07-07T13:25:29","modified_gmt":"2019-07-07T11:25:29","slug":"terminology-in-metrology","status":"publish","type":"page","link":"https:\/\/unmz.gov.cz\/en\/metrologie\/metrologicky-system\/terminologie-v-metrologii\/","title":{"rendered":"Terminology in metrology"},"content":{"rendered":"<h1>Terminology in metrology<\/h1>\n<p><strong>International vocabulary of metrology - Basic and general concepts and associated terms (VIM)<\/strong>\u00a0published by BIML in pdf format is freely downloadable\u00a0<a href=\"http:\/\/www.bipm.org\/en\/publications\/guides\/vim.html\" target=\"_blank\" rel=\"noopener noreferrer\">here<\/a>, electronic interactive version\u00a0<a href=\"http:\/\/jcgm.bipm.org\/vim\/en\/index.html\" target=\"_blank\" rel=\"noopener noreferrer\">here<\/a><\/p>\n<p><strong>International vocabulary of terms in legal metrology (VIML)<\/strong>\u00a0published by OIML in pdf format is freely downloadable\u00a0<a href=\"https:\/\/www.oiml.org\/en\/publications\/vocabularies\/publication_view?p_type=4&amp;p_status=1\" target=\"_blank\" rel=\"noopener noreferrer\">here<\/a>, electronic interactive version\u00a0<a href=\"http:\/\/viml.oiml.info\/en\/index.html\" target=\"_blank\" rel=\"noopener noreferrer\">here<\/a><\/p>\n<p><a href=\"https:\/\/unmz.gov.cz\/en\/files\/Sborn%C3%ADky%20TH\/Terminologie%20v%20oblasti%20metrologie_DEF.pdf\/\" target=\"_blank\" rel=\"noopener noreferrer\">VIM and VIML vocabularies<\/a>\u00a0(PDF 4,08 MB) in Czech language were published as a technical harmonization booklet of the Czech Office for Standards, Metrology and Testing in 2010, translation of VIM (2008 edition) and VIML (2000 edition).<\/p>","protected":false},"excerpt":{"rendered":"<p>Terminologie v metrologii Mezin\u00e1rodn\u00ed\u00a0slovn\u00edk z\u00e1kladn\u00edch a v\u0161eobecn\u00fdch term\u00edn\u016f v metrologii (VIM)\u00a0vydan\u00fd BIML ve form\u00e1tu pdf voln\u011b ke sta\u017een\u00ed\u00a0zde, elektronick\u00e1 interaktivn\u00ed verze\u00a0zde Mezin\u00e1rodn\u00ed\u00a0slovn\u00edk\u00a0leg\u00e1ln\u00ed metrologie\u00a0(VIML)\u00a0vydan\u00fd OIML ve form\u00e1tu pdf voln\u011b ke sta\u017een\u00ed\u00a0zde, elektronick\u00e1 interaktivn\u00ed verze\u00a0zde Slovn\u00edky VIM a VIML\u00a0(PDF 4,08 MB) v \u010desk\u00e9m jazyce vydan\u00e9 jako sborn\u00edk technick\u00e9 harmonizace \u00daNMZ v roce 2010, p\u0159eklad VIM (vyd\u00e1n\u00ed\u00a0z roku [&hellip;]<\/p>\n","protected":false},"author":5,"featured_media":0,"parent":165,"menu_order":0,"comment_status":"closed","ping_status":"closed","template":"","meta":{"_acf_changed":false,"_seopress_robots_primary_cat":"","_seopress_titles_title":"","_seopress_titles_desc":"","_seopress_robots_index":"","_lmt_disableupdate":"","_lmt_disable":"","footnotes":""},"class_list":["post-262","page","type-page","status-publish","hentry"],"acf":[],"_links":{"self":[{"href":"https:\/\/unmz.gov.cz\/en\/wp-json\/wp\/v2\/pages\/262","targetHints":{"allow":["GET"]}}],"collection":[{"href":"https:\/\/unmz.gov.cz\/en\/wp-json\/wp\/v2\/pages"}],"about":[{"href":"https:\/\/unmz.gov.cz\/en\/wp-json\/wp\/v2\/types\/page"}],"author":[{"embeddable":true,"href":"https:\/\/unmz.gov.cz\/en\/wp-json\/wp\/v2\/users\/5"}],"replies":[{"embeddable":true,"href":"https:\/\/unmz.gov.cz\/en\/wp-json\/wp\/v2\/comments?post=262"}],"version-history":[{"count":0,"href":"https:\/\/unmz.gov.cz\/en\/wp-json\/wp\/v2\/pages\/262\/revisions"}],"up":[{"embeddable":true,"href":"https:\/\/unmz.gov.cz\/en\/wp-json\/wp\/v2\/pages\/165"}],"wp:attachment":[{"href":"https:\/\/unmz.gov.cz\/en\/wp-json\/wp\/v2\/media?parent=262"}],"curies":[{"name":"wp","href":"https:\/\/api.w.org\/{rel}","templated":true}]}}