{"id":269,"date":"2019-07-07T13:31:25","date_gmt":"2019-07-07T11:31:25","guid":{"rendered":"http:\/\/unmz-wp.e-bs.cz\/?page_id=269"},"modified":"2022-01-27T09:26:33","modified_gmt":"2022-01-27T08:26:33","slug":"koncepce-rozvoje-metrologie-2017-2021","status":"publish","type":"page","link":"https:\/\/unmz.gov.cz\/en\/metrologie\/rozvoj-v-metrologii\/koncepce-rozvoje-metrologie-2017-2021\/","title":{"rendered":"Metrology Development Conception 2017-2021"},"content":{"rendered":"<h1>Metrology Development Conception 2017-2021<\/h1>\n<p><a href=\"https:\/\/unmz.gov.cz\/en\/files\/metrology-2\/koncepce+rozvoje\/koncepce+2017-2021\/usnesen%c3%ad+vl%c3%a1dy+1129-2016.pdf\/\" target=\"_blank\" rel=\"noopener noreferrer\">Resolution of the Government of the Czech Republic of 14 December 2016 No. 1129<\/a>\u00a0(PDF 130 kB)<\/p>\n<p><a href=\"https:\/\/unmz.gov.cz\/en\/files\/metrology-2\/koncepce+rozvoje\/koncepce+2017-2021\/koncepce+nms+%282017-2021%29.pdf\/\" target=\"_blank\" rel=\"noopener noreferrer\">Concept for the development of the national metrology system of the Czech Republic for the period 2017 - 21<\/a>\u00a0(PDF 665 kB)<\/p>\n<p><a href=\"https:\/\/unmz.gov.cz\/en\/files\/metrology-2\/koncepce+rozvoje\/koncepce+2017-2021\/koncepce+nms+%282017-2021%29+p%c5%99%c3%adloha+dle+obor%c5%af.pdf\/\" target=\"_blank\" rel=\"noopener noreferrer\">Development of the technical base of the NMS according to individual disciplines<\/a>\u00a0(PDF 246 kB)<\/p>\n<h1>Evaluation of the NMS concept<\/h1>\n<p><a href=\"https:\/\/www.unmz.gov.cz\/wp-content\/uploads\/Zaverecne-vyhodnoceni-plneni-Koncepce-rozvoje-NMS-2017-2021.pdf\">Final evaluation of the NMS concept as of 31.12.2021<\/a> (PDF 748 kB) with <a href=\"https:\/\/www.unmz.gov.cz\/wp-content\/uploads\/Zaverecne-vyhodnoceni-plneni-Koncepce-rozvoje-NMS-2017-2021_priloha-kap.-6.5.pdf\">Annex 1<\/a> (PDF 3,62 MB)<\/p>\n<p><a href=\"https:\/\/www.unmz.gov.cz\/wp-content\/uploads\/vyhodnoceni-Koncepce-NMS-k-31.12.2020_web.pdf\">Evaluation of the NMS concept as of 31.12.2020<\/a> (PDF 560 kB)<\/p>\n<p><a href=\"https:\/\/unmz.gov.cz\/en\/files\/metrology-2\/koncepce+rozvoje\/konc-nms-31122019.pdf\/\" target=\"_blank\" rel=\"noopener noreferrer\"><span style=\"color: #0066cc;\"><span class=\"vyskyt\">Evaluation<\/span>\u00a0<span class=\"vyskyt\">Concepts<\/span>\u00a0NMS as at 31.12. 201<\/span>9<\/a>\u00a0(PDF 446 kB)<\/p>\n<p><a href=\"https:\/\/unmz.gov.cz\/en\/files\/metrology-2\/koncepce+rozvoje\/vyhodnocen%c3%ad+koncepce+nms+k+31.12.2018.pdf\/\" target=\"_blank\" rel=\"noopener noreferrer\"><span style=\"color: #0066cc;\"><span class=\"vyskyt\">Evaluation<\/span>\u00a0<span class=\"vyskyt\">Concepts<\/span>\u00a0NMS as at 31.12.2018<\/span><\/a>\u00a0(PDF 608 kB)<\/p>\n<p><a href=\"https:\/\/unmz.gov.cz\/en\/files\/metrology-2\/koncepce+rozvoje\/vyhodnoceni-konc-nms-2017.pdf\/\" target=\"_blank\" rel=\"noopener noreferrer\"><span class=\"vyskyt\">Evaluation<\/span>\u00a0<span class=\"vyskyt\">Concepts<\/span>\u00a0NMS as of 31.12. 2017<\/a>\u00a0(PDF 591 kB)<\/p>\n<p>&nbsp;<\/p>","protected":false},"excerpt":{"rendered":"<p>Koncepce rozvoje metrologie 2017-2021 Usnesen\u00ed vl\u00e1dy \u010cR ze dne 14.12.2016 \u010d. 1129\u00a0(PDF 130 kB) Koncepce rozvoje n\u00e1rodn\u00edho metrologick\u00e9ho syst\u00e9mu \u010cR na obdob\u00ed let 2017 - 21\u00a0(PDF 665 kB) Rozvoj technick\u00e9 z\u00e1kladny NMS podle jednotliv\u00fdch obor\u016f\u00a0(PDF 246 kB) Vyhodnocen\u00ed koncepce NMS Z\u00e1v\u011bre\u010dn\u00e9 vyhodnocen\u00ed koncepce NMS k 31.12.2021 (PDF 748 kB) s P\u0159\u00edlohou \u010d. 1 (PDF 3,62 [&hellip;]<\/p>\n","protected":false},"author":5,"featured_media":0,"parent":149,"menu_order":0,"comment_status":"closed","ping_status":"closed","template":"","meta":{"_acf_changed":false,"_seopress_robots_primary_cat":"","_seopress_titles_title":"","_seopress_titles_desc":"","_seopress_robots_index":"","_lmt_disableupdate":"","_lmt_disable":"","footnotes":""},"class_list":["post-269","page","type-page","status-publish","hentry"],"acf":[],"_links":{"self":[{"href":"https:\/\/unmz.gov.cz\/en\/wp-json\/wp\/v2\/pages\/269","targetHints":{"allow":["GET"]}}],"collection":[{"href":"https:\/\/unmz.gov.cz\/en\/wp-json\/wp\/v2\/pages"}],"about":[{"href":"https:\/\/unmz.gov.cz\/en\/wp-json\/wp\/v2\/types\/page"}],"author":[{"embeddable":true,"href":"https:\/\/unmz.gov.cz\/en\/wp-json\/wp\/v2\/users\/5"}],"replies":[{"embeddable":true,"href":"https:\/\/unmz.gov.cz\/en\/wp-json\/wp\/v2\/comments?post=269"}],"version-history":[{"count":0,"href":"https:\/\/unmz.gov.cz\/en\/wp-json\/wp\/v2\/pages\/269\/revisions"}],"up":[{"embeddable":true,"href":"https:\/\/unmz.gov.cz\/en\/wp-json\/wp\/v2\/pages\/149"}],"wp:attachment":[{"href":"https:\/\/unmz.gov.cz\/en\/wp-json\/wp\/v2\/media?parent=269"}],"curies":[{"name":"wp","href":"https:\/\/api.w.org\/{rel}","templated":true}]}}