{"id":271,"date":"2019-07-07T13:32:04","date_gmt":"2019-07-07T11:32:04","guid":{"rendered":"http:\/\/unmz-wp.e-bs.cz\/?page_id=271"},"modified":"2019-07-07T13:32:04","modified_gmt":"2019-07-07T11:32:04","slug":"koncepce-rozvoje-metrologie-2012-2016","status":"publish","type":"page","link":"https:\/\/unmz.gov.cz\/en\/metrologie\/rozvoj-v-metrologii\/koncepce-rozvoje-metrologie-2012-2016\/","title":{"rendered":"Metrology Development Concept 2012 - 2016"},"content":{"rendered":"<h1>Metrology Development Concept 2012 - 2016<\/h1>\n<p><a href=\"https:\/\/unmz.gov.cz\/en\/files\/metrology-2\/koncepce+rozvoje\/koncepce+2012-2016\/uv+%c4%8d.+901-2011.pdf\/\" target=\"_blank\" rel=\"noopener noreferrer\">Government Resolution No. 901 of 7 December 2011<\/a>\u00a0(PDF 39 kB)<\/p>\n<p><a href=\"https:\/\/unmz.gov.cz\/en\/files\/metrology-2\/koncepce+rozvoje\/koncepce+2012-2016\/koncepce+2012-2016.pdf\/\" target=\"_blank\" rel=\"noopener noreferrer\">Concept for the development of the national metrology system of the Czech Republic for the period 2012 - 2016<\/a>\u00a0(PDF 324 kB)<\/p>\n<p><a href=\"https:\/\/unmz.gov.cz\/en\/files\/metrology-2\/koncepce+rozvoje\/koncepce+2012-2016\/rozvoj+nms+dle+obor%c5%af.pdf\/\" target=\"_blank\" rel=\"noopener noreferrer\">Development of the technical base of the NMS according to individual fields of metrology<\/a>\u00a0(PDF 177 kB)<\/p>\n<h1>Evaluation of the NMS concept<\/h1>\n<p><a href=\"https:\/\/unmz.gov.cz\/en\/files\/metrology-2\/koncepce+rozvoje\/vyhodnocen%c3%ad+koncepce+nms+k+31.+12.+2012.pdf\/\" target=\"_blank\" rel=\"noopener noreferrer\">Evaluation of the NMS concept as of 31 December 2012<\/a>\u00a0(PDF 364 kB)<\/p>\n<p><a href=\"https:\/\/unmz.gov.cz\/en\/files\/metrology-2\/koncepce+rozvoje\/vyhodnoceni+koncepce+k+31.12.2013.pdf\/\" target=\"_blank\" rel=\"noopener noreferrer\">Evaluation of the NMS concept as of 31 December 2013<\/a>\u00a0(PDF 282 kB)<\/p>\n<p><a href=\"https:\/\/unmz.gov.cz\/en\/files\/metrology-2\/koncepce+rozvoje\/vyhodnocen%c3%ad+koncepce+k+31+12+2014.pdf\/\" target=\"_blank\" rel=\"noopener noreferrer\">Evaluation of the NMS concept as of 31 December 2014<\/a>\u00a0(PDF 553 kB)<\/p>\n<p><a href=\"https:\/\/unmz.gov.cz\/en\/files\/metrology-2\/koncepce+rozvoje\/vyhod_+koncepce_k+31+12+2015-pro_web.pdf\/\" target=\"_blank\" rel=\"noopener noreferrer\">Evaluation of the NMS concept as of 31 December 2015<\/a>\u00a0(PDF 798 kB)<\/p>\n<p><a href=\"https:\/\/unmz.gov.cz\/en\/files\/metrology-2\/koncepce+rozvoje\/usnesen%c3%ad+koncepce+zaverecne+vyhodnoceni+k+31.12.2016.pdf\/\" target=\"_blank\" rel=\"noopener noreferrer\">Evaluation of the NMS concept as of 31.12.2016<\/a>\u00a0(PDF 583 k<\/p>","protected":false},"excerpt":{"rendered":"<p>Koncepce rozvoje metrologie 2012 - 2016 Usnesen\u00ed vl\u00e1dy \u010cR ze dne 7. 12. 2011 \u010d. 901\u00a0(PDF 39 kB) Koncepce rozvoje n\u00e1rodniho metrologick\u00e9ho syst\u00e9mu \u010desk\u00e9 republiky na obdob\u00ed let 2012 - 2016\u00a0(PDF 324 kB) Rozvoj technick\u00e9 z\u00e1kladny NMS podle jednotliv\u00fdch obor\u016f metrologie\u00a0(PDF 177 kB) Vyhodnocen\u00ed koncepce NMS Vyhodnocen\u00ed koncepce NMS k 31. 12. 2012\u00a0(PDF\u00a0364 kB) Vyhodnocen\u00ed [&hellip;]<\/p>\n","protected":false},"author":5,"featured_media":0,"parent":149,"menu_order":0,"comment_status":"closed","ping_status":"closed","template":"","meta":{"_acf_changed":false,"_seopress_robots_primary_cat":"","_seopress_titles_title":"","_seopress_titles_desc":"","_seopress_robots_index":"","_lmt_disableupdate":"","_lmt_disable":"","footnotes":""},"class_list":["post-271","page","type-page","status-publish","hentry"],"acf":[],"_links":{"self":[{"href":"https:\/\/unmz.gov.cz\/en\/wp-json\/wp\/v2\/pages\/271","targetHints":{"allow":["GET"]}}],"collection":[{"href":"https:\/\/unmz.gov.cz\/en\/wp-json\/wp\/v2\/pages"}],"about":[{"href":"https:\/\/unmz.gov.cz\/en\/wp-json\/wp\/v2\/types\/page"}],"author":[{"embeddable":true,"href":"https:\/\/unmz.gov.cz\/en\/wp-json\/wp\/v2\/users\/5"}],"replies":[{"embeddable":true,"href":"https:\/\/unmz.gov.cz\/en\/wp-json\/wp\/v2\/comments?post=271"}],"version-history":[{"count":0,"href":"https:\/\/unmz.gov.cz\/en\/wp-json\/wp\/v2\/pages\/271\/revisions"}],"up":[{"embeddable":true,"href":"https:\/\/unmz.gov.cz\/en\/wp-json\/wp\/v2\/pages\/149"}],"wp:attachment":[{"href":"https:\/\/unmz.gov.cz\/en\/wp-json\/wp\/v2\/media?parent=271"}],"curies":[{"name":"wp","href":"https:\/\/api.w.org\/{rel}","templated":true}]}}