{"id":273,"date":"2019-07-07T13:33:40","date_gmt":"2019-07-07T11:33:40","guid":{"rendered":"http:\/\/unmz-wp.e-bs.cz\/?page_id=273"},"modified":"2019-07-07T13:39:42","modified_gmt":"2019-07-07T11:39:42","slug":"273-2","status":"publish","type":"page","link":"https:\/\/unmz.gov.cz\/en\/metrologie\/rozvoj-v-metrologii\/273-2\/","title":{"rendered":"Metrology Development Conception until 2011"},"content":{"rendered":"<h1>Resolution of the Government of the Czech Republic of 8 December 2004 No. 1250<\/h1>\n<p align=\"center\"><strong>RESOLUTION<br \/>\n<\/strong><br \/>\nOF THE GOVERNMENT OF THE CZECH REPUBLIC<br \/>\nof 8 December 2004 No 1250<\/p>\n<p>on the Draft Concept for the Development of the National Metrology System of the Czech Republic<\/p>\n<p align=\"center\">V l a d a<\/p>\n<p>s c h a v a l u e s t h e Draft Concept for the Development of the National Metrology System of the Czech Republic contained in Part III of document No. 1621\/04;<\/p>\n<p>the Deputy Prime Minister and Minister of Transport, the Ministers of the Interior, Industry and Trade, the Minister of Health, Education, Youth and Sports and the Minister of the Environment to implement the tasks set out in the draft concept.<\/p>\n<p>Deputy Prime Minister and Minister for Transport,<br \/>\nMinisters of the Interior,<br \/>\nindustry and trade,<br \/>\nenvironment,<br \/>\nMinister of Health,<br \/>\nEducation, Youth and Sports<\/p>\n<p align=\"center\">Prime Minister<\/p>\n<p align=\"center\">JUDr. Stanislav G r o s s , v. r.<\/p>\n<h1>Evaluation of the NMS concept<\/h1>\n<p>&nbsp;<\/p>\n<p class=\"ikona pdf\"><a href=\"https:\/\/unmz.gov.cz\/en\/files\/metrology-2\/koncepce+rozvoje\/vyhodnoceni+koncepce+nms+k+31.12.2010.pdf\/\" target=\"_blank\" rel=\"noopener noreferrer\">Evaluation of the NMS concept as of 31.12.2010<\/a>\u00a0(PDF 435 kB)<\/p>\n<p class=\"ikona pdf\"><a href=\"https:\/\/unmz.gov.cz\/en\/files\/metrology-2\/koncepce+rozvoje\/vyhodnoceni+koncepce+nms+k+31.12.2009.pdf\/\" target=\"_blank\" rel=\"noopener noreferrer\">Evaluation of the NMS concept as of 31.12.2009<\/a>\u00a0(PDF 423 kB)<\/p>\n<p class=\"ikona pdf\"><a href=\"https:\/\/unmz.gov.cz\/en\/files\/metrology-2\/koncepce+rozvoje\/vyhodnoceni_koncepce+k+31.12.2008.pdf\/\" target=\"_blank\" rel=\"noopener noreferrer\">Evaluation of the NMS concept as of 31.12.2008<\/a>\u00a0(PDF 376 kB)<\/p>\n<p class=\"ikona pdf\"><a href=\"https:\/\/unmz.gov.cz\/en\/files\/metrology-2\/koncepce+rozvoje\/vyhodnoceni_koncepce+k+30.6.2007.pdf\/\" target=\"_blank\" rel=\"noopener noreferrer\">Evaluation of the NMS concept as of 30.6.2007<\/a>\u00a0(PDF 320 kB)<\/p>\n<p>&nbsp;<\/p>\n<h1><a href=\"https:\/\/unmz.gov.cz\/en\/metrology-2\/development-in-metrology\/273-2\/attachment-draft-concept-development-of-national-metrological-system-cr\/\">Annex - Draft Concept for the Development of the National Metrology System of the Czech Republic<\/a><\/h1>","protected":false},"excerpt":{"rendered":"<p>Usnesen\u00ed vl\u00e1dy \u010cR ze dne 8.12.2004 \u010d. 1250 USNESEN\u00cd VL\u00c1DY \u010cESK\u00c9 REPUBLIKY ze dne 8. prosince 2004 \u010d. 1250 k N\u00e1vrhu koncepce rozvoje n\u00e1rodn\u00edho metrologick\u00e9ho syst\u00e9mu \u010cesk\u00e9 republiky V l \u00e1 d a s c h v a l u j e N\u00e1vrh koncepce rozvoje n\u00e1rodn\u00edho metrologick\u00e9ho syst\u00e9mu \u010cesk\u00e9 republiky obsa\u017een\u00fd v \u010d\u00e1sti III materi\u00e1lu [&hellip;]<\/p>\n","protected":false},"author":5,"featured_media":0,"parent":149,"menu_order":0,"comment_status":"closed","ping_status":"closed","template":"","meta":{"_acf_changed":false,"_seopress_robots_primary_cat":"","_seopress_titles_title":"","_seopress_titles_desc":"","_seopress_robots_index":"","_lmt_disableupdate":"","_lmt_disable":"","footnotes":""},"class_list":["post-273","page","type-page","status-publish","hentry"],"acf":[],"_links":{"self":[{"href":"https:\/\/unmz.gov.cz\/en\/wp-json\/wp\/v2\/pages\/273","targetHints":{"allow":["GET"]}}],"collection":[{"href":"https:\/\/unmz.gov.cz\/en\/wp-json\/wp\/v2\/pages"}],"about":[{"href":"https:\/\/unmz.gov.cz\/en\/wp-json\/wp\/v2\/types\/page"}],"author":[{"embeddable":true,"href":"https:\/\/unmz.gov.cz\/en\/wp-json\/wp\/v2\/users\/5"}],"replies":[{"embeddable":true,"href":"https:\/\/unmz.gov.cz\/en\/wp-json\/wp\/v2\/comments?post=273"}],"version-history":[{"count":0,"href":"https:\/\/unmz.gov.cz\/en\/wp-json\/wp\/v2\/pages\/273\/revisions"}],"up":[{"embeddable":true,"href":"https:\/\/unmz.gov.cz\/en\/wp-json\/wp\/v2\/pages\/149"}],"wp:attachment":[{"href":"https:\/\/unmz.gov.cz\/en\/wp-json\/wp\/v2\/media?parent=273"}],"curies":[{"name":"wp","href":"https:\/\/api.w.org\/{rel}","templated":true}]}}