{"id":323,"date":"2024-05-15T12:45:40","date_gmt":"2024-05-15T10:45:40","guid":{"rendered":"http:\/\/unmz-wp.e-bs.cz\/?page_id=323"},"modified":"2026-03-24T12:21:40","modified_gmt":"2026-03-24T11:21:40","slug":"information-about-notification-technologies-for-entrepreneurs-manufacturers-importers","status":"publish","type":"page","link":"https:\/\/unmz.gov.cz\/en\/mezinarodni-vztahy\/ramcove-vztahy-eu\/kontaktni-misto-98-34-r112\/informace-o-notifikacich-tech-predpisu-pro-podnikatele-vyrobce-dovozce\/","title":{"rendered":"Information on notifications of technical regulations for entrepreneurs, manufacturers, importers..."},"content":{"rendered":"<p>The draft technical regulations are available on the European Commission's\u00a0<a href=\"https:\/\/technical-regulation-information-system.ec.europa.eu\/cs\/home\" target=\"_blank\" rel=\"noopener noreferrer\">TRIS website.<\/a>. The database for Directive 2015\/1535\/EU is open to the public. Technical regulations are sorted into categories (e.g. construction, agriculture, chemicals...), which makes it easier to search. TRIS also offers the possibility to automatically send draft technical regulations by email free of charge.<\/p>\n<p>For more information, visit the European Commission website: <a href=\"https:\/\/technical-regulation-information-system.ec.europa.eu\/cs\/home\" target=\"_blank\" rel=\"noopener noreferrer\">http:\/\/ec.europa.eu\/growth\/tools-databases\/tris\/cs\/<\/a><\/p>\n<p>Any Member State may send comments on a draft technical regulation of another Member State. If you believe that a proposal would cause problems or create a technical barrier to trade within the EU internal market, you can contact the contact point for Directive 2015\/1535\/EU in the Czech Republic:<\/p>\n<p>JUDr. Radka Buckley tel: 221 802 216 e-mail: <a href=\"mailto:eu9834@unmz.gov.cz\">eu9834@unmz.gov.cz<\/a><\/p>\n<p><a href=\"https:\/\/unmz.gov.cz\/wp-content\/uploads\/prehled-notifikaci-k-24.3.2026-1.docx\">Overview of Czech notifications for 2026<\/a><\/p>\n<p><a href=\"https:\/\/unmz.gov.cz\/wp-content\/uploads\/prehled-notifikaci-k-19.12.2025.docx\">Overview of Czech notifications for 2025<\/a><\/p>\n<p><a href=\"https:\/\/unmz.gov.cz\/wp-content\/uploads\/prehled-notifikaci-cr-za-rok-2024_31.12.2024.docx\">Overview of Czech notifications for 2024<\/a><\/p>\n<p><a href=\"https:\/\/www.unmz.gov.cz\/wp-content\/uploads\/Prehled-notifikaci-CR-za-rok-2023_4.1.2024.docx\">Overview of Czech notifications for 2023<\/a><\/p>\n<p><a href=\"https:\/\/www.unmz.gov.cz\/wp-content\/uploads\/prehled-notifikaci-cr-za-rok-2022_22.-2.-2024.docx\">Overview of Czech Republic notifications for 2022<\/a><\/p>\n<p><a href=\"https:\/\/www.unmz.gov.cz\/wp-content\/uploads\/smernice-web-prispevek-2021-ke-25.11.21.docx\">Overview of Czech notifications for 2021<\/a><\/p>\n<p><a href=\"https:\/\/www.unmz.gov.cz\/wp-content\/uploads\/Prehled-notifikaci-CR-za-rok-2020_13.12.2023.docx\">Overview of Czech notifications for 2020<\/a><\/p>\n<p><a href=\"https:\/\/www.unmz.gov.cz\/wp-content\/uploads\/Prehled-notifikaci-CR-za-rok-2019_13.12.2023.docx\" target=\"_blank\" rel=\"noopener noreferrer\">Overview of\u00a0<span class=\"vyskyt\">notifications<\/span>\u00a0Czech Republic in 2019<\/a><\/p>\n<p><a href=\"https:\/\/unmz.gov.cz\/en\/files\/mezinarodni_vztahy\/98_34\/P%C5%99ehled%20notifikac%C3%AD%20%C4%8CR%20za%20rok%202018.docx\/\" target=\"_blank\" rel=\"noopener noreferrer\">Overview of\u00a0<span class=\"vyskyt\">notifications<\/span>\u00a0Czech Republic in 2018<\/a><\/p>\n<p><a href=\"https:\/\/unmz.gov.cz\/en\/files\/mezinarodni_vztahy\/98_34\/P%C5%99ehled%20notifikac%C3%AD%20%C4%8CR%20za%20rok%202017.docx\/\" target=\"_blank\" rel=\"noopener noreferrer\">Overview of\u00a0<span class=\"vyskyt\">notifications<\/span>\u00a0Czech Republic in 2017<\/a><\/p>\n<p><a href=\"https:\/\/unmz.gov.cz\/en\/files\/mezinarodni_vztahy\/98_34\/P%C5%99ehled%20notifikac%C3%AD%20%C4%8CR%20za%20rok%202016.docx\/\" target=\"_blank\" rel=\"noopener noreferrer\">Overview of\u00a0<span class=\"vyskyt\">notifications<\/span>\u00a0Czech Republic in 2016<\/a><\/p>\n<p><a href=\"https:\/\/unmz.gov.cz\/en\/files\/mezinarodni_vztahy\/98_34\/P%C5%99ehled%20notifikac%C3%AD%20%C4%8CR%20za%20rok%202015.docx\/\" target=\"_blank\" rel=\"noopener noreferrer\">Overview of\u00a0<span class=\"vyskyt\">notifications<\/span>\u00a0Czech Republic in 2015<\/a><\/p>\n<p><a href=\"https:\/\/unmz.gov.cz\/en\/files\/mezinarodni_vztahy\/98_34\/P%C5%99ehled%20notifikac%C3%AD%20%C4%8CR%20za%20rok%202014.docx\/\" target=\"_blank\" rel=\"noopener noreferrer\">Overview of\u00a0<span class=\"vyskyt\">notifications<\/span>\u00a0Czech Republic in 2014<\/a><\/p>\n<p><a href=\"https:\/\/unmz.gov.cz\/en\/files\/mezinarodni_vztahy\/98_34\/P%C5%99ehled%20notifikac%C3%AD%20%C4%8CR%20za%20rok%202013.docx\/\" target=\"_blank\" rel=\"noopener noreferrer\">Overview of\u00a0<span class=\"vyskyt\">notifications<\/span>\u00a0Czech Republic in 2013<\/a><\/p>\n<p><a href=\"https:\/\/unmz.gov.cz\/en\/files\/mezinarodni_vztahy\/98_34\/P%C5%99ehled%20notifikac%C3%AD%20%C4%8CR%20za%20rok%202012.doc\/\" target=\"_blank\" rel=\"noopener noreferrer\">Overview of\u00a0<span class=\"vyskyt\">notifications<\/span>\u00a0Czech Republic in 2012<\/a><\/p>\n<p>Please note: Links to the above reports will open in a new window as a DOC or DOCX document, or start downloading.<\/p>","protected":false},"excerpt":{"rendered":"<p>N\u00e1vrhy\u00a0technick\u00fdch\u00a0p\u0159edpis\u016f jsou k\u00a0dispozici na webov\u00e9 str\u00e1nce Evropsk\u00e9 komise v\u00a0syst\u00e9mu TRIS. Datab\u00e1ze ke sm\u011brnici 2015\/1535\/EU je p\u0159\u00edstupn\u00e1 ve\u0159ejnosti. Technick\u00e9\u00a0p\u0159edpisy jsou \u0159azeny do jednotliv\u00fdch kategori\u00ed (nap\u0159. stavebnictv\u00ed, zem\u011bd\u011blstv\u00ed, chemick\u00e9 l\u00e1tky...), co\u017e usnad\u0148uje vyhled\u00e1v\u00e1n\u00ed. Syst\u00e9m TRIS rovn\u011b\u017e nab\u00edz\u00ed mo\u017enost bezplatn\u00e9ho automatick\u00e9ho zas\u00edl\u00e1n\u00ed n\u00e1vrh\u016f\u00a0technick\u00fdch\u00a0p\u0159edpis\u016f elektronickou po\u0161tou. V\u00edce\u00a0informac\u00ed\u00a0najdete na str\u00e1nk\u00e1ch Evropsk\u00e9 komise: http:\/\/ec.europa.eu\/growth\/tools-databases\/tris\/cs\/ Ka\u017ed\u00fd \u010dlensk\u00fd st\u00e1t m\u016f\u017ee zaslat p\u0159ipom\u00ednky k\u00a0n\u00e1vrhu\u00a0technick\u00e9ho\u00a0p\u0159edpisu [&hellip;]<\/p>\n","protected":false},"author":3,"featured_media":0,"parent":311,"menu_order":0,"comment_status":"closed","ping_status":"closed","template":"","meta":{"_acf_changed":false,"_seopress_robots_primary_cat":"","_seopress_titles_title":"","_seopress_titles_desc":"","_seopress_robots_index":"","_lmt_disableupdate":"no","_lmt_disable":"","footnotes":""},"class_list":["post-323","page","type-page","status-publish","hentry"],"acf":[],"_links":{"self":[{"href":"https:\/\/unmz.gov.cz\/en\/wp-json\/wp\/v2\/pages\/323","targetHints":{"allow":["GET"]}}],"collection":[{"href":"https:\/\/unmz.gov.cz\/en\/wp-json\/wp\/v2\/pages"}],"about":[{"href":"https:\/\/unmz.gov.cz\/en\/wp-json\/wp\/v2\/types\/page"}],"author":[{"embeddable":true,"href":"https:\/\/unmz.gov.cz\/en\/wp-json\/wp\/v2\/users\/3"}],"replies":[{"embeddable":true,"href":"https:\/\/unmz.gov.cz\/en\/wp-json\/wp\/v2\/comments?post=323"}],"version-history":[{"count":5,"href":"https:\/\/unmz.gov.cz\/en\/wp-json\/wp\/v2\/pages\/323\/revisions"}],"predecessor-version":[{"id":12393,"href":"https:\/\/unmz.gov.cz\/en\/wp-json\/wp\/v2\/pages\/323\/revisions\/12393"}],"up":[{"embeddable":true,"href":"https:\/\/unmz.gov.cz\/en\/wp-json\/wp\/v2\/pages\/311"}],"wp:attachment":[{"href":"https:\/\/unmz.gov.cz\/en\/wp-json\/wp\/v2\/media?parent=323"}],"curies":[{"name":"wp","href":"https:\/\/api.w.org\/{rel}","templated":true}]}}