{"id":3345,"date":"2020-09-01T10:09:49","date_gmt":"2020-09-01T08:09:49","guid":{"rendered":"https:\/\/www.unmz.gov.cz\/?page_id=3345"},"modified":"2020-09-18T13:16:10","modified_gmt":"2020-09-18T11:16:10","slug":"certification-association-for-personal","status":"publish","type":"page","link":"https:\/\/unmz.gov.cz\/en\/statni-zkusebnictvi\/autorizovane-osoby-oznamene-subjekty\/seznam-ao-os-a-uno\/certifikacni-sdruzeni-pro-personal\/","title":{"rendered":"Certification Association for Personnel"},"content":{"rendered":"<p><strong>Certification Association for Personnel<\/strong><br \/>\n(Association for Personnel Certification)<br \/>\nV\u00da B\u011bchovice, Podnikatelsk\u00e1 545, 190 11 Praha 9<br \/>\n<a href=\"http:\/\/www.apccz.cz\">www.apccz.cz<\/a><\/p>\n<p>the activities of a recognised independent organisation under the NV:\u00a0 <strong>219\/16<\/strong> (point 3.1.3 of Annex 1)<\/p>\n<p>statutory representative: Josef Holec, Chairman of the Board of Trustees, e-mail:\u00a0<a href=\"mailto:holec@apccz.cz\">holec@apccz.cz<\/a><br \/>\nDirector: Ing. Jana Vrbov\u00e1, tel.: +420 246 061 398, +420 733 507 779, e-mail: <a href=\"mailto:vrbova@apccz.cz\">vrbova@apccz.cz<\/a><\/p>\n<p>telephone switchboard: 246 061 395<br \/>\nfax: 246 061 399<br \/>\ne-mail:\u00a0<a href=\"mailto:apc@apccz.cz\">apc@apccz.cz<\/a><\/p>\n<p>&nbsp;<\/p>\n<p>&nbsp;<\/p>","protected":false},"excerpt":{"rendered":"<p>Certifika\u010dn\u00ed sdru\u017een\u00ed pro person\u00e1l (Association for Personnel Certification) Are\u00e1l V\u00da B\u011bchovice, Podnikatelsk\u00e1 545,\u00a0190 11\u00a0 Praha 9 www.apccz.cz \u010dinnost uznan\u00e9 nez\u00e1visl\u00e9 organizace podle NV:\u00a0 219\/16 (bod 3.\u00a01.\u00a03 p\u0159\u00edlohy\u00a0\u010d.\u00a01) statut\u00e1rn\u00ed z\u00e1stupce: Josef Holec, p\u0159edseda Spr\u00e1vn\u00ed rady, e-mail:\u00a0holec@apccz.cz \u0159editelka: Ing. Jana Vrbov\u00e1, tel: +420 246 061 398, +420 733 507 779, e-mail: vrbova@apccz.cz telefon \u00fast\u0159edna: 246\u00a0061 395 fax: [&hellip;]<\/p>\n","protected":false},"author":12,"featured_media":0,"parent":3339,"menu_order":0,"comment_status":"closed","ping_status":"closed","template":"","meta":{"_acf_changed":false,"_seopress_robots_primary_cat":"","_seopress_titles_title":"","_seopress_titles_desc":"","_seopress_robots_index":"","_lmt_disableupdate":"","_lmt_disable":"","footnotes":""},"class_list":["post-3345","page","type-page","status-publish","hentry"],"acf":[],"_links":{"self":[{"href":"https:\/\/unmz.gov.cz\/en\/wp-json\/wp\/v2\/pages\/3345","targetHints":{"allow":["GET"]}}],"collection":[{"href":"https:\/\/unmz.gov.cz\/en\/wp-json\/wp\/v2\/pages"}],"about":[{"href":"https:\/\/unmz.gov.cz\/en\/wp-json\/wp\/v2\/types\/page"}],"author":[{"embeddable":true,"href":"https:\/\/unmz.gov.cz\/en\/wp-json\/wp\/v2\/users\/12"}],"replies":[{"embeddable":true,"href":"https:\/\/unmz.gov.cz\/en\/wp-json\/wp\/v2\/comments?post=3345"}],"version-history":[{"count":0,"href":"https:\/\/unmz.gov.cz\/en\/wp-json\/wp\/v2\/pages\/3345\/revisions"}],"up":[{"embeddable":true,"href":"https:\/\/unmz.gov.cz\/en\/wp-json\/wp\/v2\/pages\/3339"}],"wp:attachment":[{"href":"https:\/\/unmz.gov.cz\/en\/wp-json\/wp\/v2\/media?parent=3345"}],"curies":[{"name":"wp","href":"https:\/\/api.w.org\/{rel}","templated":true}]}}