{"id":3349,"date":"2020-09-01T10:26:32","date_gmt":"2020-09-01T08:26:32","guid":{"rendered":"https:\/\/www.unmz.gov.cz\/?page_id=3349"},"modified":"2020-09-11T13:41:15","modified_gmt":"2020-09-11T11:41:15","slug":"ceska-svarecska-spolecnost-anb","status":"publish","type":"page","link":"https:\/\/unmz.gov.cz\/en\/statni-zkusebnictvi\/autorizovane-osoby-oznamene-subjekty\/seznam-ao-os-a-uno\/ceska-svarecska-spolecnost-anb\/","title":{"rendered":"Czech Welding Society ANB"},"content":{"rendered":"<p><strong>Czech Welding Society ANB<\/strong><br \/>\n(Czech Welding Society ANB)<br \/>\nVelfl\u00edkova 4, 160 75 Prague 6<br \/>\n<a href=\"http:\/\/www.cws-anb.cz\">www.cws-anb.cz<\/a><\/p>\n<p>Identification number of the notified person -\u00a0<strong>2497<\/strong><br \/>\nthe activities of a notified body under Regulation (EU) No. <strong>305\/11<\/strong><br \/>\nthe activities of a recognised independent organisation under the NV: <strong>219\/16<\/strong> (point 3.1.2 of Annex 1)<\/p>\n<p>statutory representative: Ing. V\u00e1clav Mina\u0159\u00edk, CSc., Executive Director, tel.: 224 310 394<\/p>\n<p>telephone switchboard: 224 315 589<br \/>\nfax: 224 310 406<br \/>\ne-mail:\u00a0<a href=\"mailto:cws-anb@cws-anb.cz\">cws-anb@cws-anb.cz<\/a><\/p>\n<p>&nbsp;<\/p>","protected":false},"excerpt":{"rendered":"<p>\u010cesk\u00e1 sv\u00e1\u0159e\u010dsk\u00e1 spole\u010dnost ANB (Czech Welding Society ANB) Velfl\u00edkova 4, 160 75\u00a0 Praha 6 www.cws-anb.cz Identifika\u010dn\u00ed \u010d\u00edslo notifikovan\u00e9 osoby \u2013\u00a02497 \u010dinnost ozn\u00e1men\u00e9ho subjektu podle na\u0159\u00edzen\u00ed Evropsk\u00e9ho parlamentu a Rady (EU) \u010d. 305\/11 \u010dinnost uznan\u00e9 nez\u00e1visl\u00e9 organizace podle NV: 219\/16 (bod 3. 1. 2. p\u0159\u00edlohy \u010d. 1) statut\u00e1rn\u00ed z\u00e1stupce: Ing. V\u00e1clav Mina\u0159\u00edk, CSc., \u0159editel exekutivy, tel.: [&hellip;]<\/p>\n","protected":false},"author":12,"featured_media":0,"parent":3339,"menu_order":0,"comment_status":"closed","ping_status":"closed","template":"","meta":{"_acf_changed":false,"_seopress_robots_primary_cat":"","_seopress_titles_title":"","_seopress_titles_desc":"","_seopress_robots_index":"","_lmt_disableupdate":"","_lmt_disable":"","footnotes":""},"class_list":["post-3349","page","type-page","status-publish","hentry"],"acf":[],"_links":{"self":[{"href":"https:\/\/unmz.gov.cz\/en\/wp-json\/wp\/v2\/pages\/3349","targetHints":{"allow":["GET"]}}],"collection":[{"href":"https:\/\/unmz.gov.cz\/en\/wp-json\/wp\/v2\/pages"}],"about":[{"href":"https:\/\/unmz.gov.cz\/en\/wp-json\/wp\/v2\/types\/page"}],"author":[{"embeddable":true,"href":"https:\/\/unmz.gov.cz\/en\/wp-json\/wp\/v2\/users\/12"}],"replies":[{"embeddable":true,"href":"https:\/\/unmz.gov.cz\/en\/wp-json\/wp\/v2\/comments?post=3349"}],"version-history":[{"count":0,"href":"https:\/\/unmz.gov.cz\/en\/wp-json\/wp\/v2\/pages\/3349\/revisions"}],"up":[{"embeddable":true,"href":"https:\/\/unmz.gov.cz\/en\/wp-json\/wp\/v2\/pages\/3339"}],"wp:attachment":[{"href":"https:\/\/unmz.gov.cz\/en\/wp-json\/wp\/v2\/media?parent=3349"}],"curies":[{"name":"wp","href":"https:\/\/api.w.org\/{rel}","templated":true}]}}