{"id":340,"date":"2019-07-08T09:41:43","date_gmt":"2019-07-08T07:41:43","guid":{"rendered":"http:\/\/unmz-wp.e-bs.cz\/?page_id=340"},"modified":"2019-07-08T09:41:43","modified_gmt":"2019-07-08T07:41:43","slug":"regulation-government-c-339-2002-en-about-procedures-for-providing-information-in-the-field-of-technical-regulations-technical-documents-and-technical-benefits-2","status":"publish","type":"page","link":"https:\/\/unmz.gov.cz\/en\/mezinarodni-vztahy\/ramcove-vztahy-eu\/kontaktni-misto-98-34-r112\/narizeni-vlady-c-339-2002-sb-o-postupech-pri-poskytovani-informaci-v-oblasti-technickych-predpisu-technickych-dokumentu-a-technickych-norem\/","title":{"rendered":"Government Regulation No. 339\/2002 Coll., on procedures for providing information in the field of technical regulations, technical documents and technical standards"},"content":{"rendered":"<p align=\"left\">Please note: Links to legal texts will open in a new browser window (in the Czech language only).<\/p>\n<p><a href=\"https:\/\/unmz.gov.cz\/en\/files\/mezinarodni_vztahy\/98_34\/Na%C5%99%C3%ADzen%C3%AD_vl%C3%A1dy_339_2002.pdf\/\" target=\"_blank\" rel=\"noopener noreferrer\">GOVERNMENT REGULATION No. 339\/2002 Coll.\u00a0<\/a>(PDF; 48 kB) of 3 July 2002 on procedures for the provision of information in the field of technical regulations, technical documents and technical standards.<\/p>\n<p>GOVERNMENT REGULATION No 339\/2002 Coll. has been amended\u00a0<a href=\"https:\/\/unmz.gov.cz\/en\/files\/mezinarodni_vztahy\/98_34\/Na%C5%99%C3%ADzen%C3%AD_vl%C3%A1dy_178_2004_.pdf\/\" target=\"_blank\" rel=\"noopener noreferrer\">Government Regulation No. 178\/2004 Coll.,<\/a>\u00a0(PDF; 30 kB) (No 60 of 21.4.2004) and\u00a0<a href=\"https:\/\/www.unmz.gov.cz\/files\/mezinarodni_vztahy\/98_34\/sb0011-2014-25-2014.pdf\" target=\"_blank\" rel=\"noopener noreferrer\">Government Regulation No. 25\/2014 Coll.,<\/a>\u00a0(PDF; 277 kB) (No. 11 of 19 February 2014)<\/p>\n<p><a href=\"https:\/\/www.unmz.gov.cz\/files\/mezinarodni_vztahy\/98_34\/339_2002_cj.docx\" target=\"_blank\" rel=\"noopener noreferrer\">Consolidated working version of NV No. 339\/2002 Coll.,<\/a>\u00a0(DOCX; 155,493 kB) as amended by NV No. 178\/2004 Coll. and NV No. 25\/2014 Coll.<\/p>","protected":false},"excerpt":{"rendered":"<p>Upozorn\u011bn\u00ed: Odkazy na texty pr\u00e1vn\u00edch p\u0159edpis\u016f se otev\u00edraj\u00ed v nov\u00e9m okn\u011b prohl\u00ed\u017ee\u010de. NA\u0158\u00cdZEN\u00cd VL\u00c1DY \u010d. 339\/2002 Sb.\u00a0(PDF; 48 kB) ze dne 3. \u010dervence 2002, o\u00a0postupech p\u0159i poskytov\u00e1n\u00ed\u00a0\u00a0 informac\u00ed v\u00a0oblasti technick\u00fdch p\u0159edpis\u016f, technick\u00fdch dokument\u016f a\u00a0technick\u00fdch norem. NA\u0158\u00cdZEN\u00cd VL\u00c1DY \u010d. 339\/2002 Sb. bylo novelizov\u00e1no\u00a0na\u0159\u00edzen\u00edm vl\u00e1dy \u010d. 178\/2004 Sb.,\u00a0(PDF;\u00a030 kB) (\u010d\u00e1stka 60 ze dne 21. 4. 2004) a\u00a0na\u0159\u00edzen\u00edm [&hellip;]<\/p>\n","protected":false},"author":3,"featured_media":0,"parent":311,"menu_order":0,"comment_status":"closed","ping_status":"closed","template":"","meta":{"_acf_changed":false,"_seopress_robots_primary_cat":"","_seopress_titles_title":"","_seopress_titles_desc":"","_seopress_robots_index":"","_lmt_disableupdate":"","_lmt_disable":"","footnotes":""},"class_list":["post-340","page","type-page","status-publish","hentry"],"acf":[],"_links":{"self":[{"href":"https:\/\/unmz.gov.cz\/en\/wp-json\/wp\/v2\/pages\/340","targetHints":{"allow":["GET"]}}],"collection":[{"href":"https:\/\/unmz.gov.cz\/en\/wp-json\/wp\/v2\/pages"}],"about":[{"href":"https:\/\/unmz.gov.cz\/en\/wp-json\/wp\/v2\/types\/page"}],"author":[{"embeddable":true,"href":"https:\/\/unmz.gov.cz\/en\/wp-json\/wp\/v2\/users\/3"}],"replies":[{"embeddable":true,"href":"https:\/\/unmz.gov.cz\/en\/wp-json\/wp\/v2\/comments?post=340"}],"version-history":[{"count":0,"href":"https:\/\/unmz.gov.cz\/en\/wp-json\/wp\/v2\/pages\/340\/revisions"}],"up":[{"embeddable":true,"href":"https:\/\/unmz.gov.cz\/en\/wp-json\/wp\/v2\/pages\/311"}],"wp:attachment":[{"href":"https:\/\/unmz.gov.cz\/en\/wp-json\/wp\/v2\/media?parent=340"}],"curies":[{"name":"wp","href":"https:\/\/api.w.org\/{rel}","templated":true}]}}