{"id":3408,"date":"2020-09-11T13:51:22","date_gmt":"2020-09-11T11:51:22","guid":{"rendered":"https:\/\/www.unmz.gov.cz\/?page_id=3408"},"modified":"2021-05-11T08:53:43","modified_gmt":"2021-05-11T06:53:43","slug":"cesky-metrologicky-institut","status":"publish","type":"page","link":"https:\/\/unmz.gov.cz\/en\/statni-zkusebnictvi\/autorizovane-osoby-oznamene-subjekty\/seznam-ao-os-a-uno\/cesky-metrologicky-institut\/","title":{"rendered":"Czech Metrology Institute"},"content":{"rendered":"<p><strong>Czech Metrology Institute<\/strong><em><br \/>\n(Czech Metrology Institute)<br \/>\n<\/em>Okru\u017en\u00ed 31, 638 00 Brno<br \/>\n<u><a href=\"http:\/\/www.cmi.cz\/\">www.cmi.cz<\/a><\/u><\/p>\n<p>Identification number of the notified person -\u00a0<strong>1383<\/strong><br \/>\nthe activities of the notified body under the NV:\u00a0<strong>120\/16, 121\/16, 426\/16<\/strong><\/p>\n<p>statutory representative: doc. RNDr. Ji\u0159\u00ed Tesa\u0159 PhD., Director General, tel.: 545 555 101, e-mail: <u><a href=\"mailto:jtesar@cmi.cz\">jtesar@cmi.cz<\/a><\/u><br \/>\nRepresentative: Ing. Franti\u0161ek Stan\u011bk Ph.D., tel.: 545 555 103<\/p>\n<p>telephone switchboard: 545 555 111<br \/>\nfax: 548 523 049<br \/>\ne-mail:\u00a0<u><a href=\"mailto:cmi@cmi.cz\">cmi@cmi.cz<\/a><\/u><\/p>","protected":false},"excerpt":{"rendered":"<p>\u010cesk\u00fd metrologick\u00fd institut (Czech Metrology Institute) Okru\u017en\u00ed 31, 638 00 Brno www.cmi.cz Identifika\u010dn\u00ed \u010d\u00edslo notifikovan\u00e9 osoby \u2013\u00a01383 \u010dinnost ozn\u00e1men\u00e9ho subjektu podle NV:\u00a0120\/16, 121\/16, 426\/16 statut\u00e1rn\u00ed z\u00e1stupce: doc. RNDr. Ji\u0159\u00ed Tesa\u0159 PhD., gener\u00e1ln\u00ed \u0159editel, tel.: 545 555 101, e-mail: jtesar@cmi.cz z\u00e1stupce: Ing. Franti\u0161ek Stan\u011bk Ph.D., tel.: 545 555 103 telefon \u00fast\u0159edna: 545 555 111 fax: 548 [&hellip;]<\/p>\n","protected":false},"author":5,"featured_media":0,"parent":3339,"menu_order":0,"comment_status":"closed","ping_status":"closed","template":"","meta":{"_acf_changed":false,"_seopress_robots_primary_cat":"","_seopress_titles_title":"","_seopress_titles_desc":"","_seopress_robots_index":"","_lmt_disableupdate":"","_lmt_disable":"","footnotes":""},"class_list":["post-3408","page","type-page","status-publish","hentry"],"acf":[],"_links":{"self":[{"href":"https:\/\/unmz.gov.cz\/en\/wp-json\/wp\/v2\/pages\/3408","targetHints":{"allow":["GET"]}}],"collection":[{"href":"https:\/\/unmz.gov.cz\/en\/wp-json\/wp\/v2\/pages"}],"about":[{"href":"https:\/\/unmz.gov.cz\/en\/wp-json\/wp\/v2\/types\/page"}],"author":[{"embeddable":true,"href":"https:\/\/unmz.gov.cz\/en\/wp-json\/wp\/v2\/users\/5"}],"replies":[{"embeddable":true,"href":"https:\/\/unmz.gov.cz\/en\/wp-json\/wp\/v2\/comments?post=3408"}],"version-history":[{"count":0,"href":"https:\/\/unmz.gov.cz\/en\/wp-json\/wp\/v2\/pages\/3408\/revisions"}],"up":[{"embeddable":true,"href":"https:\/\/unmz.gov.cz\/en\/wp-json\/wp\/v2\/pages\/3339"}],"wp:attachment":[{"href":"https:\/\/unmz.gov.cz\/en\/wp-json\/wp\/v2\/media?parent=3408"}],"curies":[{"name":"wp","href":"https:\/\/api.w.org\/{rel}","templated":true}]}}