{"id":3410,"date":"2020-09-11T13:52:51","date_gmt":"2020-09-11T11:52:51","guid":{"rendered":"https:\/\/www.unmz.gov.cz\/?page_id=3410"},"modified":"2021-03-31T08:23:59","modified_gmt":"2021-03-31T06:23:59","slug":"cesky-svarecsky-ustav-s-r-o","status":"publish","type":"page","link":"https:\/\/unmz.gov.cz\/en\/statni-zkusebnictvi\/autorizovane-osoby-oznamene-subjekty\/seznam-ao-os-a-uno\/cesky-svarecsky-ustav-s-r-o\/","title":{"rendered":"Czech Welding Institute, s.r.o"},"content":{"rendered":"<p><strong>Czech Welding Institute, s.r.o\u00a0<\/strong><br \/>\n<em>(Czech Welding Institute)<\/em><br \/>\nVratimovsk\u00e1 624\/11, 718 00 Ostrava - Kun\u010di\u010dky<br \/>\n<a href=\"http:\/\/www.csuostrava.eu\/\">www.csuostrava.eu<\/a><\/p>\n<p>Identification number of the notified person -\u00a0<strong>2498<\/strong><br \/>\nthe activities of a notified body under Regulation (EU) No. <strong>305\/11<\/strong><br \/>\nthe activity of an authorised person according to the Decree <strong>358\/16<\/strong><\/p>\n<p>statutory representative: Doc. Ing. Drahom\u00edr Schwarz, CSc., Executive Director, tel. +420 606 711 168, e-mail:\u00a0<a href=\"mailto:drahomir.schwarz@csuostrava.eu\">drahomir.schwarz@csuostrava.eu<\/a><br \/>\nRepresentative: Ing. Pavel Sonnek, Ph. D., tel. +420 775 573 692, e-mail:\u00a0<a href=\"mailto:pavel.sonnek@csuostrava.eu\">pavel.sonnek@csuostrava.eu<\/a><\/p>\n<p>DS ID: sn8xkf5<\/p>","protected":false},"excerpt":{"rendered":"<p>\u010cesk\u00fd sv\u00e1\u0159e\u010dsk\u00fd \u00fastav, s.r.o\u00a0 (Czech Welding Institute) Vratimovsk\u00e1 624\/11, 718 00 Ostrava \u2013 Kun\u010di\u010dky www.csuostrava.eu Identifika\u010dn\u00ed \u010d\u00edslo notifikovan\u00e9 osoby \u2013\u00a02498 \u010dinnost ozn\u00e1men\u00e9ho subjektu podle na\u0159\u00edzen\u00ed Evropsk\u00e9ho parlamentu a Rady (EU) \u010d. 305\/11 \u010dinnost autorizovan\u00e9 osoby podle vyhl\u00e1\u0161ky 358\/16 statut\u00e1rn\u00ed z\u00e1stupce: Doc. Ing. Drahom\u00edr Schwarz, CSc., jednatel, tel. +420 606 711 168, e-mail:\u00a0drahomir.schwarz@csuostrava.eu z\u00e1stupce: Ing. Pavel [&hellip;]<\/p>\n","protected":false},"author":5,"featured_media":0,"parent":3339,"menu_order":0,"comment_status":"closed","ping_status":"closed","template":"","meta":{"_acf_changed":false,"_seopress_robots_primary_cat":"","_seopress_titles_title":"","_seopress_titles_desc":"","_seopress_robots_index":"","_lmt_disableupdate":"","_lmt_disable":"","footnotes":""},"class_list":["post-3410","page","type-page","status-publish","hentry"],"acf":[],"_links":{"self":[{"href":"https:\/\/unmz.gov.cz\/en\/wp-json\/wp\/v2\/pages\/3410","targetHints":{"allow":["GET"]}}],"collection":[{"href":"https:\/\/unmz.gov.cz\/en\/wp-json\/wp\/v2\/pages"}],"about":[{"href":"https:\/\/unmz.gov.cz\/en\/wp-json\/wp\/v2\/types\/page"}],"author":[{"embeddable":true,"href":"https:\/\/unmz.gov.cz\/en\/wp-json\/wp\/v2\/users\/5"}],"replies":[{"embeddable":true,"href":"https:\/\/unmz.gov.cz\/en\/wp-json\/wp\/v2\/comments?post=3410"}],"version-history":[{"count":0,"href":"https:\/\/unmz.gov.cz\/en\/wp-json\/wp\/v2\/pages\/3410\/revisions"}],"up":[{"embeddable":true,"href":"https:\/\/unmz.gov.cz\/en\/wp-json\/wp\/v2\/pages\/3339"}],"wp:attachment":[{"href":"https:\/\/unmz.gov.cz\/en\/wp-json\/wp\/v2\/media?parent=3410"}],"curies":[{"name":"wp","href":"https:\/\/api.w.org\/{rel}","templated":true}]}}