{"id":3412,"date":"2020-09-11T13:53:52","date_gmt":"2020-09-11T11:53:52","guid":{"rendered":"https:\/\/www.unmz.gov.cz\/?page_id=3412"},"modified":"2020-09-18T12:32:52","modified_gmt":"2020-09-18T10:32:52","slug":"cesky-office-for-testing-guns-and-shootings","status":"publish","type":"page","link":"https:\/\/unmz.gov.cz\/en\/statni-zkusebnictvi\/autorizovane-osoby-oznamene-subjekty\/seznam-ao-os-a-uno\/cesky-urad-pro-zkouseni-zbrani-a-streliva\/","title":{"rendered":"Czech Bureau for Testing of Weapons and Ammunition"},"content":{"rendered":"<p><strong>Czech Bureau for Testing of Weapons and Ammunition<\/strong><br \/>\n(Czech Proof House for Arms and Ammunition)<br \/>\nJilmov\u00e1 759\/12, 130 00 Prague 3<br \/>\n<u><a href=\"http:\/\/www.cuzzs.cz\/\">www.cuzzs.cz<\/a><\/u><\/p>\n<p>the activities of the notified body pursuant to Act No. <strong>206\/2015 Coll.<\/strong><\/p>\n<p>statutory representative: Ing. Milan Kukla, Chairman, tel.: 284 081 824, e-mail:\u00a0<u><a href=\"mailto:kukla@cuzzs.cz\">kukla@cuzzs.cz<\/a><\/u><br \/>\nRepresentative: Ing. Gabriel Ro\u010dkai, tel.: 284 081 831, e-mail:\u00a0<u><a href=\"mailto:rockai@cuzzs.cz\">rockai@cuzzs.cz<\/a><\/u><\/p>\n<p>telephone switchboard: 284 081 834<br \/>\nfax 284 081 838<br \/>\ne-mail:\u00a0<u><a href=\"mailto:podatelna@cuzzs.cz\">podatelna@cuzzs.cz<\/a><\/u><br \/>\nMailbox identifier: j2zaatn<\/p>","protected":false},"excerpt":{"rendered":"<p>\u010cesk\u00fd \u00fa\u0159ad pro zkou\u0161en\u00ed zbran\u00ed a st\u0159eliva (Czech Proof House for Arms and Ammunition) Jilmov\u00e1 759\/12, 130 00 Praha 3 www.cuzzs.cz \u010dinnost ozn\u00e1men\u00e9ho subjektu podle z\u00e1kona \u010d. 206\/2015 Sb. statut\u00e1rn\u00ed z\u00e1stupce: Ing. Milan Kukla, p\u0159edseda, tel.: 284 081 824, e-mail:\u00a0kukla@cuzzs.cz z\u00e1stupce: Ing. Gabriel Ro\u010dkai, tel.: 284 081 831, e-mail:\u00a0rockai@cuzzs.cz telefon \u00fast\u0159edna: 284 081 834 fax. [&hellip;]<\/p>\n","protected":false},"author":5,"featured_media":0,"parent":3339,"menu_order":0,"comment_status":"closed","ping_status":"closed","template":"","meta":{"_acf_changed":false,"_seopress_robots_primary_cat":"","_seopress_titles_title":"","_seopress_titles_desc":"","_seopress_robots_index":"","_lmt_disableupdate":"","_lmt_disable":"","footnotes":""},"class_list":["post-3412","page","type-page","status-publish","hentry"],"acf":[],"_links":{"self":[{"href":"https:\/\/unmz.gov.cz\/en\/wp-json\/wp\/v2\/pages\/3412","targetHints":{"allow":["GET"]}}],"collection":[{"href":"https:\/\/unmz.gov.cz\/en\/wp-json\/wp\/v2\/pages"}],"about":[{"href":"https:\/\/unmz.gov.cz\/en\/wp-json\/wp\/v2\/types\/page"}],"author":[{"embeddable":true,"href":"https:\/\/unmz.gov.cz\/en\/wp-json\/wp\/v2\/users\/5"}],"replies":[{"embeddable":true,"href":"https:\/\/unmz.gov.cz\/en\/wp-json\/wp\/v2\/comments?post=3412"}],"version-history":[{"count":0,"href":"https:\/\/unmz.gov.cz\/en\/wp-json\/wp\/v2\/pages\/3412\/revisions"}],"up":[{"embeddable":true,"href":"https:\/\/unmz.gov.cz\/en\/wp-json\/wp\/v2\/pages\/3339"}],"wp:attachment":[{"href":"https:\/\/unmz.gov.cz\/en\/wp-json\/wp\/v2\/media?parent=3412"}],"curies":[{"name":"wp","href":"https:\/\/api.w.org\/{rel}","templated":true}]}}