{"id":3414,"date":"2020-09-11T13:54:46","date_gmt":"2020-09-11T11:54:46","guid":{"rendered":"https:\/\/www.unmz.gov.cz\/?page_id=3414"},"modified":"2021-12-27T10:00:46","modified_gmt":"2021-12-27T09:00:46","slug":"house-zo-13-s-r-o","status":"publish","type":"page","link":"https:\/\/unmz.gov.cz\/en\/statni-zkusebnictvi\/autorizovane-osoby-oznamene-subjekty\/seznam-ao-os-a-uno\/dom-zo-13-s-r-o\/","title":{"rendered":"DOM-ZO 13, s.r.o."},"content":{"rendered":"<p><strong>DOM-ZO 13, s.r.o.<br \/>\n<\/strong><em>(DOM-ZO 13, s.r.o.)<\/em><strong><br \/>\n<\/strong>Litomy\u0161lsk\u00e1 560, 560 02 \u010cesk\u00e1 T\u0159ebov\u00e1<strong><br \/>\n<\/strong><u><a href=\"http:\/\/www.domzo13.cz\/\">www.domzo13.cz<\/a><\/u><\/p>\n<p>the activities of a notified body under Regulation (EU) No. <strong>305\/2011<\/strong><br \/>\nthe activities of the notified body under the NV: <strong>119\/16, 219\/16<br \/>\n<\/strong>the activities of a recognised independent organisation under the NV: <strong>219\/16 <\/strong>(points 3.1.2 and 3.1.3 of Annex 1)<\/p>\n<p>statutory representatives:<br \/>\nIng. Miloslav Musil, company director, executive director, tel. 222 364 571, mobile: 605 850 383, e-mail: <a href=\"mailto:musil@domzo13.cz\">musil@domzo13.cz<\/a><br \/>\nIveta Rehakova, Executive Director, tel. 777 204 111, e-mail: rehakova@domzo13.cz<\/p>\n<p>tel.: +420 465 531 720<br \/>\ne-mail: <a href=\"mailto:ct@domzo13.cz\">ct@domzo13.cz<\/a><\/p>","protected":false},"excerpt":{"rendered":"<p>DOM-ZO 13, s.r.o. (DOM-ZO 13, s.r.o.) Litomy\u0161lsk\u00e1 560, 560 02 \u010cesk\u00e1 T\u0159ebov\u00e1 www.domzo13.cz \u010dinnost ozn\u00e1men\u00e9ho subjektu podle na\u0159\u00edzen\u00ed Evropsk\u00e9ho parlamentu a Rady (EU) \u010d. 305\/2011 \u010dinnost ozn\u00e1men\u00e9ho subjektu podle NV: 119\/16, 219\/16 \u010dinnost uznan\u00e9 nez\u00e1zisl\u00e9 organizace podle NV: 219\/16 (bod 3. 1. 2 a 3. 1. 3 p\u0159\u00edlohy \u010d. 1) statut\u00e1rn\u00ed z\u00e1stupci: Ing. Miloslav Musil, [&hellip;]<\/p>\n","protected":false},"author":5,"featured_media":0,"parent":3339,"menu_order":0,"comment_status":"closed","ping_status":"closed","template":"","meta":{"_acf_changed":false,"_seopress_robots_primary_cat":"","_seopress_titles_title":"","_seopress_titles_desc":"","_seopress_robots_index":"","_lmt_disableupdate":"","_lmt_disable":"","footnotes":""},"class_list":["post-3414","page","type-page","status-publish","hentry"],"acf":[],"_links":{"self":[{"href":"https:\/\/unmz.gov.cz\/en\/wp-json\/wp\/v2\/pages\/3414","targetHints":{"allow":["GET"]}}],"collection":[{"href":"https:\/\/unmz.gov.cz\/en\/wp-json\/wp\/v2\/pages"}],"about":[{"href":"https:\/\/unmz.gov.cz\/en\/wp-json\/wp\/v2\/types\/page"}],"author":[{"embeddable":true,"href":"https:\/\/unmz.gov.cz\/en\/wp-json\/wp\/v2\/users\/5"}],"replies":[{"embeddable":true,"href":"https:\/\/unmz.gov.cz\/en\/wp-json\/wp\/v2\/comments?post=3414"}],"version-history":[{"count":0,"href":"https:\/\/unmz.gov.cz\/en\/wp-json\/wp\/v2\/pages\/3414\/revisions"}],"up":[{"embeddable":true,"href":"https:\/\/unmz.gov.cz\/en\/wp-json\/wp\/v2\/pages\/3339"}],"wp:attachment":[{"href":"https:\/\/unmz.gov.cz\/en\/wp-json\/wp\/v2\/media?parent=3414"}],"curies":[{"name":"wp","href":"https:\/\/api.w.org\/{rel}","templated":true}]}}