{"id":3416,"date":"2020-09-11T13:55:44","date_gmt":"2020-09-11T11:55:44","guid":{"rendered":"https:\/\/www.unmz.gov.cz\/?page_id=3416"},"modified":"2022-03-02T07:06:28","modified_gmt":"2022-03-02T06:06:28","slug":"electrotechnical-experimental-establishment-s-p","status":"publish","type":"page","link":"https:\/\/unmz.gov.cz\/en\/statni-zkusebnictvi\/autorizovane-osoby-oznamene-subjekty\/seznam-ao-os-a-uno\/elektrotechnicky-zkusebni-ustav-s-p\/","title":{"rendered":"Electrotechnical Testing Institute, s.p."},"content":{"rendered":"<p><strong>Electrotechnical Testing Institute, s.p.<\/strong><br \/>\n<em>(Electrotechnical Testing Institute, s. p.)<\/em><br \/>\nPod lisem 129, 182 00 Praha 8 - Troja, (171 02 - postal code)<br \/>\n<a href=\"http:\/\/www.ezu.cz\/\">www.ezu.cz<\/a><\/p>\n<p>Identification number of the notified person - <strong>1014<\/strong><br \/>\nthe activities of the notified body under the NV:<strong> 117\/16<\/strong><br \/>\nthe activity of a notified person under the NV: <strong>54\/15<\/strong><br \/>\nthe activities of a notified body under Regulation (EU) No.\u00a0<strong>305\/11<\/strong><br \/>\nthe activities of an authorised person under the NV: <strong>163\/02 <\/strong>(+312\/05+215\/16)<\/p>\n<p>statutory representative: Ing. Miroslav Vlas\u00e1k, Director, tel.: 266 104 343, e-mail:\u00a0<a href=\"mailto:mvlasak@ezu.cz\">mvlasak@ezu.cz<\/a><br \/>\nDeputy Director: Filip Pacan, MBA, tel.: 266 104 220 e-mail: <a href=\"mailto:mkusova@ezu.cz\">fpacan@ezu.cz<\/a><\/p>\n<p>telephone switchboard: +420 266 104 111<br \/>\nFax: +420 284 680 070<\/p>","protected":false},"excerpt":{"rendered":"<p>Elektrotechnick\u00fd zku\u0161ebn\u00ed \u00fastav, s.p. (Electrotechnical Testing Institute, s. p.) Pod lisem 129, 182 00 Praha\u00a08 \u2013 Troja, (171 02 \u2013 doru\u010d. \u010d\u00edslo PS\u010c) www.ezu.cz Identifika\u010dn\u00ed \u010d\u00edslo notifikovan\u00e9 osoby \u2013 1014 \u010dinnost ozn\u00e1men\u00e9ho subjektu podle NV: 117\/16 \u010dinnost notifikovan\u00e9 osoby podle NV: 54\/15 \u010dinnost ozn\u00e1men\u00e9ho subjektu podle na\u0159\u00edzen\u00ed Evropsk\u00e9ho parlamentu a Rady (EU) \u010d.\u00a0305\/11 \u010dinnost autorizovan\u00e9 [&hellip;]<\/p>\n","protected":false},"author":5,"featured_media":0,"parent":3339,"menu_order":0,"comment_status":"closed","ping_status":"closed","template":"","meta":{"_acf_changed":false,"_seopress_robots_primary_cat":"","_seopress_titles_title":"","_seopress_titles_desc":"","_seopress_robots_index":"","_lmt_disableupdate":"","_lmt_disable":"","footnotes":""},"class_list":["post-3416","page","type-page","status-publish","hentry"],"acf":[],"_links":{"self":[{"href":"https:\/\/unmz.gov.cz\/en\/wp-json\/wp\/v2\/pages\/3416","targetHints":{"allow":["GET"]}}],"collection":[{"href":"https:\/\/unmz.gov.cz\/en\/wp-json\/wp\/v2\/pages"}],"about":[{"href":"https:\/\/unmz.gov.cz\/en\/wp-json\/wp\/v2\/types\/page"}],"author":[{"embeddable":true,"href":"https:\/\/unmz.gov.cz\/en\/wp-json\/wp\/v2\/users\/5"}],"replies":[{"embeddable":true,"href":"https:\/\/unmz.gov.cz\/en\/wp-json\/wp\/v2\/comments?post=3416"}],"version-history":[{"count":0,"href":"https:\/\/unmz.gov.cz\/en\/wp-json\/wp\/v2\/pages\/3416\/revisions"}],"up":[{"embeddable":true,"href":"https:\/\/unmz.gov.cz\/en\/wp-json\/wp\/v2\/pages\/3339"}],"wp:attachment":[{"href":"https:\/\/unmz.gov.cz\/en\/wp-json\/wp\/v2\/media?parent=3416"}],"curies":[{"name":"wp","href":"https:\/\/api.w.org\/{rel}","templated":true}]}}