{"id":3418,"date":"2020-09-11T13:56:24","date_gmt":"2020-09-11T11:56:24","guid":{"rendered":"https:\/\/www.unmz.gov.cz\/?page_id=3418"},"modified":"2022-01-19T11:33:22","modified_gmt":"2022-01-19T10:33:22","slug":"physical-technical-experimental-establishment-s-p","status":"publish","type":"page","link":"https:\/\/unmz.gov.cz\/en\/statni-zkusebnictvi\/autorizovane-osoby-oznamene-subjekty\/seznam-ao-os-a-uno\/fyzikalne-technicky-zkusebni-ustav-s-p\/","title":{"rendered":"Physical Technical Testing Institute, s.p."},"content":{"rendered":"<p><strong>Physical Technical Testing Institute, s.p.<br \/>\n<\/strong>(<em>Physical - Technical Testing Institute)<br \/>\n<\/em>Pikartsk\u00e1 1337\/7, 716 07 Ostrava - Radvanice<br \/>\n<u><a href=\"http:\/\/www.ftzu.cz\/\">www.ftzu.cz<\/a><\/u><\/p>\n<p>Identification number of the notified person -\u00a0<strong>1026<\/strong><br \/>\nthe activities of the notified body under the NV:\u00a0<strong>116\/16<\/strong><br \/>\nthe activities of an authorised person under the NV: <strong>163\/02 <\/strong>(+312\/05+215\/16)<\/p>\n<p>statutory representative: Ing. Martin Z\u00e1mrsk\u00fd, Director<br \/>\nRepresentative: Ing. Luk\u00e1\u0161 Martin\u00e1k<\/p>\n<p>telephone switchboard: +420 595 223 111<br \/>\ne-mail:\u00a0<u><a href=\"mailto:ftzu@ftzu.cz\">ftzu@ftzu.cz<\/a><\/u><\/p>","protected":false},"excerpt":{"rendered":"<p>Fyzik\u00e1ln\u011b technick\u00fd zku\u0161ebn\u00ed \u00fastav, s.p. (Physical - Technical Testing Institute) Pikartsk\u00e1 1337\/7, 716 07 Ostrava - Radvanice www.ftzu.cz Identification number of notified person - 1026 activity of notified body according to NV: 116\/16 activity of authorised person according to NV: 163\/02 (+312\/05+215\/16) statutory representative: Ing. Martin Z\u00e1mrsk\u00fd, Director Representative: Ing. Luk\u00e1\u0161 Martin\u00e1k telephone switchboard: +420 595 223 111 e-mail: ftzu@ftzu.cz<\/p>","protected":false},"author":5,"featured_media":0,"parent":3339,"menu_order":0,"comment_status":"closed","ping_status":"closed","template":"","meta":{"_acf_changed":false,"_seopress_robots_primary_cat":"","_seopress_titles_title":"","_seopress_titles_desc":"","_seopress_robots_index":"","_lmt_disableupdate":"","_lmt_disable":"","footnotes":""},"class_list":["post-3418","page","type-page","status-publish","hentry"],"acf":[],"_links":{"self":[{"href":"https:\/\/unmz.gov.cz\/en\/wp-json\/wp\/v2\/pages\/3418","targetHints":{"allow":["GET"]}}],"collection":[{"href":"https:\/\/unmz.gov.cz\/en\/wp-json\/wp\/v2\/pages"}],"about":[{"href":"https:\/\/unmz.gov.cz\/en\/wp-json\/wp\/v2\/types\/page"}],"author":[{"embeddable":true,"href":"https:\/\/unmz.gov.cz\/en\/wp-json\/wp\/v2\/users\/5"}],"replies":[{"embeddable":true,"href":"https:\/\/unmz.gov.cz\/en\/wp-json\/wp\/v2\/comments?post=3418"}],"version-history":[{"count":0,"href":"https:\/\/unmz.gov.cz\/en\/wp-json\/wp\/v2\/pages\/3418\/revisions"}],"up":[{"embeddable":true,"href":"https:\/\/unmz.gov.cz\/en\/wp-json\/wp\/v2\/pages\/3339"}],"wp:attachment":[{"href":"https:\/\/unmz.gov.cz\/en\/wp-json\/wp\/v2\/media?parent=3418"}],"curies":[{"name":"wp","href":"https:\/\/api.w.org\/{rel}","templated":true}]}}