{"id":3420,"date":"2020-09-11T13:57:09","date_gmt":"2020-09-11T11:57:09","guid":{"rendered":"https:\/\/www.unmz.gov.cz\/?page_id=3420"},"modified":"2020-09-18T13:14:50","modified_gmt":"2020-09-18T11:14:50","slug":"heatest-s-r-o","status":"publish","type":"page","link":"https:\/\/unmz.gov.cz\/en\/statni-zkusebnictvi\/autorizovane-osoby-oznamene-subjekty\/seznam-ao-os-a-uno\/heatest-s-r-o\/","title":{"rendered":"HEATEST, s. r. o."},"content":{"rendered":"<p><strong>HEATEST, s. r. o.<\/strong><br \/>\n<em>(HEATEST)<\/em><strong><br \/>\n<\/strong>B\u00fdkev 84, 276 01 M\u011bln\u00edk<strong><br \/>\n<\/strong><u><a href=\"http:\/\/www.heatest.cz\/\">www.heatest.cz<\/a><\/u><\/p>\n<p>the activities of a notified body under Regulation (EU) No. <strong>305\/11<\/strong><\/p>\n<p>statutory representative:Ing. Tom\u00e1\u0161 Langer, Executive Director, mobile: +420 605 247 353, e-mail:\u00a0<a href=\"mailto:tomas.langer@heatest.cz\">tomas.langer@heatest.cz<\/a><\/p>\n<p>telephone switchboard: 737 284 443<br \/>\ne-mail:\u00a0<a href=\"mailto:info@heatest.cz\">info@heatest.cz<\/a><\/p>","protected":false},"excerpt":{"rendered":"<p>HEATEST, s. r. o. (HEATEST) B\u00fdkev 84, 276 01 M\u011bln\u00edk www.heatest.cz activity of the notified body according to Regulation (EU) No 305\/11 of the European Parliament and of the Council statutory representative:Ing. Tom\u00e1\u0161 Langer, Managing Director, mobile: +420 605 247 353, e-mail: tomas.langer@heatest.cz telephone switchboard: 737 284 443 e-mail: info@heatest.cz<\/p>","protected":false},"author":5,"featured_media":0,"parent":3339,"menu_order":0,"comment_status":"closed","ping_status":"closed","template":"","meta":{"_acf_changed":false,"_seopress_robots_primary_cat":"","_seopress_titles_title":"","_seopress_titles_desc":"","_seopress_robots_index":"","_lmt_disableupdate":"","_lmt_disable":"","footnotes":""},"class_list":["post-3420","page","type-page","status-publish","hentry"],"acf":[],"_links":{"self":[{"href":"https:\/\/unmz.gov.cz\/en\/wp-json\/wp\/v2\/pages\/3420","targetHints":{"allow":["GET"]}}],"collection":[{"href":"https:\/\/unmz.gov.cz\/en\/wp-json\/wp\/v2\/pages"}],"about":[{"href":"https:\/\/unmz.gov.cz\/en\/wp-json\/wp\/v2\/types\/page"}],"author":[{"embeddable":true,"href":"https:\/\/unmz.gov.cz\/en\/wp-json\/wp\/v2\/users\/5"}],"replies":[{"embeddable":true,"href":"https:\/\/unmz.gov.cz\/en\/wp-json\/wp\/v2\/comments?post=3420"}],"version-history":[{"count":0,"href":"https:\/\/unmz.gov.cz\/en\/wp-json\/wp\/v2\/pages\/3420\/revisions"}],"up":[{"embeddable":true,"href":"https:\/\/unmz.gov.cz\/en\/wp-json\/wp\/v2\/pages\/3339"}],"wp:attachment":[{"href":"https:\/\/unmz.gov.cz\/en\/wp-json\/wp\/v2\/media?parent=3420"}],"curies":[{"name":"wp","href":"https:\/\/api.w.org\/{rel}","templated":true}]}}