{"id":3422,"date":"2020-09-11T13:58:56","date_gmt":"2020-09-11T11:58:56","guid":{"rendered":"https:\/\/www.unmz.gov.cz\/?page_id=3422"},"modified":"2021-07-05T09:05:41","modified_gmt":"2021-07-05T07:05:41","slug":"ikates-s-r-o","status":"publish","type":"page","link":"https:\/\/unmz.gov.cz\/en\/statni-zkusebnictvi\/autorizovane-osoby-oznamene-subjekty\/seznam-ao-os-a-uno\/ikates-s-r-o\/","title":{"rendered":"IKATES, s.r.o."},"content":{"rendered":"<p><strong>IKATES, s.r.o.<\/strong><em><br \/>\n(IKATES, s. r. o.)<\/em><br \/>\nTolst\u00e9ho 186, 415 03 Teplice<u><br \/>\n<a href=\"http:\/\/www.ikates.cz\/\">http:\/\/www.ikates.cz\/<\/a><br \/>\n<\/u><\/p>\n<p>Identification number of the notified person -\u00a0<strong>1394<\/strong><br \/>\nthe activities of a notified body under Regulation (EU) No.\u00a0<strong>305\/11<\/strong><br \/>\nthe activities of an authorised person under the NV: <strong>163\/02 <\/strong>(+312\/05+215\/16)<\/p>\n<p>statutory representative: Ing. Lubom\u00edr Hnili\u010dka, Managing Director<br \/>\nRepresentative: Ing. Ji\u0159\u00ed Str\u00e1nsk\u00fd,<br \/>\ne-mail:\u00a0<u><a href=\"mailto:ao225@volny.cz\">ao225@volny.cz<\/a><\/u><\/p>\n<p>telephone switchboard: 417 503 093<br \/>\nfax: 417 502 825<br \/>\ne-mail:\u00a0<u><a href=\"mailto:ikates@volny.cz\">ikates@volny.cz<\/a><\/u><\/p>","protected":false},"excerpt":{"rendered":"<p>IKATES, s.r.o. (IKATES, s. r. o.) Tolst\u00e9ho 186, 415 03 Teplice http:\/\/www.ikates.cz\/ Identifika\u010dn\u00ed \u010d\u00edslo notifikovan\u00e9 osoby \u2013\u00a01394 \u010dinnost ozn\u00e1men\u00e9ho subjektu podle na\u0159\u00edzen\u00ed Evropsk\u00e9ho parlamentu a Rady (EU) \u010d.\u00a0305\/11 \u010dinnost autorizovan\u00e9 osoby podle NV: 163\/02 (+312\/05+215\/16) statut\u00e1rn\u00ed z\u00e1stupce: Ing. Lubom\u00edr Hnili\u010dka, jednatel z\u00e1stupce: Ing. Ji\u0159\u00ed Str\u00e1nsk\u00fd, e-mail:\u00a0ao225@volny.cz telefon \u00fast\u0159edna: 417 503 093 fax: 417 502 825 [&hellip;]<\/p>\n","protected":false},"author":5,"featured_media":0,"parent":3339,"menu_order":0,"comment_status":"closed","ping_status":"closed","template":"","meta":{"_acf_changed":false,"_seopress_robots_primary_cat":"","_seopress_titles_title":"","_seopress_titles_desc":"","_seopress_robots_index":"","_lmt_disableupdate":"","_lmt_disable":"","footnotes":""},"class_list":["post-3422","page","type-page","status-publish","hentry"],"acf":[],"_links":{"self":[{"href":"https:\/\/unmz.gov.cz\/en\/wp-json\/wp\/v2\/pages\/3422","targetHints":{"allow":["GET"]}}],"collection":[{"href":"https:\/\/unmz.gov.cz\/en\/wp-json\/wp\/v2\/pages"}],"about":[{"href":"https:\/\/unmz.gov.cz\/en\/wp-json\/wp\/v2\/types\/page"}],"author":[{"embeddable":true,"href":"https:\/\/unmz.gov.cz\/en\/wp-json\/wp\/v2\/users\/5"}],"replies":[{"embeddable":true,"href":"https:\/\/unmz.gov.cz\/en\/wp-json\/wp\/v2\/comments?post=3422"}],"version-history":[{"count":0,"href":"https:\/\/unmz.gov.cz\/en\/wp-json\/wp\/v2\/pages\/3422\/revisions"}],"up":[{"embeddable":true,"href":"https:\/\/unmz.gov.cz\/en\/wp-json\/wp\/v2\/pages\/3339"}],"wp:attachment":[{"href":"https:\/\/unmz.gov.cz\/en\/wp-json\/wp\/v2\/media?parent=3422"}],"curies":[{"name":"wp","href":"https:\/\/api.w.org\/{rel}","templated":true}]}}