{"id":3424,"date":"2020-09-11T13:59:55","date_gmt":"2020-09-11T11:59:55","guid":{"rendered":"https:\/\/www.unmz.gov.cz\/?page_id=3424"},"modified":"2021-07-19T14:21:40","modified_gmt":"2021-07-19T12:21:40","slug":"institute-for-testing-and-certification-a-s","status":"publish","type":"page","link":"https:\/\/unmz.gov.cz\/en\/statni-zkusebnictvi\/autorizovane-osoby-oznamene-subjekty\/seznam-ao-os-a-uno\/institut-pro-testovani-a-certifikaci-a-s\/","title":{"rendered":"Institute for Testing and Certification, a.s."},"content":{"rendered":"<p><strong>Institute for Testing and Certification, a.s.<\/strong><br \/>\n(<em>Institute for Testing and Certification, Inc.)<br \/>\n<\/em>Tom\u00e1\u0161 Bati 299, Louky, 763 02 Zl\u00edn<br \/>\nWorkplace Prague: Zelen\u00fd pruh 99\/1560, 140 02 Praha 4 - Bran\u00edk<br \/>\n<u><a href=\"http:\/\/www.itczlin.cz\/\">www.itczlin.cz<\/a><\/u><\/p>\n<p>Identification number of the notified person -\u00a0<strong>1023<\/strong><br \/>\nthe activities of the notified body under the NV:\u00a0<strong>117\/16, 219\/16<\/strong><br \/>\nthe activity of a notified person under the NV:<strong> 54\/15, 56\/15, 86\/11 <\/strong>(+24\/13+339\/13+151\/15+97\/17+86\/18+222\/19)<br \/>\nthe activities of a notified body under Regulation (EU) No.\u00a0<strong>305\/11, \u010d. 425\/16<\/strong><br \/>\nthe activities of an authorised person under the NV: <strong>173\/97 <\/strong>(+174\/98+78\/99+323\/00+329\/02+88\/10+450\/16),<strong> 163\/02 <\/strong>(+312\/05+215\/16)<\/p>\n<p>statutory representative: Ing. Ji\u0159\u00ed He\u0161, Chairman of the Board of Directors, tel.: +420 296 374 703, fax: +420 296 374 772, e-mail: <u><a href=\"mailto:hes@itczlin.cz\">hes@itczlin.cz<\/a><\/u><br \/>\nDirector General: Mgr. Ji\u0159\u00ed He\u0161, tel.: +420 572 779 912, e-mail: <u><a href=\"mailto:director@itczlin.cz\">director@itczlin.cz<\/a><\/u><br \/>\nRepresentative: Ing. Pavel Van\u011bk, tel.: +420 572 779 914<\/p>\n<p>telephone switchboard: +420 572 779 922<br \/>\ne-mail: <u><a href=\"mailto:itc@itczlin.cz\">itc@itczlin.cz<\/a><\/u><\/p>\n<p><strong>ITC, CSI Division - Centre for Civil Engineering<br \/>\n<\/strong>Pra\u017esk\u00e1 16, 102 21 Prague 10 - Hostiva\u0159<u><br \/>\n<a href=\"http:\/\/www.csias.cz\/\">www.csias.cz<\/a><\/u><\/p>\n<p>Identification number of the notified person -\u00a0<strong>1390<\/strong><br \/>\nthe activities of a notified body under Regulation (EU) No.\u00a0<strong>305\/11<\/strong><br \/>\nthe activities of an authorised person under the NV: <strong>163\/02 <\/strong>(+312\/05+215\/16)<\/p>\n<p>statutory representative: Ing. Miloslav \u010cern\u00fd, Chairman of the Board of Directors, tel.: 296 374 703,<br \/>\nMgr. Ji\u0159\u00ed He\u0161, CEO, tel. 557 601 613, 557 104 855, e-mail:\u00a0<a href=\"mailto:director@itczlin.cz\">director@itczlin.cz<\/a><br \/>\nRepresentative: Ing. Vlastimil Ku\u010dera, PhD., tel.: 281 017 401, e-mail:\u00a0<a href=\"mailto:v.kucera@csias.cz\">v.kucera@csias.cz<\/a><\/p>\n<p>telephone switchboard: 281 017 111<\/p>","protected":false},"excerpt":{"rendered":"<p>Institut pro testov\u00e1n\u00ed a certifikaci, a.s. (Institute for Testing and Certification, Inc.) t\u0159\u00edda Tom\u00e1\u0161e Bati 299, Louky, 763 02 Zl\u00edn Pracovi\u0161t\u011b Praha: Zelen\u00fd pruh 99\/1560, 140 02 Praha 4 \u2013 Bran\u00edk www.itczlin.cz Identifika\u010dn\u00ed \u010d\u00edslo notifikovan\u00e9 osoby \u2013\u00a01023 \u010dinnost ozn\u00e1men\u00e9ho subjektu podle NV:\u00a0117\/16, 219\/16 \u010dinnost notifikovan\u00e9 osoby podle NV: 54\/15, 56\/15, 86\/11 (+24\/13+339\/13+151\/15+97\/17+86\/18+222\/19) \u010dinnost ozn\u00e1men\u00e9ho subjektu [&hellip;]<\/p>\n","protected":false},"author":5,"featured_media":0,"parent":3339,"menu_order":0,"comment_status":"closed","ping_status":"closed","template":"","meta":{"_acf_changed":false,"_seopress_robots_primary_cat":"","_seopress_titles_title":"","_seopress_titles_desc":"","_seopress_robots_index":"","_lmt_disableupdate":"","_lmt_disable":"","footnotes":""},"class_list":["post-3424","page","type-page","status-publish","hentry"],"acf":[],"_links":{"self":[{"href":"https:\/\/unmz.gov.cz\/en\/wp-json\/wp\/v2\/pages\/3424","targetHints":{"allow":["GET"]}}],"collection":[{"href":"https:\/\/unmz.gov.cz\/en\/wp-json\/wp\/v2\/pages"}],"about":[{"href":"https:\/\/unmz.gov.cz\/en\/wp-json\/wp\/v2\/types\/page"}],"author":[{"embeddable":true,"href":"https:\/\/unmz.gov.cz\/en\/wp-json\/wp\/v2\/users\/5"}],"replies":[{"embeddable":true,"href":"https:\/\/unmz.gov.cz\/en\/wp-json\/wp\/v2\/comments?post=3424"}],"version-history":[{"count":0,"href":"https:\/\/unmz.gov.cz\/en\/wp-json\/wp\/v2\/pages\/3424\/revisions"}],"up":[{"embeddable":true,"href":"https:\/\/unmz.gov.cz\/en\/wp-json\/wp\/v2\/pages\/3339"}],"wp:attachment":[{"href":"https:\/\/unmz.gov.cz\/en\/wp-json\/wp\/v2\/media?parent=3424"}],"curies":[{"name":"wp","href":"https:\/\/api.w.org\/{rel}","templated":true}]}}