{"id":3438,"date":"2020-09-11T14:05:32","date_gmt":"2020-09-11T12:05:32","guid":{"rendered":"https:\/\/www.unmz.gov.cz\/?page_id=3438"},"modified":"2021-10-14T08:17:16","modified_gmt":"2021-10-14T06:17:16","slug":"ll-c-certification-czech-republic-a-s","status":"publish","type":"page","link":"https:\/\/unmz.gov.cz\/en\/statni-zkusebnictvi\/autorizovane-osoby-oznamene-subjekty\/seznam-ao-os-a-uno\/ll-c-certification-czech-republic-a-s\/","title":{"rendered":"LL-C (Certification) Czech Republic a.s."},"content":{"rendered":"<p><strong>LL-C (Certification) Czech Republic a.s<\/strong>.<br \/>\n<em>(LL-C (Certification) Czech Republic a. s.)<\/em><br \/>\nPob\u0159e\u017en\u00ed 620\/3, 18600 Prague 8 - Karl\u00edn<br \/>\n<a href=\"http:\/\/www.ll-c.cz\/\">www.ll-c.cz<\/a><\/p>\n<p>Identification number of the notified body -\u00a0<strong>2435<\/strong><br \/>\nthe activity of a notified person under the NV:<strong> 176\/08 <\/strong>(+170\/11+229\/12+320\/17)<br \/>\nthe activities of the notified body under the NV: <strong>219\/16, 119\/16<\/strong><br \/>\nthe activities of a notified body under Regulation (EU) No.<strong> 305\/11<\/strong><\/p>\n<p>statutory representative: Ing. Luk\u00e1\u0161 Holub, statutory director, tel. 274778240, mobile: 777 937 097<br \/>\nRepresentative: Ing. Luk\u00e1\u0161 Turza, tel.: 222 315 220, mobile: 777 900 594, e-mail:\u00a0<a href=\"mailto:lukas.turza@ll-c.cz\">lukas.turza@ll-c.cz<\/a><\/p>\n<p>telephone switchboard: 274 778 240<br \/>\ne-mail:\u00a0<a href=\"mailto:office@ll-c.cz\">office@ll-c.cz<\/a><br \/>\nfax: 222 315 345<\/p>","protected":false},"excerpt":{"rendered":"<p>LL-C (Certification) Czech Republic a.s. (LL-C (Certification) Czech Republic a. s.) Pob\u0159e\u017en\u00ed 620\/3, 18600 Praha 8 \u2013 Karl\u00edn www.ll-c.cz Identifika\u010dn\u00ed \u010d\u00edslo ozn\u00e1men\u00e9ho subjektu \u2013\u00a02435 \u010dinnost notifikovan\u00e9 osoby podle NV: 176\/08 (+170\/11+229\/12+320\/17) \u010dinnost ozn\u00e1men\u00e9ho subjektu podle NV: 219\/16, 119\/16 \u010dinnost ozn\u00e1men\u00e9ho subjektu\u00a0podle na\u0159\u00edzen\u00ed Evropsk\u00e9ho parlamentu a Rady (EU) \u010d. 305\/11 statut\u00e1rn\u00ed z\u00e1stupce: Ing. Luk\u00e1\u0161 Holub, statut\u00e1rn\u00ed [&hellip;]<\/p>\n","protected":false},"author":5,"featured_media":0,"parent":3339,"menu_order":0,"comment_status":"closed","ping_status":"closed","template":"","meta":{"_acf_changed":false,"_seopress_robots_primary_cat":"","_seopress_titles_title":"","_seopress_titles_desc":"","_seopress_robots_index":"","_lmt_disableupdate":"","_lmt_disable":"","footnotes":""},"class_list":["post-3438","page","type-page","status-publish","hentry"],"acf":[],"_links":{"self":[{"href":"https:\/\/unmz.gov.cz\/en\/wp-json\/wp\/v2\/pages\/3438","targetHints":{"allow":["GET"]}}],"collection":[{"href":"https:\/\/unmz.gov.cz\/en\/wp-json\/wp\/v2\/pages"}],"about":[{"href":"https:\/\/unmz.gov.cz\/en\/wp-json\/wp\/v2\/types\/page"}],"author":[{"embeddable":true,"href":"https:\/\/unmz.gov.cz\/en\/wp-json\/wp\/v2\/users\/5"}],"replies":[{"embeddable":true,"href":"https:\/\/unmz.gov.cz\/en\/wp-json\/wp\/v2\/comments?post=3438"}],"version-history":[{"count":0,"href":"https:\/\/unmz.gov.cz\/en\/wp-json\/wp\/v2\/pages\/3438\/revisions"}],"up":[{"embeddable":true,"href":"https:\/\/unmz.gov.cz\/en\/wp-json\/wp\/v2\/pages\/3339"}],"wp:attachment":[{"href":"https:\/\/unmz.gov.cz\/en\/wp-json\/wp\/v2\/media?parent=3438"}],"curies":[{"name":"wp","href":"https:\/\/api.w.org\/{rel}","templated":true}]}}