{"id":3442,"date":"2020-09-11T14:07:33","date_gmt":"2020-09-11T12:07:33","guid":{"rendered":"https:\/\/www.unmz.gov.cz\/?page_id=3442"},"modified":"2022-04-29T09:05:13","modified_gmt":"2022-04-29T07:05:13","slug":"ministry-of-interior-general-directorate-of-the-hazardous-protection-corps-of-the-czech-republic-technical-establishment-of-fire-protection-mv","status":"publish","type":"page","link":"https:\/\/unmz.gov.cz\/en\/statni-zkusebnictvi\/autorizovane-osoby-oznamene-subjekty\/seznam-ao-os-a-uno\/ministerstvo-vnitra-generalni-reditelstvi-hasicskeho-zachranneho-sboru-ceske-republiky-technicky-ustav-pozarni-ochrany-mv\/","title":{"rendered":"Ministry of the Interior, General Directorate of the Fire Rescue Service of the Czech Republic, Technical Institute of Fire Protection of the Ministry of the Interior"},"content":{"rendered":"<p><strong>Ministry of the Interior, General Directorate of the Fire Rescue Service of the Czech Republic, Technical Institute of Fire Protection of the Ministry of the Interior<\/strong><em><br \/>\n(Ministry of Interior - Fire Technical Institute)<\/em><br \/>\nP\u00edskov\u00e1 42, 143 01 Prague 4 - Mod\u0159any<br \/>\n<a href=\"http:\/\/www.hzscr.cz\/utvary-mv-generalniho-reditelstvi-hzs-cr-technicky-ustav-pozarni-ochrany.aspx\">http:\/\/www.hzscr.cz\/utvary-mv-generalniho-reditelstvi-hzs-cr-technicky-ustav-pozarni-ochrany.aspx<\/a><\/p>\n<p>Identification number of the notified person -\u00a0<strong>1022<\/strong><em><br \/>\n<\/em>the activities of a notified body under Regulation (EU) No.\u00a0<strong>305\/11<\/strong><br \/>\nthe activities of an authorised person under the NV: <strong>173\/97 <\/strong>(+174\/98+78\/99+323\/00+329\/02+88\/10+450\/16),<strong> 163\/02 <\/strong>(+312\/05+215\/16)<\/p>\n<p>statutory representative: genmjr. Ing. Vladim\u00edr Vl\u010dek, Ph.D., MBA, Director General, tel.: +420 950 819 230<em><br \/>\n<\/em>representative for the AO activities: Ing. Ond\u0159ej Such\u00fd, PhD., tel.: 950 810 102<br \/>\nHead of the department of authorized performance: Ing. Vladislav Straka, tel. 950 810 117<\/p>\n<p>telephone switchboard: 950 810 111<br \/>\nfax: 241 762 698,<br \/>\ne-mail:\u00a0<a href=\"mailto:tupo@tupo.izscr.cz\">tupo@tupo.izscr.cz<\/a><\/p>","protected":false},"excerpt":{"rendered":"<p>Ministerstvo vnitra, gener\u00e1ln\u00ed \u0159editelstv\u00ed Hasi\u010dsk\u00e9ho z\u00e1chrann\u00e9ho sboru \u010cesk\u00e9 republiky, Technick\u00fd \u00fastav po\u017e\u00e1rn\u00ed ochrany MV (Ministry of Interior \u2013 Fire Technical Institute) P\u00edskov\u00e1 42, 143 01 Praha 4 \u2013 Mod\u0159any http:\/\/www.hzscr.cz\/utvary-mv-generalniho-reditelstvi-hzs-cr-technicky-ustav-pozarni-ochrany.aspx Identifika\u010dn\u00ed \u010d\u00edslo notifikovan\u00e9 osoby \u2013\u00a01022 \u010dinnost ozn\u00e1men\u00e9ho subjektu podle na\u0159\u00edzen\u00ed Evropsk\u00e9ho parlamentu a Rady (EU) \u010d.\u00a0305\/11 \u010dinnost autorizovan\u00e9 osoby podle NV: 173\/97 (+174\/98+78\/99+323\/00+329\/02+88\/10+450\/16), 163\/02 (+312\/05+215\/16) [&hellip;]<\/p>\n","protected":false},"author":5,"featured_media":0,"parent":3339,"menu_order":0,"comment_status":"closed","ping_status":"closed","template":"","meta":{"_acf_changed":false,"_seopress_robots_primary_cat":"","_seopress_titles_title":"","_seopress_titles_desc":"","_seopress_robots_index":"","_lmt_disableupdate":"","_lmt_disable":"","footnotes":""},"class_list":["post-3442","page","type-page","status-publish","hentry"],"acf":[],"_links":{"self":[{"href":"https:\/\/unmz.gov.cz\/en\/wp-json\/wp\/v2\/pages\/3442","targetHints":{"allow":["GET"]}}],"collection":[{"href":"https:\/\/unmz.gov.cz\/en\/wp-json\/wp\/v2\/pages"}],"about":[{"href":"https:\/\/unmz.gov.cz\/en\/wp-json\/wp\/v2\/types\/page"}],"author":[{"embeddable":true,"href":"https:\/\/unmz.gov.cz\/en\/wp-json\/wp\/v2\/users\/5"}],"replies":[{"embeddable":true,"href":"https:\/\/unmz.gov.cz\/en\/wp-json\/wp\/v2\/comments?post=3442"}],"version-history":[{"count":0,"href":"https:\/\/unmz.gov.cz\/en\/wp-json\/wp\/v2\/pages\/3442\/revisions"}],"up":[{"embeddable":true,"href":"https:\/\/unmz.gov.cz\/en\/wp-json\/wp\/v2\/pages\/3339"}],"wp:attachment":[{"href":"https:\/\/unmz.gov.cz\/en\/wp-json\/wp\/v2\/media?parent=3442"}],"curies":[{"name":"wp","href":"https:\/\/api.w.org\/{rel}","templated":true}]}}